{"id":11003,"date":"2019-09-12T07:38:19","date_gmt":"2019-09-12T05:38:19","guid":{"rendered":"https:\/\/test.yetanotherstarsrating.com\/?page_id=11003"},"modified":"2023-09-06T12:03:09","modified_gmt":"2023-09-06T10:03:09","slug":"faq","status":"publish","type":"page","link":"https:\/\/yetanotherstarsrating.com\/de\/faq\/","title":{"rendered":"Faq"},"content":{"rendered":"<div data-elementor-type=\"wp-page\" data-elementor-id=\"11003\" class=\"elementor elementor-11003\" data-elementor-post-type=\"page\">\n\t\t\t\t\t\t<section class=\"elementor-section elementor-top-section elementor-element elementor-element-e5d01f4 elementor-section-boxed elementor-section-height-default elementor-section-height-default\" data-id=\"e5d01f4\" data-element_type=\"section\">\n\t\t\t\t\t\t<div class=\"elementor-container elementor-column-gap-default\">\n\t\t\t\t\t<div class=\"elementor-column elementor-col-100 elementor-top-column elementor-element elementor-element-8f6d9c7\" data-id=\"8f6d9c7\" data-element_type=\"column\">\n\t\t\t<div class=\"elementor-widget-wrap elementor-element-populated\">\n\t\t\t\t\t\t<section class=\"elementor-section elementor-inner-section elementor-element elementor-element-2f4210f elementor-section-boxed elementor-section-height-default elementor-section-height-default\" data-id=\"2f4210f\" data-element_type=\"section\" data-settings=\"{&quot;background_background&quot;:&quot;classic&quot;}\">\n\t\t\t\t\t\t<div class=\"elementor-container elementor-column-gap-default\">\n\t\t\t\t\t<div class=\"elementor-column elementor-col-100 elementor-inner-column elementor-element elementor-element-407e292\" data-id=\"407e292\" data-element_type=\"column\">\n\t\t\t<div class=\"elementor-widget-wrap elementor-element-populated\">\n\t\t\t\t\t\t<div class=\"elementor-element elementor-element-5fca3f6 elementor-widget elementor-widget-heading\" data-id=\"5fca3f6\" data-element_type=\"widget\" data-widget_type=\"heading.default\">\n\t\t\t\t<div class=\"elementor-widget-container\">\n\t\t\t<style>\/*! elementor - v3.20.0 - 20-03-2024 *\/\n.elementor-heading-title{padding:0;margin:0;line-height:1}.elementor-widget-heading .elementor-heading-title[class*=elementor-size-]>a{color:inherit;font-size:inherit;line-height:inherit}.elementor-widget-heading .elementor-heading-title.elementor-size-small{font-size:15px}.elementor-widget-heading .elementor-heading-title.elementor-size-medium{font-size:19px}.elementor-widget-heading .elementor-heading-title.elementor-size-large{font-size:29px}.elementor-widget-heading .elementor-heading-title.elementor-size-xl{font-size:39px}.elementor-widget-heading .elementor-heading-title.elementor-size-xxl{font-size:59px}<\/style><h2 class=\"elementor-heading-title elementor-size-default\">Was ist eine Gesamtbewertung?<\/h2>\t\t<\/div>\n\t\t\t\t<\/div>\n\t\t\t\t<div class=\"elementor-element elementor-element-1fac1d6 elementor-widget elementor-widget-text-editor\" data-id=\"1fac1d6\" data-element_type=\"widget\" data-widget_type=\"text-editor.default\">\n\t\t\t\t<div class=\"elementor-widget-container\">\n\t\t\t<style>\/*! elementor - v3.20.0 - 20-03-2024 *\/\n.elementor-widget-text-editor.elementor-drop-cap-view-stacked .elementor-drop-cap{background-color:#69727d;color:#fff}.elementor-widget-text-editor.elementor-drop-cap-view-framed .elementor-drop-cap{color:#69727d;border:3px solid;background-color:transparent}.elementor-widget-text-editor:not(.elementor-drop-cap-view-default) .elementor-drop-cap{margin-top:8px}.elementor-widget-text-editor:not(.elementor-drop-cap-view-default) .elementor-drop-cap-letter{width:1em;height:1em}.elementor-widget-text-editor .elementor-drop-cap{float:left;text-align:center;line-height:1;font-size:50px}.elementor-widget-text-editor .elementor-drop-cap-letter{display:inline-block}<\/style>\t\t\t\t<p>Es handelt sich um das Votum des Verfassers der Bewertung: Die Leser k\u00f6nnen dieses Votum im Nur-Lese-Modus sehen.<br \/>Wenn Sie mit dem klassischen Editor eine Seite oder einen Beitrag erstellen oder aktualisieren, wird in der oberen rechten Ecke ein Feld (Metabox) angezeigt, in dem Sie<br \/>die Gesamtbewertung einf\u00fcgen k\u00f6nnen.<br \/>Mit dem neuen Guteneberg-Editor klicken Sie einfach auf das \"+\"-Symbol, um einen Block hinzuzuf\u00fcgen, und suchen Sie nach Yasr Overall Rating.<br \/>Sie k\u00f6nnen die Gesamtbewertung entweder automatisch am Anfang oder am Ende eines Beitrags platzieren (siehe unter \"Einstellungen\"<br \/>-&gt; \"Noch eine Sterne-Bewertung: Einstellungen\") oder an einer beliebigen Stelle auf der Seite mit dem folgenden Shortcode (der einfach \u00fcber den visuellen Editor hinzugef\u00fcgt werden kann).<\/p><p><\/p>\t\t\t\t\t\t<\/div>\n\t\t\t\t<\/div>\n\t\t\t\t<div class=\"elementor-element elementor-element-45ac2d8 elementor-widget elementor-widget-heading\" data-id=\"45ac2d8\" data-element_type=\"widget\" data-widget_type=\"heading.default\">\n\t\t\t\t<div class=\"elementor-widget-container\">\n\t\t\t<h2 class=\"elementor-heading-title elementor-size-default\">[yasr_overall_rating]<\/h2>\t\t<\/div>\n\t\t\t\t<\/div>\n\t\t\t\t\t<\/div>\n\t\t<\/div>\n\t\t\t\t\t<\/div>\n\t\t<\/section>\n\t\t\t\t<section class=\"elementor-section elementor-inner-section elementor-element elementor-element-0b45b2e elementor-section-boxed elementor-section-height-default elementor-section-height-default\" data-id=\"0b45b2e\" data-element_type=\"section\" data-settings=\"{&quot;background_background&quot;:&quot;classic&quot;}\">\n\t\t\t\t\t\t<div class=\"elementor-container elementor-column-gap-default\">\n\t\t\t\t\t<div class=\"elementor-column elementor-col-100 elementor-inner-column elementor-element elementor-element-6f839ff\" data-id=\"6f839ff\" data-element_type=\"column\">\n\t\t\t<div class=\"elementor-widget-wrap elementor-element-populated\">\n\t\t\t\t\t\t<div class=\"elementor-element elementor-element-ae32819 elementor-widget elementor-widget-heading\" data-id=\"ae32819\" data-element_type=\"widget\" data-widget_type=\"heading.default\">\n\t\t\t\t<div class=\"elementor-widget-container\">\n\t\t\t<h2 class=\"elementor-heading-title elementor-size-default\">Was ist eine Besucherbewertung?<\/h2>\t\t<\/div>\n\t\t\t\t<\/div>\n\t\t\t\t<div class=\"elementor-element elementor-element-5fd0573 elementor-widget elementor-widget-text-editor\" data-id=\"5fd0573\" data-element_type=\"widget\" data-widget_type=\"text-editor.default\">\n\t\t\t\t<div class=\"elementor-widget-container\">\n\t\t\t\t\t\t\t<p>Es ist die Abstimmung, mit der Ihre Besucher abstimmen k\u00f6nnen: F\u00fcgen Sie diesen Shortcode einfach an der Stelle ein, an der die Sterne erscheinen sollen.<\/p><p><strong><\/strong><\/p>\t\t\t\t\t\t<\/div>\n\t\t\t\t<\/div>\n\t\t\t\t<div class=\"elementor-element elementor-element-fc80001 elementor-widget elementor-widget-heading\" data-id=\"fc80001\" data-element_type=\"widget\" data-widget_type=\"heading.default\">\n\t\t\t\t<div class=\"elementor-widget-container\">\n\t\t\t<h2 class=\"elementor-heading-title elementor-size-default\">[yasr_visitor_votes]<\/h2>\t\t<\/div>\n\t\t\t\t<\/div>\n\t\t\t\t\t<\/div>\n\t\t<\/div>\n\t\t\t\t\t<\/div>\n\t\t<\/section>\n\t\t\t\t<section class=\"elementor-section elementor-inner-section elementor-element elementor-element-41d5b21 elementor-section-boxed elementor-section-height-default elementor-section-height-default\" data-id=\"41d5b21\" data-element_type=\"section\" data-settings=\"{&quot;background_background&quot;:&quot;classic&quot;}\">\n\t\t\t\t\t\t<div class=\"elementor-container elementor-column-gap-default\">\n\t\t\t\t\t<div class=\"elementor-column elementor-col-100 elementor-inner-column elementor-element elementor-element-163bb89\" data-id=\"163bb89\" data-element_type=\"column\">\n\t\t\t<div class=\"elementor-widget-wrap elementor-element-populated\">\n\t\t\t\t\t\t<div class=\"elementor-element elementor-element-df6f4f1 elementor-widget elementor-widget-heading\" data-id=\"df6f4f1\" data-element_type=\"widget\" data-widget_type=\"heading.default\">\n\t\t\t\t<div class=\"elementor-widget-container\">\n\t\t\t<h2 class=\"elementor-heading-title elementor-size-default\">Was ist Multi Set?<\/h2>\t\t<\/div>\n\t\t\t\t<\/div>\n\t\t\t\t<div class=\"elementor-element elementor-element-88b9c48 elementor-widget elementor-widget-text-editor\" data-id=\"88b9c48\" data-element_type=\"widget\" data-widget_type=\"text-editor.default\">\n\t\t\t\t<div class=\"elementor-widget-container\">\n\t\t\t\t\t\t\t<p>Dies ist die Funktion, die YASR so gro\u00dfartig macht. Multisets bieten die M\u00f6glichkeit, verschiedene Aspekte f\u00fcr jede Bewertung zu bewerten: Wenn Sie beispielsweise ein Videospiel bewerten, k\u00f6nnen Sie die Aspekte \"Grafik\", \"Gameplay\", \"Story\" usw. erstellen und f\u00fcr jeden eine Stimme abgeben. Um ein Set zu erstellen, gehen Sie einfach auf \"Einstellungen\" -&gt; \"Noch eine Sternebewertung: Einstellungen\" und klicken Sie auf die Registerkarte \"Multi-Sets\". Um sie in einen Beitrag einzuf\u00fcgen, f\u00fcgen Sie einfach den Shortcode ein, den YASR f\u00fcr Sie erstellt.<\/p><p><a href=\"https:\/\/yasr-45661b.ingress-alpha.ewp.live\/yasr-multi-sets\/\">Demo<\/a><\/p>\t\t\t\t\t\t<\/div>\n\t\t\t\t<\/div>\n\t\t\t\t<div class=\"elementor-element elementor-element-bf5bb7d elementor-widget elementor-widget-heading\" data-id=\"bf5bb7d\" data-element_type=\"widget\" data-widget_type=\"heading.default\">\n\t\t\t\t<div class=\"elementor-widget-container\">\n\t\t\t<h2 class=\"elementor-heading-title elementor-size-default\">[yasr_multiset setid=X]<\/h2>\t\t<\/div>\n\t\t\t\t<\/div>\n\t\t\t\t\t<\/div>\n\t\t<\/div>\n\t\t\t\t\t<\/div>\n\t\t<\/section>\n\t\t\t\t<section class=\"elementor-section elementor-inner-section elementor-element elementor-element-75c5014 elementor-section-boxed elementor-section-height-default elementor-section-height-default\" data-id=\"75c5014\" data-element_type=\"section\" data-settings=\"{&quot;background_background&quot;:&quot;classic&quot;}\">\n\t\t\t\t\t\t<div class=\"elementor-container elementor-column-gap-default\">\n\t\t\t\t\t<div class=\"elementor-column elementor-col-100 elementor-inner-column elementor-element elementor-element-29815f0\" data-id=\"29815f0\" data-element_type=\"column\">\n\t\t\t<div class=\"elementor-widget-wrap elementor-element-populated\">\n\t\t\t\t\t\t<div class=\"elementor-element elementor-element-4aadfa2 elementor-widget elementor-widget-heading\" data-id=\"4aadfa2\" data-element_type=\"widget\" data-widget_type=\"heading.default\">\n\t\t\t\t<div class=\"elementor-widget-container\">\n\t\t\t<h2 class=\"elementor-heading-title elementor-size-default\">Was ist Ranking Reviews?<\/h2>\t\t<\/div>\n\t\t\t\t<\/div>\n\t\t\t\t<div class=\"elementor-element elementor-element-a921df9 elementor-widget elementor-widget-text-editor\" data-id=\"a921df9\" data-element_type=\"widget\" data-widget_type=\"text-editor.default\">\n\t\t\t\t<div class=\"elementor-widget-container\">\n\t\t\t\t\t\t\t<p>Es handelt sich um die Tabelle der 10 am h\u00f6chsten bewerteten Artikel nach Bewertern. Um sie in einen Beitrag oder eine Seite einzuf\u00fcgen, f\u00fcgen Sie einfach diesen Shortcode ein\u00a0<\/p><p><a href=\"https:\/\/yasr-45661b.ingress-alpha.ewp.live\/yasr-rankings\/\">Demo<\/a><\/p>\t\t\t\t\t\t<\/div>\n\t\t\t\t<\/div>\n\t\t\t\t<div class=\"elementor-element elementor-element-3c7c7bb elementor-widget elementor-widget-heading\" data-id=\"3c7c7bb\" data-element_type=\"widget\" data-widget_type=\"heading.default\">\n\t\t\t\t<div class=\"elementor-widget-container\">\n\t\t\t<h2 class=\"elementor-heading-title elementor-size-default\">[yasr_top_ten_highest_rated]<\/h2>\t\t<\/div>\n\t\t\t\t<\/div>\n\t\t\t\t\t<\/div>\n\t\t<\/div>\n\t\t\t\t\t<\/div>\n\t\t<\/section>\n\t\t\t\t<section class=\"elementor-section elementor-inner-section elementor-element elementor-element-f109dba elementor-section-boxed elementor-section-height-default elementor-section-height-default\" data-id=\"f109dba\" data-element_type=\"section\" data-settings=\"{&quot;background_background&quot;:&quot;classic&quot;}\">\n\t\t\t\t\t\t<div class=\"elementor-container elementor-column-gap-default\">\n\t\t\t\t\t<div class=\"elementor-column elementor-col-100 elementor-inner-column elementor-element elementor-element-26b99b6\" data-id=\"26b99b6\" data-element_type=\"column\">\n\t\t\t<div class=\"elementor-widget-wrap elementor-element-populated\">\n\t\t\t\t\t\t<div class=\"elementor-element elementor-element-bc1ed2d elementor-widget elementor-widget-heading\" data-id=\"bc1ed2d\" data-element_type=\"widget\" data-widget_type=\"heading.default\">\n\t\t\t\t<div class=\"elementor-widget-container\">\n\t\t\t<h2 class=\"elementor-heading-title elementor-size-default\">Was ist das Ranking der Nutzer?<\/h2>\t\t<\/div>\n\t\t\t\t<\/div>\n\t\t\t\t<div class=\"elementor-element elementor-element-28873b6 elementor-widget elementor-widget-text-editor\" data-id=\"28873b6\" data-element_type=\"widget\" data-widget_type=\"text-editor.default\">\n\t\t\t\t<div class=\"elementor-widget-container\">\n\t\t\t\t\t\t\t<p>Dies sind 2 Diagramme in 1. Dieses Diagramm zeigt sowohl die am besten bewerteten Beitr\u00e4ge\/Seiten als auch die am h\u00f6chsten bewerteten Beitr\u00e4ge\/Seiten.<br \/>Damit ein Artikel in dieser Tabelle erscheint, muss er mindestens zweimal bewertet worden sein.<br \/>F\u00fcgen Sie diesen Shortcode ein, damit er an der gew\u00fcnschten Stelle erscheint\u00a0<\/p><p><a href=\"https:\/\/yasr-45661b.ingress-alpha.ewp.live\/yasr-rankings\/#users-rank\">Demo<\/a><\/p>\t\t\t\t\t\t<\/div>\n\t\t\t\t<\/div>\n\t\t\t\t<div class=\"elementor-element elementor-element-5191bf8 elementor-widget elementor-widget-heading\" data-id=\"5191bf8\" data-element_type=\"widget\" data-widget_type=\"heading.default\">\n\t\t\t\t<div class=\"elementor-widget-container\">\n\t\t\t<h2 class=\"elementor-heading-title elementor-size-default\">[yasr1TP6Die meisten_or1TP6Die meisten_rated_posts]<\/h2>\t\t<\/div>\n\t\t\t\t<\/div>\n\t\t\t\t\t<\/div>\n\t\t<\/div>\n\t\t\t\t\t<\/div>\n\t\t<\/section>\n\t\t\t\t<section class=\"elementor-section elementor-inner-section elementor-element elementor-element-7c62838 elementor-section-boxed elementor-section-height-default elementor-section-height-default\" data-id=\"7c62838\" data-element_type=\"section\" data-settings=\"{&quot;background_background&quot;:&quot;classic&quot;}\">\n\t\t\t\t\t\t<div class=\"elementor-container elementor-column-gap-default\">\n\t\t\t\t\t<div class=\"elementor-column elementor-col-100 elementor-inner-column elementor-element elementor-element-6727aac\" data-id=\"6727aac\" data-element_type=\"column\">\n\t\t\t<div class=\"elementor-widget-wrap elementor-element-populated\">\n\t\t\t\t\t\t<div class=\"elementor-element elementor-element-ad0e356 elementor-widget elementor-widget-heading\" data-id=\"ad0e356\" data-element_type=\"widget\" data-widget_type=\"heading.default\">\n\t\t\t\t<div class=\"elementor-widget-container\">\n\t\t\t<h2 class=\"elementor-heading-title elementor-size-default\">Was sind die meisten aktiven Rezensenten?<\/h2>\t\t<\/div>\n\t\t\t\t<\/div>\n\t\t\t\t<div class=\"elementor-element elementor-element-d69b023 elementor-widget elementor-widget-text-editor\" data-id=\"d69b023\" data-element_type=\"widget\" data-widget_type=\"text-editor.default\">\n\t\t\t\t<div class=\"elementor-widget-container\">\n\t\t\t\t\t\t\t<p>Wenn auf Ihrer Website mehr als 1 Person Bewertungen schreibt, zeigt diese Tabelle die 5 aktivsten Rezensenten an. Shortcode ist\u00a0<\/p><p><a href=\"https:\/\/yasr-45661b.ingress-alpha.ewp.live\/yasr-rankings\/#most-active-rew\">Demo<\/a><\/p>\t\t\t\t\t\t<\/div>\n\t\t\t\t<\/div>\n\t\t\t\t<div class=\"elementor-element elementor-element-ca85296 elementor-widget elementor-widget-heading\" data-id=\"ca85296\" data-element_type=\"widget\" data-widget_type=\"heading.default\">\n\t\t\t\t<div class=\"elementor-widget-container\">\n\t\t\t<h2 class=\"elementor-heading-title elementor-size-default\">[yasr_top_5_reviewers]\n<\/h2>\t\t<\/div>\n\t\t\t\t<\/div>\n\t\t\t\t\t<\/div>\n\t\t<\/div>\n\t\t\t\t\t<\/div>\n\t\t<\/section>\n\t\t\t\t<section class=\"elementor-section elementor-inner-section elementor-element elementor-element-3f5d62b elementor-section-boxed elementor-section-height-default elementor-section-height-default\" data-id=\"3f5d62b\" data-element_type=\"section\" data-settings=\"{&quot;background_background&quot;:&quot;classic&quot;}\">\n\t\t\t\t\t\t<div class=\"elementor-container elementor-column-gap-default\">\n\t\t\t\t\t<div class=\"elementor-column elementor-col-100 elementor-inner-column elementor-element elementor-element-60fdc91\" data-id=\"60fdc91\" data-element_type=\"column\">\n\t\t\t<div class=\"elementor-widget-wrap elementor-element-populated\">\n\t\t\t\t\t\t<div class=\"elementor-element elementor-element-c5d63b3 elementor-widget elementor-widget-heading\" data-id=\"c5d63b3\" data-element_type=\"widget\" data-widget_type=\"heading.default\">\n\t\t\t\t<div class=\"elementor-widget-container\">\n\t\t\t<h2 class=\"elementor-heading-title elementor-size-default\">Warum sehe ich keine Sterne bei Google?<\/h2>\t\t<\/div>\n\t\t\t\t<\/div>\n\t\t\t\t<div class=\"elementor-element elementor-element-069def4 elementor-widget elementor-widget-text-editor\" data-id=\"069def4\" data-element_type=\"widget\" data-widget_type=\"text-editor.default\">\n\t\t\t\t<div class=\"elementor-widget-container\">\n\t\t\t\t\t\t\t<p>Bitte stellen Sie sicher, dass Sie, wenn Sie haupts\u00e4chlich die \"<strong>yasr_Besucher_Stimmen<\/strong>\"Shortcode, m\u00fcssen Sie die Option \"<strong>Aggregierte Bewertung<\/strong>\" auf die Frage \"Welches Rich Snippet m\u00f6chten Sie verwenden?\" in den Allgemeinen Einstellungen.<br \/>Wenn Ihre Website stattdessen haupts\u00e4chlich die \"<strong>yasr_gesamte_bewertung<\/strong>\"Shortcode m\u00fcssen Sie \"Review Rating\" ausw\u00e4hlen.<br \/>Google wird einige Tage brauchen, um die Sterne zu indizieren.<br \/>Sie k\u00f6nnen das [Structured Data Testing Tool] (https:\/\/search.google.com\/structured-data\/testing-tool\/u\/0\/) verwenden, um Ihre Seite zu validieren.<br \/>Wenn Sie alles richtig eingestellt haben, werden Ihre Sterne in 99% der F\u00e4lle innerhalb einer Woche erscheinen.<br \/>Wenn nicht, wird empfohlen, in einem SEO-orientierten Forum zu fragen.<\/p>\t\t\t\t\t\t<\/div>\n\t\t\t\t<\/div>\n\t\t\t\t\t<\/div>\n\t\t<\/div>\n\t\t\t\t\t<\/div>\n\t\t<\/section>\n\t\t\t\t<section class=\"elementor-section elementor-inner-section elementor-element elementor-element-e3fe6b3 elementor-section-boxed elementor-section-height-default elementor-section-height-default\" data-id=\"e3fe6b3\" data-element_type=\"section\">\n\t\t\t\t\t\t<div class=\"elementor-container elementor-column-gap-default\">\n\t\t\t\t\t<div class=\"elementor-column elementor-col-100 elementor-inner-column elementor-element elementor-element-754af21\" data-id=\"754af21\" data-element_type=\"column\">\n\t\t\t<div class=\"elementor-widget-wrap elementor-element-populated\">\n\t\t\t\t\t\t<div class=\"elementor-element elementor-element-0bab476 elementor-widget elementor-widget-text-editor\" data-id=\"0bab476\" data-element_type=\"widget\" data-widget_type=\"text-editor.default\">\n\t\t\t\t<div class=\"elementor-widget-container\">\n\t\t\t\t\t\t\t\t\t\t\t\t\t<\/div>\n\t\t\t\t<\/div>\n\t\t\t\t\t<\/div>\n\t\t<\/div>\n\t\t\t\t\t<\/div>\n\t\t<\/section>\n\t\t\t\t\t<\/div>\n\t\t<\/div>\n\t\t\t\t\t<\/div>\n\t\t<\/section>\n\t\t\t\t<\/div>","protected":false},"excerpt":{"rendered":"<p>Was ist die Gesamtbewertung? Wenn Sie mit dem klassischen Editor eine Seite oder einen Beitrag erstellen oder aktualisieren, wird in der oberen rechten Ecke ein Feld (Metabox) angezeigt, in das Sie die Gesamtbewertung einf\u00fcgen k\u00f6nnen [...]<\/p>","protected":false},"author":797,"featured_media":0,"parent":0,"menu_order":0,"comment_status":"closed","ping_status":"closed","template":"","meta":{"inline_featured_image":false,"site-sidebar-layout":"no-sidebar","site-content-layout":"","ast-site-content-layout":"full-width-container","site-content-style":"default","site-sidebar-style":"default","ast-global-header-display":"","ast-banner-title-visibility":"","ast-main-header-display":"","ast-hfb-above-header-display":"","ast-hfb-below-header-display":"","ast-hfb-mobile-header-display":"","site-post-title":"disabled","ast-breadcrumbs-content":"","ast-featured-img":"disabled","footer-sml-layout":"","theme-transparent-header-meta":"default","adv-header-id-meta":"","stick-header-meta":"","header-above-stick-meta":"","header-main-stick-meta":"","header-below-stick-meta":"","astra-migrate-meta-layouts":"set","ast-page-background-enabled":"default","ast-page-background-meta":{"desktop":{"background-color":"var(--ast-global-color-4)","background-image":"","background-repeat":"repeat","background-position":"center center","background-size":"auto","background-attachment":"scroll","background-type":"","background-media":"","overlay-type":"","overlay-color":"","overlay-gradient":""},"tablet":{"background-color":"","background-image":"","background-repeat":"repeat","background-position":"center center","background-size":"auto","background-attachment":"scroll","background-type":"","background-media":"","overlay-type":"","overlay-color":"","overlay-gradient":""},"mobile":{"background-color":"","background-image":"","background-repeat":"repeat","background-position":"center center","background-size":"auto","background-attachment":"scroll","background-type":"","background-media":"","overlay-type":"","overlay-color":"","overlay-gradient":""}},"ast-content-background-meta":{"desktop":{"background-color":"var(--ast-global-color-5)","background-image":"","background-repeat":"repeat","background-position":"center center","background-size":"auto","background-attachment":"scroll","background-type":"","background-media":"","overlay-type":"","overlay-color":"","overlay-gradient":""},"tablet":{"background-color":"var(--ast-global-color-5)","background-image":"","background-repeat":"repeat","background-position":"center center","background-size":"auto","background-attachment":"scroll","background-type":"","background-media":"","overlay-type":"","overlay-color":"","overlay-gradient":""},"mobile":{"background-color":"var(--ast-global-color-5)","background-image":"","background-repeat":"repeat","background-position":"center center","background-size":"auto","background-attachment":"scroll","background-type":"","background-media":"","overlay-type":"","overlay-color":"","overlay-gradient":""}},"yasr_overall_rating":0,"yasr_post_is_review":"","yasr_auto_insert_disabled":"","yasr_review_type":"","yasr_pro_reviews_in_comment_enabled":0,"footnotes":""},"yasr_visitor_votes":{"stars_attributes":{"read_only":false,"span_bottom":false},"number_of_votes":18,"sum_votes":74},"_links":{"self":[{"href":"https:\/\/yetanotherstarsrating.com\/de\/wp-json\/wp\/v2\/pages\/11003"}],"collection":[{"href":"https:\/\/yetanotherstarsrating.com\/de\/wp-json\/wp\/v2\/pages"}],"about":[{"href":"https:\/\/yetanotherstarsrating.com\/de\/wp-json\/wp\/v2\/types\/page"}],"author":[{"embeddable":true,"href":"https:\/\/yetanotherstarsrating.com\/de\/wp-json\/wp\/v2\/users\/797"}],"replies":[{"embeddable":true,"href":"https:\/\/yetanotherstarsrating.com\/de\/wp-json\/wp\/v2\/comments?post=11003"}],"version-history":[{"count":33,"href":"https:\/\/yetanotherstarsrating.com\/de\/wp-json\/wp\/v2\/pages\/11003\/revisions"}],"predecessor-version":[{"id":13543,"href":"https:\/\/yetanotherstarsrating.com\/de\/wp-json\/wp\/v2\/pages\/11003\/revisions\/13543"}],"wp:attachment":[{"href":"https:\/\/yetanotherstarsrating.com\/de\/wp-json\/wp\/v2\/media?parent=11003"}],"curies":[{"name":"wp","href":"https:\/\/api.w.org\/{rel}","templated":true}]}}