{"id":11667,"date":"2020-07-30T10:48:27","date_gmt":"2020-07-30T08:48:27","guid":{"rendered":"https:\/\/test.yetanotherstarsrating.com\/?page_id=11667"},"modified":"2023-09-07T16:23:00","modified_gmt":"2023-09-07T14:23:00","slug":"yasr_fake_ratings","status":"publish","type":"page","link":"https:\/\/yetanotherstarsrating.com\/de\/yasr_fake_ratings\/","title":{"rendered":"Yasr Fake Bewertungen"},"content":{"rendered":"<h2 class=\"wp-block-heading\">Ihre Beitr\u00e4ge erhalten nicht genug Bewertungen? <span style=\"color: #FF8F00;\">Kein Problem!<\/span><\/h2>\n\n\n\n<p>Du hast Stunden damit verbracht, tolle Inhalte f\u00fcr deine Website zu schreiben, aber du bekommst nur wenige Bewertungen f\u00fcr deine Beitr\u00e4ge...schade!<\/p>\n\n\n\n<p>Mit <a href=\"https:\/\/yetanotherstarsrating.com\/de\/#yasr-pro\"><u>Yasr Pro<\/u><\/a> Sie k\u00f6nnen Ihren Beitr\u00e4gen und Seiten ganz einfach so viele Bewertungen hinzuf\u00fcgen, wie Sie m\u00f6chten!<\/p>\n\n\n\n<h2 class=\"wp-block-heading\" style=\"margin-top:var(--wp--preset--spacing--80);margin-bottom:var(--wp--preset--spacing--80)\"> Funktioniert sowohl bei  <span style=\"color: #FF8F00;\">Gutenberg<\/span> und  <span style=\"color: #FF8F00;\">Klassischer Editor!<\/span><\/h2>\n\n\n\n<figure class=\"wp-block-gallery has-nested-images columns-2 is-cropped wp-block-gallery-1 is-layout-flex wp-block-gallery-is-layout-flex\" style=\"padding-top:0;padding-right:0;padding-bottom:0;padding-left:0\">\n<figure class=\"wp-block-image size-large\"><a href=\"https:\/\/yetanotherstarsrating.com\/wp-content\/uploads\/2020\/07\/fake_rating_guten_editor_res_2.png\"><img fetchpriority=\"high\" decoding=\"async\" width=\"1024\" height=\"730\" data-id=\"11705\" src=\"https:\/\/yetanotherstarsrating.com\/wp-content\/uploads\/2020\/07\/fake_rating_guten_editor_res_2-1024x730.png\" alt=\"\" class=\"wp-image-11705\" srcset=\"https:\/\/yetanotherstarsrating.com\/wp-content\/uploads\/2020\/07\/fake_rating_guten_editor_res_2-1024x730.png 1024w, https:\/\/yetanotherstarsrating.com\/wp-content\/uploads\/2020\/07\/fake_rating_guten_editor_res_2-300x214.png 300w, https:\/\/yetanotherstarsrating.com\/wp-content\/uploads\/2020\/07\/fake_rating_guten_editor_res_2-768x547.png 768w, https:\/\/yetanotherstarsrating.com\/wp-content\/uploads\/2020\/07\/fake_rating_guten_editor_res_2.png 1144w\" sizes=\"(max-width: 1024px) 100vw, 1024px\" \/><\/a><\/figure>\n\n\n\n<figure class=\"wp-block-image size-full\"><a href=\"https:\/\/yetanotherstarsrating.com\/wp-content\/uploads\/2020\/07\/fake_rating_classic_editor_res_2.png\"><img decoding=\"async\" width=\"970\" height=\"693\" data-id=\"11704\" src=\"https:\/\/yetanotherstarsrating.com\/wp-content\/uploads\/2020\/07\/fake_rating_classic_editor_res_2.png\" alt=\"\" class=\"wp-image-11704\" style=\"object-fit:cover\" srcset=\"https:\/\/yetanotherstarsrating.com\/wp-content\/uploads\/2020\/07\/fake_rating_classic_editor_res_2.png 970w, https:\/\/yetanotherstarsrating.com\/wp-content\/uploads\/2020\/07\/fake_rating_classic_editor_res_2-300x214.png 300w, https:\/\/yetanotherstarsrating.com\/wp-content\/uploads\/2020\/07\/fake_rating_classic_editor_res_2-768x549.png 768w\" sizes=\"(max-width: 970px) 100vw, 970px\" \/><\/a><\/figure>\n<\/figure>","protected":false},"excerpt":{"rendered":"<p>Ihre Beitr\u00e4ge erhalten nicht genug Bewertungen? Kein Problem! Sie haben Stunden damit verbracht, gro\u00dfartige Inhalte f\u00fcr Ihre Website zu schreiben, aber Sie bekommen nur wenige Bewertungen f\u00fcr Ihre Beitr\u00e4ge...wie schade! Mit Yasr Pro k\u00f6nnen Sie Ihren Beitr\u00e4gen und Seiten so viele Bewertungen hinzuf\u00fcgen, wie Sie m\u00f6chten - ganz einfach! Funktioniert sowohl mit Gutenberg als auch mit dem klassischen Editor!<\/p>","protected":false},"author":797,"featured_media":0,"parent":0,"menu_order":0,"comment_status":"open","ping_status":"closed","template":"","meta":{"inline_featured_image":false,"site-sidebar-layout":"default","site-content-layout":"","ast-site-content-layout":"","site-content-style":"default","site-sidebar-style":"default","ast-global-header-display":"","ast-banner-title-visibility":"","ast-main-header-display":"","ast-hfb-above-header-display":"","ast-hfb-below-header-display":"","ast-hfb-mobile-header-display":"","site-post-title":"","ast-breadcrumbs-content":"","ast-featured-img":"","footer-sml-layout":"","theme-transparent-header-meta":"","adv-header-id-meta":"","stick-header-meta":"","header-above-stick-meta":"","header-main-stick-meta":"","header-below-stick-meta":"","astra-migrate-meta-layouts":"default","ast-page-background-enabled":"default","ast-page-background-meta":{"desktop":{"background-color":"var(--ast-global-color-4)","background-image":"","background-repeat":"repeat","background-position":"center center","background-size":"auto","background-attachment":"scroll","background-type":"","background-media":"","overlay-type":"","overlay-color":"","overlay-gradient":""},"tablet":{"background-color":"","background-image":"","background-repeat":"repeat","background-position":"center center","background-size":"auto","background-attachment":"scroll","background-type":"","background-media":"","overlay-type":"","overlay-color":"","overlay-gradient":""},"mobile":{"background-color":"","background-image":"","background-repeat":"repeat","background-position":"center center","background-size":"auto","background-attachment":"scroll","background-type":"","background-media":"","overlay-type":"","overlay-color":"","overlay-gradient":""}},"ast-content-background-meta":{"desktop":{"background-color":"var(--ast-global-color-5)","background-image":"","background-repeat":"repeat","background-position":"center center","background-size":"auto","background-attachment":"scroll","background-type":"","background-media":"","overlay-type":"","overlay-color":"","overlay-gradient":""},"tablet":{"background-color":"var(--ast-global-color-5)","background-image":"","background-repeat":"repeat","background-position":"center center","background-size":"auto","background-attachment":"scroll","background-type":"","background-media":"","overlay-type":"","overlay-color":"","overlay-gradient":""},"mobile":{"background-color":"var(--ast-global-color-5)","background-image":"","background-repeat":"repeat","background-position":"center center","background-size":"auto","background-attachment":"scroll","background-type":"","background-media":"","overlay-type":"","overlay-color":"","overlay-gradient":""}},"yasr_overall_rating":0,"yasr_post_is_review":"","yasr_auto_insert_disabled":"","yasr_review_type":"","yasr_pro_reviews_in_comment_enabled":0,"footnotes":""},"yasr_visitor_votes":{"stars_attributes":{"read_only":false,"span_bottom":false},"number_of_votes":0,"sum_votes":0},"_links":{"self":[{"href":"https:\/\/yetanotherstarsrating.com\/de\/wp-json\/wp\/v2\/pages\/11667"}],"collection":[{"href":"https:\/\/yetanotherstarsrating.com\/de\/wp-json\/wp\/v2\/pages"}],"about":[{"href":"https:\/\/yetanotherstarsrating.com\/de\/wp-json\/wp\/v2\/types\/page"}],"author":[{"embeddable":true,"href":"https:\/\/yetanotherstarsrating.com\/de\/wp-json\/wp\/v2\/users\/797"}],"replies":[{"embeddable":true,"href":"https:\/\/yetanotherstarsrating.com\/de\/wp-json\/wp\/v2\/comments?post=11667"}],"version-history":[{"count":35,"href":"https:\/\/yetanotherstarsrating.com\/de\/wp-json\/wp\/v2\/pages\/11667\/revisions"}],"predecessor-version":[{"id":13662,"href":"https:\/\/yetanotherstarsrating.com\/de\/wp-json\/wp\/v2\/pages\/11667\/revisions\/13662"}],"wp:attachment":[{"href":"https:\/\/yetanotherstarsrating.com\/de\/wp-json\/wp\/v2\/media?parent=11667"}],"curies":[{"name":"wp","href":"https:\/\/api.w.org\/{rel}","templated":true}]}}