{"id":11737,"date":"2020-08-31T21:45:58","date_gmt":"2020-08-31T19:45:58","guid":{"rendered":"https:\/\/test.yetanotherstarsrating.com\/?page_id=11737"},"modified":"2023-09-07T16:22:06","modified_gmt":"2023-09-07T14:22:06","slug":"terms-and-contions","status":"publish","type":"page","link":"https:\/\/yetanotherstarsrating.com\/de\/bedingungen-und-konditionen\/","title":{"rendered":"Bedingungen und Konditionen"},"content":{"rendered":"<p>Unsere Website (die \"Website\" - https:\/\/yetanotherstarsratings.com) gew\u00e4hrt Ihnen eine nicht-exklusive, eingeschr\u00e4nkte Lizenz zur Nutzung des Yet Another Stars Rating Plugins (das \"Plugin\") und aller anwendbaren Add-Ons f\u00fcr Yet Another Stars Rating, die \u00fcber die Website verkauft werden. Diese Seite wird von der PARETO Digital GmbH &amp; Co. KG (der \"Eigent\u00fcmer\"), und mit dem Kauf des Plugins erkl\u00e4ren Sie sich damit einverstanden, die Allgemeinen Gesch\u00e4ftsbedingungen (die \"Lizenz\") unseres Unternehmens zu beachten und einzuhalten.<\/p>\n\n\n\n<p><strong>1. Plugin-Lizenzierung<\/strong><\/p>\n\n\n\n<p>Yet Another Stars Rating ist lizenziert unter der GNU general public\nLizenz (http:\/\/www.gnu.org\/licenses\/gpl.html) Version 2.0 oder h\u00f6her lizenziert.<\/p>\n\n\n\n<p>Unsere Website (die \"Website\" - https:\/\/yetanotherstarsratings.com) gew\u00e4hrt Ihnen eine nicht-exklusive, eingeschr\u00e4nkte Lizenz zur Nutzung des Yet Another Stars Rating Plugins (das \"Plugin\") und aller anwendbaren Add-ons f\u00fcr Yet Another Stars Rating, die \u00fcber die Website verkauft werden. Diese Website wird durch den Eigent\u00fcmer geregelt, und durch den Kauf des Plugins erkl\u00e4ren Sie sich damit einverstanden, die Allgemeinen Gesch\u00e4ftsbedingungen (die \"Lizenz\") unseres Unternehmens einzuhalten.<\/p>\n\n\n\n<p><strong>2. Garantie<\/strong><\/p>\n\n\n\n<p>Plugins, die vom Eigent\u00fcmer verkauft und verteilt werden, werden in der Hoffnung verkauft, dass sie n\u00fctzlich sind, aber OHNE JEGLICHE GARANTIE; sogar ohne die stillschweigende Garantie der MARKTREIFE oder der EIGNUNG F\u00dcR EINEN BESTIMMTEN ZWECK.<\/p>\n\n\n\n<p>Insofern funktioniert WordPress bei einer sauberen Installation korrekt,<br>Dennoch\n Another Stars Rating funktioniert garantiert mit einer sauberen Installation von\nder minimalen, stabilen und f\u00fcr das Plugin erforderlichen Version von WordPress.\nDa die Anzahl und Vielfalt der Plugins sehr gro\u00df ist, k\u00f6nnen wir nicht\nnicht garantieren, dass das Plugin mit allen Plugins von Drittanbietern funktioniert,\nThemes oder Browsern jeglicher Art funktioniert. Wir halten nicht und werden nicht gehalten werden\nf\u00fcr Konflikte oder Kompatibilit\u00e4tsprobleme verantwortlich, die aufgrund von\n Software von Drittanbietern auftreten k\u00f6nnen. Wir \u00fcbernehmen keine Verantwortung f\u00fcr eventuelle Datenverluste als\n die durch die Installation oder Verwendung des Plugins entstanden sind. Sollte es zu Konflikten mit\n Software von Drittanbietern auftreten, k\u00f6nnen wir nach eigenem Ermessen Unterst\u00fctzung anbieten.<\/p>\n\n\n\n<p><strong>3. Unterst\u00fctzung<\/strong><\/p>\n\n\n\n<p>Der Eigent\u00fcmer verkauft und vertreibt Yet Another Stars Rating und andere Plugins \"wie sie sind\" und ohne implizite Bedeutung, dass sie genau so funktionieren, wie Sie es w\u00fcnschen oder mit allen Komponenten und Plugins von Drittanbietern kompatibel sind.<\/p>\n\n\n\n<p>Support f\u00fcr Plugins, die vom Eigent\u00fcmer verkauft und vertrieben werden, ist nur f\u00fcr diejenigen verf\u00fcgbar, die eine aktive, bezahlte Support-Lizenz haben.<\/p>\n\n\n\n<p>Support und Updates werden f\u00fcr ein Jahr nach dem urspr\u00fcnglichen Kauf gew\u00e4hrt.\nbasierend auf der von Ihnen erworbenen Lizenz. Nach Ablauf eines Jahres\n muss der K\u00e4ufer seine Lizenz erneuern, um weiterhin Support und\num weiterhin Support und Updates f\u00fcr die gekauften Produkte zu erhalten.<\/p>\n\n\n\n<p>Der \"Support\" f\u00fcr Yet Another Stars Rating wird so lange geleistet, wie Yet Another Stars Rating aktiv in der Entwicklung ist. Sollte einer der folgenden F\u00e4lle eintreten, ist der Eigent\u00fcmer nicht mehr f\u00fcr die Bereitstellung von Support f\u00fcr Yet Another Stars Rating verantwortlich:<\/p>\n\n\n\n<ol>\n<li>Yet Another Stars Rating wird vom Eigent\u00fcmer nicht mehr aktiv als lebensf\u00e4higes Produkt entwickelt.<\/li>\n\n\n\n<li>Ein weiteres Sterne-Rating oder die Muttergesellschaft wird von einem anderen Unternehmen gekauft oder aufgekauft.<\/li>\n\n\n\n<li>WordPress wird nicht mehr aktiv weiterentwickelt.<\/li>\n<\/ol>\n\n\n\n<p>Obwohl wir versuchen, den bestm\u00f6glichen Support f\u00fcr unsere\nPlugins zu bieten, k\u00f6nnen wir nicht garantieren, dass eine bestimmte Supportanfrage\nso beantwortet werden kann oder wird, dass der Anfragende vollst\u00e4ndig zufrieden ist.\nzufrieden ist.<\/p>\n\n\n\n<p><strong>4. Inhaber von Lizenzen<\/strong><\/p>\n\n\n\n<p>Nur ein Lizenzinhaber ist berechtigt, Support anzufordern oder auf\nSupport-Ressourcen. Wenn eine andere Partei als der Lizenzinhaber versucht\nals dem Lizenzinhaber, auf nicht spezifizierte Weise auf den Support zuzugreifen, behalten\nbehalten wir uns das Recht vor, den Lizenzschl\u00fcssel auf unbestimmte Zeit ohne Ank\u00fcndigung\n oder Zustimmung zu sperren.<\/p>\n\n\n\n<p>Die Wiederver\u00f6ffentlichung von Inhalten dieser Website, einschlie\u00dflich Support\nForum und Dokumentationsmaterial, ist strengstens untersagt. Wenn ein\nInhalte in der oben genannten Weise weiterzuver\u00f6ffentlichen, behalten wir uns\nbehalten wir uns das Recht vor, den Lizenzschl\u00fcssel auf unbestimmte Zeit ohne Ank\u00fcndigung\n oder Zustimmung.<\/p>\n\n\n\n<p><a name=\"subscriptions_summary\"><\/a><strong>5. Abonnements und automatische Verl\u00e4ngerungen<\/strong><\/p>\n\n\n\n<p>Automatische Updates sind f\u00fcr Lizenzinhaber verf\u00fcgbar, die \u00fcber ein aktives\n und g\u00fcltigen Abonnement und Lizenzschl\u00fcssel haben. Automatische Updates sind verf\u00fcgbar\n f\u00fcr<br>Yet Another Stars Rating und alle anderen installierten Yet Another\nSterne Bewertung Addons. Automatische Updates sind verf\u00fcgbar, solange der\nLizenzschl\u00fcssel, der durch den Kauf generiert wurde, g\u00fcltig und aktiv ist.<\/p>\n\n\n\n<p>Wenn Sie ein Monats- oder Jahresabonnement abgeschlossen haben und Ihre Lizenz\naufgrund einer fehlgeschlagenen Erneuerung, eines Abonnements oder einer Lizenzk\u00fcndigung abl\u00e4uft,\nwerden die kostenpflichtigen Features und Funktionen des Produkts deaktiviert.<\/p>\n\n\n\n<p><strong>6. Plugin-Lieferung<\/strong><\/p>\n\n\n\n<p>Nachdem wir Ihre Zahlung erfolgreich bearbeitet haben, erhalten Sie\neine E-Mail mit Ihrer Bestellnummer und Ihrem Lizenzschl\u00fcssel. Sie k\u00f6nnen das\ndas Plugin herunterladen, indem Sie auf den entsprechenden Link in der E-Mail\nerhalten.<\/p>\n\n\n\n<p>Sollten Sie keine E-Mail mit Ihren Informationen erhalten, k\u00f6nnen Sie uns unter support@yetanotherstarsrating.com kontaktieren und Ihre Kaufinformationen anfordern.<\/p>\n\n\n\n<p><strong>7. Eigentumsverh\u00e4ltnisse<\/strong><\/p>\n\n\n\n<p>Alle Plugins sind Eigentum des jeweiligen Besitzers. Die Beanspruchung jeglicher Art von geistigen oder exklusiven Eigentumsrechten an unseren Produkten ist strengstens untersagt.<\/p>\n\n\n\n<p>Unsere Plugins werden \"so wie sie sind\" zur Verf\u00fcgung gestellt, ohne Garantie jeglicher Art,\nausdr\u00fccklich oder stillschweigend. Wir sind nicht haftbar f\u00fcr irgendwelche Sch\u00e4den, einschlie\u00dflich\naber nicht beschr\u00e4nkt auf direkte, indirekte, spezielle, zuf\u00e4llige oder\nFolgesch\u00e4den oder Verluste, die aus der Nutzung oder der Unf\u00e4higkeit zur\nunsere Plugins zu verwenden.<\/p>\n\n\n\n<p><strong>8. Website &amp; Plugin-Inhalt<\/strong><\/p>\n\n\n\n<p>Alle Inhalte auf dieser Website und unserem Plugin, einschlie\u00dflich Bilder, Dokumentation, Supportanfragen und andere Informationen sind Eigentum des Eigent\u00fcmers und d\u00fcrfen nicht ohne Erlaubnis oder Zustimmung weiterverteilt werden.<\/p>\n\n\n\n<p><strong>9. Preis\u00e4nderungen<\/strong><\/p>\n\n\n\n<p>Der Eigent\u00fcmer beh\u00e4lt sich das Recht vor, ein Plugin-Abonnement und\/oder einen Lizenzschl\u00fcssel ohne vorherige Ank\u00fcndigung oder Zustimmung zu \u00e4ndern, zu stornieren oder zu aktualisieren.  Die Preise f\u00fcr alle Produkte k\u00f6nnen ohne vorherige Ank\u00fcndigung oder Zustimmung ge\u00e4ndert werden.<\/p>\n\n\n\n<p><strong>10. Erstattungspolitik<\/strong><\/p>\n\n\n\n<p>Die R\u00fcckerstattung erfolgt nach unserem alleinigen Ermessen und muss alle folgenden Bedingungen erf\u00fcllen <strong>vollst\u00e4ndig<\/strong>:<\/p>\n\n\n\n<ul>\n<li>Sie befinden sich innerhalb der ersten 7 Tage nach dem Kauf des Plugins.<\/li>\n\n\n\n<li>Ihr(e) Problem(e) r\u00fchrt daher, dass Sie das Plugin nicht richtig installieren oder es nicht dazu bringen k\u00f6nnen, seine Grundfunktionen auszuf\u00fchren.<\/li>\n\n\n\n<li>Sie\n Sie haben versucht, Ihr(e) Problem(e) mit unserem Support-Team zu l\u00f6sen, indem Sie\nein Support-Ticket \u00fcber \"Kontakt\" in den Admin-Einstellungen des Plugins zu \u00f6ffnen\nEinstellungen.<\/li>\n\n\n\n<li>Nach Ablauf der ersten 7 Tage nach dem urspr\u00fcnglichen Kauf wird keine R\u00fcckerstattung mehr gew\u00e4hrt.<\/li>\n\n\n\n<li>F\u00fcr fehlende Funktionen werden keine R\u00fcckerstattungen gew\u00e4hrt. Wenn Sie nicht sicher sind, ob wir eine bestimmte Funktion unterst\u00fctzen, kontaktieren Sie uns bitte zuerst.<\/li>\n\n\n\n<li>Probleme, die durch Konflikte mit Plugins, Themes oder anderer Software von Drittanbietern verursacht werden, sind kein Grund f\u00fcr eine R\u00fcckerstattung.<\/li>\n\n\n\n<li>Eine R\u00fcckerstattung ist nicht m\u00f6glich, wenn Sie das Plugin einfach nicht verwenden m\u00f6chten.<\/li>\n<\/ul>\n\n\n\n<p>Mit dem Upgrade erkl\u00e4ren Sie sich mit dieser Erstattungspolitik einverstanden und verzichten auf alle\nauf das Recht, sie mit Fragen, Urteilen oder rechtlichen Schritten zu belasten.<\/p>\n\n\n\n<p><strong>11. E-Mail<\/strong><\/p>\n\n\n\n<p>Der Eigent\u00fcmer kann Ihnen gelegentlich E-Mails im Zusammenhang mit dem Kauf von Produkten aus unserem Unternehmen senden. Wir k\u00f6nnen Ihnen auch gelegentlich E-Mail-Newsletter in Bezug auf Yet Another Stars Rating Updates und Promotionen senden. Wir werden Ihre E-Mail niemals an Dritte verkaufen oder weitergeben. Sie k\u00f6nnen sich jederzeit von diesen E-Mails abmelden, ohne dass Ihnen dadurch Nachteile entstehen.<\/p>\n\n\n\n<p><strong>12. Lizenzvertrag<\/strong><\/p>\n\n\n\n<p>Mit dem Kauf unserer Produkte erkl\u00e4ren Sie, dass Sie folgende Bedingungen gelesen haben und damit einverstanden sind\ndass Sie die auf dieser Seite aufgef\u00fchrten und detaillierten Bedingungen und Konditionen\n Seite. Wir behalten uns das Recht vor, die aktuellen Gesch\u00e4ftsbedingungen\nBedingungen ohne vorherige Ank\u00fcndigung oder Zustimmung zu \u00e4ndern.<\/p>","protected":false},"excerpt":{"rendered":"<p>Unsere Website (die \"Website\" - https:\/\/yetanotherstarsratings.com) gew\u00e4hrt Ihnen eine nicht-exklusive, eingeschr\u00e4nkte Lizenz zur Nutzung des Yet Another Stars Rating Plugins (das \"Plugin\") und aller anwendbaren Add-Ons f\u00fcr Yet Another Stars Rating, die \u00fcber die Website verkauft werden. Diese Seite wird von der PARETO Digital GmbH &amp; Co. KG (der \"Eigent\u00fcmer\"), und mit dem Kauf des Plugins erkl\u00e4ren Sie sich mit [...]<\/p>","protected":false},"author":797,"featured_media":0,"parent":0,"menu_order":0,"comment_status":"closed","ping_status":"closed","template":"","meta":{"inline_featured_image":false,"site-sidebar-layout":"default","site-content-layout":"","ast-site-content-layout":"","site-content-style":"default","site-sidebar-style":"default","ast-global-header-display":"","ast-banner-title-visibility":"","ast-main-header-display":"","ast-hfb-above-header-display":"","ast-hfb-below-header-display":"","ast-hfb-mobile-header-display":"","site-post-title":"","ast-breadcrumbs-content":"","ast-featured-img":"","footer-sml-layout":"","theme-transparent-header-meta":"","adv-header-id-meta":"","stick-header-meta":"","header-above-stick-meta":"","header-main-stick-meta":"","header-below-stick-meta":"","astra-migrate-meta-layouts":"default","ast-page-background-enabled":"default","ast-page-background-meta":{"desktop":{"background-color":"var(--ast-global-color-4)","background-image":"","background-repeat":"repeat","background-position":"center center","background-size":"auto","background-attachment":"scroll","background-type":"","background-media":"","overlay-type":"","overlay-color":"","overlay-gradient":""},"tablet":{"background-color":"","background-image":"","background-repeat":"repeat","background-position":"center center","background-size":"auto","background-attachment":"scroll","background-type":"","background-media":"","overlay-type":"","overlay-color":"","overlay-gradient":""},"mobile":{"background-color":"","background-image":"","background-repeat":"repeat","background-position":"center center","background-size":"auto","background-attachment":"scroll","background-type":"","background-media":"","overlay-type":"","overlay-color":"","overlay-gradient":""}},"ast-content-background-meta":{"desktop":{"background-color":"var(--ast-global-color-5)","background-image":"","background-repeat":"repeat","background-position":"center center","background-size":"auto","background-attachment":"scroll","background-type":"","background-media":"","overlay-type":"","overlay-color":"","overlay-gradient":""},"tablet":{"background-color":"var(--ast-global-color-5)","background-image":"","background-repeat":"repeat","background-position":"center center","background-size":"auto","background-attachment":"scroll","background-type":"","background-media":"","overlay-type":"","overlay-color":"","overlay-gradient":""},"mobile":{"background-color":"var(--ast-global-color-5)","background-image":"","background-repeat":"repeat","background-position":"center center","background-size":"auto","background-attachment":"scroll","background-type":"","background-media":"","overlay-type":"","overlay-color":"","overlay-gradient":""}},"yasr_overall_rating":0,"yasr_post_is_review":"","yasr_auto_insert_disabled":"","yasr_review_type":"","yasr_pro_reviews_in_comment_enabled":0,"footnotes":""},"yasr_visitor_votes":{"stars_attributes":{"read_only":false,"span_bottom":false},"number_of_votes":0,"sum_votes":0},"_links":{"self":[{"href":"https:\/\/yetanotherstarsrating.com\/de\/wp-json\/wp\/v2\/pages\/11737"}],"collection":[{"href":"https:\/\/yetanotherstarsrating.com\/de\/wp-json\/wp\/v2\/pages"}],"about":[{"href":"https:\/\/yetanotherstarsrating.com\/de\/wp-json\/wp\/v2\/types\/page"}],"author":[{"embeddable":true,"href":"https:\/\/yetanotherstarsrating.com\/de\/wp-json\/wp\/v2\/users\/797"}],"replies":[{"embeddable":true,"href":"https:\/\/yetanotherstarsrating.com\/de\/wp-json\/wp\/v2\/comments?post=11737"}],"version-history":[{"count":12,"href":"https:\/\/yetanotherstarsrating.com\/de\/wp-json\/wp\/v2\/pages\/11737\/revisions"}],"predecessor-version":[{"id":13661,"href":"https:\/\/yetanotherstarsrating.com\/de\/wp-json\/wp\/v2\/pages\/11737\/revisions\/13661"}],"wp:attachment":[{"href":"https:\/\/yetanotherstarsrating.com\/de\/wp-json\/wp\/v2\/media?parent=11737"}],"curies":[{"name":"wp","href":"https:\/\/api.w.org\/{rel}","templated":true}]}}