{"id":12809,"date":"2023-02-08T19:10:57","date_gmt":"2023-02-08T18:10:57","guid":{"rendered":"https:\/\/test.yetanotherstarsrating.com\/?page_id=12809"},"modified":"2023-09-07T16:06:03","modified_gmt":"2023-09-07T14:06:03","slug":"yasr-display-posts","status":"publish","type":"page","link":"https:\/\/yetanotherstarsrating.com\/de\/yasr-shortcodes\/yasr-anzeigepfosten\/","title":{"rendered":"Yasr Display Posts"},"content":{"rendered":"<pre class=\"wp-block-code\"><code>&#091;<span style=\"background-color: initial; color: initial;\">yasr_anzeigen_posts<\/span>]<\/code><\/pre>\n\n\n\n<p>Mit diesem Shortcode ist es m\u00f6glich, ein Archiv Ihrer Beitr\u00e4ge zu erstellen, das nach Bewertung sortiert ist. Im folgenden Beispiel sind die Beitr\u00e4ge nach der Anzahl der Stimmen sortiert.<br>Dieser Shortcode kann verwendet werden auf <u>nur Seiten<\/u>. Dies ist nat\u00fcrlich nur f\u00fcr Entwickler gedacht, denn Sie m\u00fcssen diese Ausgabe mit einem benutzerdefinierten Styling versehen, damit sie sch\u00f6n und sauber aussieht.<\/p>\n\n\n\n<p><a href=\"https:\/\/yetanotherstarsrating.com\/docs\/shortcodes\/yasr-free-shortcodes\/yasr-display-posts\/\">Dokumentation<\/a><\/p>\n\n\n\n<h3 class=\"wp-block-heading\" style=\"margin-top:var(--wp--preset--spacing--80);margin-bottom:var(--wp--preset--spacing--80)\">Beispiel Ausgabe<\/h3>\n\n\n\n<style>\n.yasr-entry-title {\n    border-top: 1px solid grey;\n    padding-top: 3rem;\n}\n.yasr-entry-content {\n    margin: 3rem 0 !important;\n}\n<\/style>","protected":false},"excerpt":{"rendered":"<p>Mit diesem Shortcode ist es m\u00f6glich, ein Archiv Ihrer Beitr\u00e4ge zu erstellen, das nach Bewertung sortiert ist. Im folgenden Beispiel sind die Beitr\u00e4ge nach der Anzahl der Stimmen sortiert Dieser Shortcode kann nur auf Seiten verwendet werden. Nat\u00fcrlich ist dies nur f\u00fcr Entwickler, weil Sie benutzerdefinierte Styling auf diese Ausgabe anwenden m\u00fcssen, um [...]<\/p>","protected":false},"author":797,"featured_media":0,"parent":2859,"menu_order":0,"comment_status":"closed","ping_status":"closed","template":"","meta":{"inline_featured_image":false,"site-sidebar-layout":"default","site-content-layout":"","ast-site-content-layout":"","site-content-style":"default","site-sidebar-style":"default","ast-global-header-display":"","ast-banner-title-visibility":"","ast-main-header-display":"","ast-hfb-above-header-display":"","ast-hfb-below-header-display":"","ast-hfb-mobile-header-display":"","site-post-title":"","ast-breadcrumbs-content":"","ast-featured-img":"","footer-sml-layout":"","theme-transparent-header-meta":"","adv-header-id-meta":"","stick-header-meta":"","header-above-stick-meta":"","header-main-stick-meta":"","header-below-stick-meta":"","astra-migrate-meta-layouts":"default","ast-page-background-enabled":"default","ast-page-background-meta":{"desktop":{"background-color":"var(--ast-global-color-4)","background-image":"","background-repeat":"repeat","background-position":"center center","background-size":"auto","background-attachment":"scroll","background-type":"","background-media":"","overlay-type":"","overlay-color":"","overlay-gradient":""},"tablet":{"background-color":"","background-image":"","background-repeat":"repeat","background-position":"center center","background-size":"auto","background-attachment":"scroll","background-type":"","background-media":"","overlay-type":"","overlay-color":"","overlay-gradient":""},"mobile":{"background-color":"","background-image":"","background-repeat":"repeat","background-position":"center center","background-size":"auto","background-attachment":"scroll","background-type":"","background-media":"","overlay-type":"","overlay-color":"","overlay-gradient":""}},"ast-content-background-meta":{"desktop":{"background-color":"var(--ast-global-color-5)","background-image":"","background-repeat":"repeat","background-position":"center center","background-size":"auto","background-attachment":"scroll","background-type":"","background-media":"","overlay-type":"","overlay-color":"","overlay-gradient":""},"tablet":{"background-color":"var(--ast-global-color-5)","background-image":"","background-repeat":"repeat","background-position":"center center","background-size":"auto","background-attachment":"scroll","background-type":"","background-media":"","overlay-type":"","overlay-color":"","overlay-gradient":""},"mobile":{"background-color":"var(--ast-global-color-5)","background-image":"","background-repeat":"repeat","background-position":"center center","background-size":"auto","background-attachment":"scroll","background-type":"","background-media":"","overlay-type":"","overlay-color":"","overlay-gradient":""}},"yasr_overall_rating":0,"yasr_post_is_review":"","yasr_auto_insert_disabled":"","yasr_review_type":"","yasr_pro_reviews_in_comment_enabled":0,"footnotes":""},"yasr_visitor_votes":{"stars_attributes":{"read_only":false,"span_bottom":false},"number_of_votes":0,"sum_votes":0},"_links":{"self":[{"href":"https:\/\/yetanotherstarsrating.com\/de\/wp-json\/wp\/v2\/pages\/12809"}],"collection":[{"href":"https:\/\/yetanotherstarsrating.com\/de\/wp-json\/wp\/v2\/pages"}],"about":[{"href":"https:\/\/yetanotherstarsrating.com\/de\/wp-json\/wp\/v2\/types\/page"}],"author":[{"embeddable":true,"href":"https:\/\/yetanotherstarsrating.com\/de\/wp-json\/wp\/v2\/users\/797"}],"replies":[{"embeddable":true,"href":"https:\/\/yetanotherstarsrating.com\/de\/wp-json\/wp\/v2\/comments?post=12809"}],"version-history":[{"count":20,"href":"https:\/\/yetanotherstarsrating.com\/de\/wp-json\/wp\/v2\/pages\/12809\/revisions"}],"predecessor-version":[{"id":13642,"href":"https:\/\/yetanotherstarsrating.com\/de\/wp-json\/wp\/v2\/pages\/12809\/revisions\/13642"}],"up":[{"embeddable":true,"href":"https:\/\/yetanotherstarsrating.com\/de\/wp-json\/wp\/v2\/pages\/2859"}],"wp:attachment":[{"href":"https:\/\/yetanotherstarsrating.com\/de\/wp-json\/wp\/v2\/media?parent=12809"}],"curies":[{"name":"wp","href":"https:\/\/api.w.org\/{rel}","templated":true}]}}