{"id":12822,"date":"2023-02-09T14:04:21","date_gmt":"2023-02-09T13:04:21","guid":{"rendered":"https:\/\/test.yetanotherstarsrating.com\/?page_id=12822"},"modified":"2023-09-07T15:56:41","modified_gmt":"2023-09-07T13:56:41","slug":"yasr-order-posts-by-ratings","status":"publish","type":"page","link":"https:\/\/yetanotherstarsrating.com\/de\/yasr-beitrage-nach-bewertungen-ordnen\/","title":{"rendered":"Yasr-Beitr\u00e4ge nach Bewertungen ordnen"},"content":{"rendered":"<h3 class=\"wp-block-heading\">Ordnen Sie Ihre Stellen nach <span style=\"color: #FF8F00;\">Bewertungen!<\/span><\/h3>\n\n\n\n<p>Wie Sie wissen, sind WordPress-Beitr\u00e4ge standardm\u00e4\u00dfig nach dem Datum ihrer Ver\u00f6ffentlichung geordnet.<\/p>\n\n\n\n<p>Mit YASR k\u00f6nnen Sie stattdessen Ihre Beitr\u00e4ge neu ordnen nach <strong>Bewertungen<\/strong>!<\/p>\n\n\n\n<p>Genauer gesagt, k\u00f6nnen Sie Ihre Beitr\u00e4ge sortieren nach:<\/p>\n\n\n\n<ul>\n<li><span style=\"font-size: revert; background-color: var(--ast-global-color-5); color: initial;\">Die Bewertungen der Besucher z\u00e4hlen<\/span><\/li>\n\n\n\n<li><span style=\"font-size: revert; background-color: var(--ast-global-color-5); color: initial;\">Durchschnittliche Bewertung der Besucher<\/span><\/li>\n\n\n\n<li><span style=\"font-size: revert; background-color: var(--ast-global-color-5); color: initial;\">Bewertung der Autoren<\/span> <\/li>\n<\/ul>\n\n\n\n<p>In den Einstellungen, (<em>Allgemeine Einstellungen <\/em>-&gt; <em>Archiv Seiten<\/em>) k\u00f6nnen Sie Ihre Homepage, Archive und Tags neu anordnen.<\/p>\n\n\n\n<p>Wenn Sie eine genauere Kontrolle w\u00fcnschen, gibt es den Shortcode <a href=\"https:\/\/yetanotherstarsrating.com\/de\/yasr-shortcodes\/yasr-anzeigepfosten\/\"><u><strong>yasr_anzeigen_posts<\/strong><\/u><\/a><u><strong>.<\/strong><\/u><\/p>\n\n\n\n<h3 class=\"wp-block-heading\">Verwenden Sie Ihr <span style=\"color:#FF8F00;\">benutzerdefinierte Vorlage!<\/span><\/h3>\n\n\n\n<p>Standardm\u00e4\u00dfig werden die Beitr\u00e4ge unter Verwendung einer Vorlage gedruckt, die Sie in der Datei <strong>Vorlagen<\/strong> Direktion.<\/p>\n\n\n\n<p>Wenn Sie m\u00f6chten, k\u00f6nnen Sie die Standardvorlage \u00fcberschreiben, indem Sie einen neuen Ordner mit dem Namen <strong>yasr<\/strong> in Ihrem aktuellen Thema.<\/p>\n\n\n\n<p>Zum Beispiel, kopieren Sie <code class=\"yasr-code\">\/Vorlagen\/Inhalt.php<\/code> zu <code class=\"yasr-code\">\/Ihr-Thema\/yasr\/content.php<\/code> und nehmen Sie die erforderlichen \u00c4nderungen vor. Sie werden die \u00c4nderungen im Frontend sehen. Auf diese Weise k\u00f6nnen Sie das Plugin \u00fcberschreiben, ohne den Kern des Plugins zu \u00e4ndern, der bei Aktualisierungen ersetzt werden k\u00f6nnte.<\/p>\n\n\n<p>&nbsp;<\/p>","protected":false},"excerpt":{"rendered":"<p>Sortieren Sie Ihre Beitr\u00e4ge nach Bewertungen! Wie Sie wissen, sind WordPress-Beitr\u00e4ge standardm\u00e4\u00dfig nach dem Ver\u00f6ffentlichungsdatum geordnet. Mit YASR k\u00f6nnen Sie Ihre Beitr\u00e4ge stattdessen nach Bewertungen sortieren! Genauer gesagt, k\u00f6nnen Sie Ihre Beitr\u00e4ge sortieren nach: In den Einstellungen (Allgemeine Einstellungen -&gt; Archivseiten) k\u00f6nnen Sie Ihre Homepage, Ihr Archiv [...]<\/p>","protected":false},"author":797,"featured_media":0,"parent":0,"menu_order":0,"comment_status":"closed","ping_status":"closed","template":"","meta":{"inline_featured_image":false,"site-sidebar-layout":"default","site-content-layout":"","ast-site-content-layout":"","site-content-style":"default","site-sidebar-style":"default","ast-global-header-display":"","ast-banner-title-visibility":"","ast-main-header-display":"","ast-hfb-above-header-display":"","ast-hfb-below-header-display":"","ast-hfb-mobile-header-display":"","site-post-title":"","ast-breadcrumbs-content":"","ast-featured-img":"","footer-sml-layout":"","theme-transparent-header-meta":"","adv-header-id-meta":"","stick-header-meta":"","header-above-stick-meta":"","header-main-stick-meta":"","header-below-stick-meta":"","astra-migrate-meta-layouts":"default","ast-page-background-enabled":"default","ast-page-background-meta":{"desktop":{"background-color":"var(--ast-global-color-4)","background-image":"","background-repeat":"repeat","background-position":"center center","background-size":"auto","background-attachment":"scroll","background-type":"","background-media":"","overlay-type":"","overlay-color":"","overlay-gradient":""},"tablet":{"background-color":"","background-image":"","background-repeat":"repeat","background-position":"center center","background-size":"auto","background-attachment":"scroll","background-type":"","background-media":"","overlay-type":"","overlay-color":"","overlay-gradient":""},"mobile":{"background-color":"","background-image":"","background-repeat":"repeat","background-position":"center center","background-size":"auto","background-attachment":"scroll","background-type":"","background-media":"","overlay-type":"","overlay-color":"","overlay-gradient":""}},"ast-content-background-meta":{"desktop":{"background-color":"var(--ast-global-color-5)","background-image":"","background-repeat":"repeat","background-position":"center center","background-size":"auto","background-attachment":"scroll","background-type":"","background-media":"","overlay-type":"","overlay-color":"","overlay-gradient":""},"tablet":{"background-color":"var(--ast-global-color-5)","background-image":"","background-repeat":"repeat","background-position":"center center","background-size":"auto","background-attachment":"scroll","background-type":"","background-media":"","overlay-type":"","overlay-color":"","overlay-gradient":""},"mobile":{"background-color":"var(--ast-global-color-5)","background-image":"","background-repeat":"repeat","background-position":"center center","background-size":"auto","background-attachment":"scroll","background-type":"","background-media":"","overlay-type":"","overlay-color":"","overlay-gradient":""}},"yasr_overall_rating":0,"yasr_post_is_review":"","yasr_auto_insert_disabled":"","yasr_review_type":"","yasr_pro_reviews_in_comment_enabled":0,"footnotes":""},"yasr_visitor_votes":{"stars_attributes":{"read_only":false,"span_bottom":false},"number_of_votes":0,"sum_votes":0},"_links":{"self":[{"href":"https:\/\/yetanotherstarsrating.com\/de\/wp-json\/wp\/v2\/pages\/12822"}],"collection":[{"href":"https:\/\/yetanotherstarsrating.com\/de\/wp-json\/wp\/v2\/pages"}],"about":[{"href":"https:\/\/yetanotherstarsrating.com\/de\/wp-json\/wp\/v2\/types\/page"}],"author":[{"embeddable":true,"href":"https:\/\/yetanotherstarsrating.com\/de\/wp-json\/wp\/v2\/users\/797"}],"replies":[{"embeddable":true,"href":"https:\/\/yetanotherstarsrating.com\/de\/wp-json\/wp\/v2\/comments?post=12822"}],"version-history":[{"count":11,"href":"https:\/\/yetanotherstarsrating.com\/de\/wp-json\/wp\/v2\/pages\/12822\/revisions"}],"predecessor-version":[{"id":13631,"href":"https:\/\/yetanotherstarsrating.com\/de\/wp-json\/wp\/v2\/pages\/12822\/revisions\/13631"}],"wp:attachment":[{"href":"https:\/\/yetanotherstarsrating.com\/de\/wp-json\/wp\/v2\/media?parent=12822"}],"curies":[{"name":"wp","href":"https:\/\/api.w.org\/{rel}","templated":true}]}}