{"id":12887,"date":"2023-04-28T12:45:30","date_gmt":"2023-04-28T10:45:30","guid":{"rendered":"https:\/\/test.yetanotherstarsrating.com\/?page_id=12887"},"modified":"2023-09-07T15:12:40","modified_gmt":"2023-09-07T13:12:40","slug":"yasr-export-data","status":"publish","type":"page","link":"https:\/\/yetanotherstarsrating.com\/de\/yasr-exportdaten\/","title":{"rendered":"Yasr Exportdaten"},"content":{"rendered":"<h2 class=\"wp-block-heading\">Daten exportieren<span style=\"color: #FF8F00;\"> zu CSV<\/span><\/h2>\n\n\n\n<p>In all den Jahren (die erste Version von YASR war 2014!) haben viele Nutzer gefragt, ob es m\u00f6glich w\u00e4re, Daten in CSV-Dateien zu exportieren. <br>Gute Nachrichten - dies ist jetzt in YASR Pro m\u00f6glich!<\/p>\n\n\n\n<p>Sobald Sie das Plugin aktiviert haben, gehen Sie einfach in Yet Another Stars Ratings -&gt; Manage Ratings -&gt; und w\u00e4hlen Sie dann <strong>Daten exportieren.<\/strong><\/p>\n\n\n\n<p>Die Seite ist ziemlich einfach zu verstehen:<\/p>\n\n\n\n<figure class=\"wp-block-image size-large\"><a href=\"https:\/\/yetanotherstarsrating.com\/wp-content\/uploads\/2023\/04\/Yasr_export_data_page.png\"><img fetchpriority=\"high\" decoding=\"async\" width=\"1024\" height=\"478\" src=\"https:\/\/yetanotherstarsrating.com\/wp-content\/uploads\/2023\/04\/Yasr_export_data_page-1024x478.png\" alt=\"\" class=\"wp-image-12888\" srcset=\"https:\/\/yetanotherstarsrating.com\/wp-content\/uploads\/2023\/04\/Yasr_export_data_page-1024x478.png 1024w, https:\/\/yetanotherstarsrating.com\/wp-content\/uploads\/2023\/04\/Yasr_export_data_page-300x140.png 300w, https:\/\/yetanotherstarsrating.com\/wp-content\/uploads\/2023\/04\/Yasr_export_data_page-768x358.png 768w, https:\/\/yetanotherstarsrating.com\/wp-content\/uploads\/2023\/04\/Yasr_export_data_page-1536x716.png 1536w, https:\/\/yetanotherstarsrating.com\/wp-content\/uploads\/2023\/04\/Yasr_export_data_page.png 1917w\" sizes=\"(max-width: 1024px) 100vw, 1024px\" \/><\/a><\/figure>\n\n\n\n<p><br><\/p>","protected":false},"excerpt":{"rendered":"<p>Daten nach CSV exportieren In all den Jahren (die erste Version von YASR war 2014!) haben viele Nutzer gefragt, ob es m\u00f6glich w\u00e4re, Daten in CSV-Dateien zu exportieren. Gute Nachrichten - dies ist nun in YASR Pro m\u00f6glich! Sobald Sie das Plugin aktiviert haben, gehen Sie einfach in Yet Another Stars Ratings -&gt; Manage Ratings [...]<\/p>","protected":false},"author":797,"featured_media":0,"parent":0,"menu_order":0,"comment_status":"open","ping_status":"closed","template":"","meta":{"inline_featured_image":false,"site-sidebar-layout":"default","site-content-layout":"","ast-site-content-layout":"","site-content-style":"default","site-sidebar-style":"default","ast-global-header-display":"","ast-banner-title-visibility":"","ast-main-header-display":"","ast-hfb-above-header-display":"","ast-hfb-below-header-display":"","ast-hfb-mobile-header-display":"","site-post-title":"","ast-breadcrumbs-content":"","ast-featured-img":"","footer-sml-layout":"","theme-transparent-header-meta":"","adv-header-id-meta":"","stick-header-meta":"","header-above-stick-meta":"","header-main-stick-meta":"","header-below-stick-meta":"","astra-migrate-meta-layouts":"default","ast-page-background-enabled":"default","ast-page-background-meta":{"desktop":{"background-color":"var(--ast-global-color-4)","background-image":"","background-repeat":"repeat","background-position":"center center","background-size":"auto","background-attachment":"scroll","background-type":"","background-media":"","overlay-type":"","overlay-color":"","overlay-gradient":""},"tablet":{"background-color":"","background-image":"","background-repeat":"repeat","background-position":"center center","background-size":"auto","background-attachment":"scroll","background-type":"","background-media":"","overlay-type":"","overlay-color":"","overlay-gradient":""},"mobile":{"background-color":"","background-image":"","background-repeat":"repeat","background-position":"center center","background-size":"auto","background-attachment":"scroll","background-type":"","background-media":"","overlay-type":"","overlay-color":"","overlay-gradient":""}},"ast-content-background-meta":{"desktop":{"background-color":"var(--ast-global-color-5)","background-image":"","background-repeat":"repeat","background-position":"center center","background-size":"auto","background-attachment":"scroll","background-type":"","background-media":"","overlay-type":"","overlay-color":"","overlay-gradient":""},"tablet":{"background-color":"var(--ast-global-color-5)","background-image":"","background-repeat":"repeat","background-position":"center center","background-size":"auto","background-attachment":"scroll","background-type":"","background-media":"","overlay-type":"","overlay-color":"","overlay-gradient":""},"mobile":{"background-color":"var(--ast-global-color-5)","background-image":"","background-repeat":"repeat","background-position":"center center","background-size":"auto","background-attachment":"scroll","background-type":"","background-media":"","overlay-type":"","overlay-color":"","overlay-gradient":""}},"yasr_overall_rating":0,"yasr_post_is_review":"","yasr_auto_insert_disabled":"","yasr_review_type":"","yasr_pro_reviews_in_comment_enabled":0,"footnotes":""},"yasr_visitor_votes":{"stars_attributes":{"read_only":false,"span_bottom":false},"number_of_votes":0,"sum_votes":0},"_links":{"self":[{"href":"https:\/\/yetanotherstarsrating.com\/de\/wp-json\/wp\/v2\/pages\/12887"}],"collection":[{"href":"https:\/\/yetanotherstarsrating.com\/de\/wp-json\/wp\/v2\/pages"}],"about":[{"href":"https:\/\/yetanotherstarsrating.com\/de\/wp-json\/wp\/v2\/types\/page"}],"author":[{"embeddable":true,"href":"https:\/\/yetanotherstarsrating.com\/de\/wp-json\/wp\/v2\/users\/797"}],"replies":[{"embeddable":true,"href":"https:\/\/yetanotherstarsrating.com\/de\/wp-json\/wp\/v2\/comments?post=12887"}],"version-history":[{"count":3,"href":"https:\/\/yetanotherstarsrating.com\/de\/wp-json\/wp\/v2\/pages\/12887\/revisions"}],"predecessor-version":[{"id":13595,"href":"https:\/\/yetanotherstarsrating.com\/de\/wp-json\/wp\/v2\/pages\/12887\/revisions\/13595"}],"wp:attachment":[{"href":"https:\/\/yetanotherstarsrating.com\/de\/wp-json\/wp\/v2\/media?parent=12887"}],"curies":[{"name":"wp","href":"https:\/\/api.w.org\/{rel}","templated":true}]}}