{"id":5399,"date":"2015-12-17T13:46:58","date_gmt":"2015-12-17T12:46:58","guid":{"rendered":"https:\/\/test.yetanotherstarsrating.com\/?page_id=5399"},"modified":"2023-09-07T06:27:49","modified_gmt":"2023-09-07T04:27:49","slug":"yasr-custom-rankings","status":"publish","type":"page","link":"https:\/\/yetanotherstarsrating.com\/de\/yasr-benutzerdefinierte-ranglisten\/","title":{"rendered":"Yasr Custom Rankings"},"content":{"rendered":"<h2 class=\"wp-block-heading\">Passen Sie Ihre Rankings an mit <span style=\"color:var( --e-global-color-accent );\">Yasr Pro!<\/span><\/h2>\n\n\n\n<p>Brauchen Sie mehr Flexibilit\u00e4t von YASR Rankings? <\/p>\n\n\n\n<p>Mit YASR Pro erhalten Sie die Flexibilit\u00e4t, die Sie brauchen! <\/p>\n\n\n\n<p>Sie werden dazu in der Lage sein:<\/p>\n\n\n\n<ul>\n<li>Bewertung aus einer oder mehreren Kategorien oder einem benutzerdefinierten Beitragstyp abrufen<\/li>\n\n\n\n<li>Anpassen, wie viele Zeilen angezeigt werden sollen<\/li>\n\n\n\n<li>\u00c4ndern Sie die Gr\u00f6\u00dfe der Sterne<\/li>\n\n\n\n<li>Einf\u00fcgen eines individuellen Textes, der vor oder nach den Sternen angezeigt wird<\/li>\n\n\n\n<li>In der Rangliste \"Besucherstimmen\" k\u00f6nnen Sie einen Bewertungsbereich ausw\u00e4hlen und die Standardansicht zwischen \"am meisten bewertet\" und \"am h\u00f6chsten bewertet\" w\u00e4hlen.<\/li>\n\n\n\n<li>In der Tabelle \"Aktivste Rezensenten und aktivste Benutzer\" k\u00f6nnen Sie den \"Anzeigenamen\" oder den \"Benutzernamen\" anzeigen.<\/li>\n\n\n\n<li>Start- und Enddatum ausw\u00e4hlen<\/li>\n<\/ul>\n\n\n\n<p>Gehen Sie einfach zu Yet Another Stars Rating: Einstellungen -&gt; Rankings, um alle verf\u00fcgbaren Optionen zu sehen.<\/p>\n\n\n\n<figure class=\"wp-block-embed is-type-video is-provider-youtube wp-block-embed-youtube wp-embed-aspect-16-9 wp-has-aspect-ratio\"><div class=\"wp-block-embed__wrapper\">\n<div class=\"ast-oembed-container\" style=\"height: 100%;\"><iframe title=\"Yasr Pro - Wie man die Ranglisten anpasst.\" width=\"500\" height=\"281\" src=\"https:\/\/www.youtube.com\/embed\/L4jgc48GfJQ?feature=oembed\" frameborder=\"0\" allow=\"accelerometer; autoplay; clipboard-write; encrypted-media; gyroscope; picture-in-picture; web-share\" allowfullscreen><\/iframe><\/div>\n<\/div><\/figure>","protected":false},"excerpt":{"rendered":"<p>Passen Sie Ihre Rankings mit Yasr Pro an! Brauchen Sie mehr Flexibilit\u00e4t von YASR Rankings? Mit YASR Pro erhalten Sie die Flexibilit\u00e4t, die Sie brauchen! Sie werden in der Lage sein: Gehen Sie einfach zu Yet Another Stars Rating: Einstellungen -&gt; Rankings, um alle verf\u00fcgbaren Optionen zu sehen.<\/p>","protected":false},"author":797,"featured_media":0,"parent":0,"menu_order":0,"comment_status":"open","ping_status":"closed","template":"","meta":{"inline_featured_image":false,"site-sidebar-layout":"default","site-content-layout":"","ast-site-content-layout":"default","site-content-style":"default","site-sidebar-style":"default","ast-global-header-display":"","ast-banner-title-visibility":"","ast-main-header-display":"","ast-hfb-above-header-display":"","ast-hfb-below-header-display":"","ast-hfb-mobile-header-display":"","site-post-title":"","ast-breadcrumbs-content":"","ast-featured-img":"","footer-sml-layout":"","theme-transparent-header-meta":"default","adv-header-id-meta":"","stick-header-meta":"","header-above-stick-meta":"","header-main-stick-meta":"","header-below-stick-meta":"","astra-migrate-meta-layouts":"set","ast-page-background-enabled":"default","ast-page-background-meta":{"desktop":{"background-color":"var(--ast-global-color-4)","background-image":"","background-repeat":"repeat","background-position":"center center","background-size":"auto","background-attachment":"scroll","background-type":"","background-media":"","overlay-type":"","overlay-color":"","overlay-gradient":""},"tablet":{"background-color":"","background-image":"","background-repeat":"repeat","background-position":"center center","background-size":"auto","background-attachment":"scroll","background-type":"","background-media":"","overlay-type":"","overlay-color":"","overlay-gradient":""},"mobile":{"background-color":"","background-image":"","background-repeat":"repeat","background-position":"center center","background-size":"auto","background-attachment":"scroll","background-type":"","background-media":"","overlay-type":"","overlay-color":"","overlay-gradient":""}},"ast-content-background-meta":{"desktop":{"background-color":"var(--ast-global-color-5)","background-image":"","background-repeat":"repeat","background-position":"center center","background-size":"auto","background-attachment":"scroll","background-type":"","background-media":"","overlay-type":"","overlay-color":"","overlay-gradient":""},"tablet":{"background-color":"var(--ast-global-color-5)","background-image":"","background-repeat":"repeat","background-position":"center center","background-size":"auto","background-attachment":"scroll","background-type":"","background-media":"","overlay-type":"","overlay-color":"","overlay-gradient":""},"mobile":{"background-color":"var(--ast-global-color-5)","background-image":"","background-repeat":"repeat","background-position":"center center","background-size":"auto","background-attachment":"scroll","background-type":"","background-media":"","overlay-type":"","overlay-color":"","overlay-gradient":""}},"yasr_overall_rating":0,"yasr_post_is_review":"","yasr_auto_insert_disabled":"","yasr_review_type":"","yasr_pro_reviews_in_comment_enabled":0,"footnotes":""},"yasr_visitor_votes":{"stars_attributes":{"read_only":false,"span_bottom":false},"number_of_votes":0,"sum_votes":0},"_links":{"self":[{"href":"https:\/\/yetanotherstarsrating.com\/de\/wp-json\/wp\/v2\/pages\/5399"}],"collection":[{"href":"https:\/\/yetanotherstarsrating.com\/de\/wp-json\/wp\/v2\/pages"}],"about":[{"href":"https:\/\/yetanotherstarsrating.com\/de\/wp-json\/wp\/v2\/types\/page"}],"author":[{"embeddable":true,"href":"https:\/\/yetanotherstarsrating.com\/de\/wp-json\/wp\/v2\/users\/797"}],"replies":[{"embeddable":true,"href":"https:\/\/yetanotherstarsrating.com\/de\/wp-json\/wp\/v2\/comments?post=5399"}],"version-history":[{"count":19,"href":"https:\/\/yetanotherstarsrating.com\/de\/wp-json\/wp\/v2\/pages\/5399\/revisions"}],"predecessor-version":[{"id":13571,"href":"https:\/\/yetanotherstarsrating.com\/de\/wp-json\/wp\/v2\/pages\/5399\/revisions\/13571"}],"wp:attachment":[{"href":"https:\/\/yetanotherstarsrating.com\/de\/wp-json\/wp\/v2\/media?parent=5399"}],"curies":[{"name":"wp","href":"https:\/\/api.w.org\/{rel}","templated":true}]}}