{"id":11003,"date":"2019-09-12T07:38:19","date_gmt":"2019-09-12T05:38:19","guid":{"rendered":"https:\/\/test.yetanotherstarsrating.com\/?page_id=11003"},"modified":"2023-09-06T12:03:09","modified_gmt":"2023-09-06T10:03:09","slug":"faq","status":"publish","type":"page","link":"https:\/\/yetanotherstarsrating.com\/es\/faq\/","title":{"rendered":"Faq"},"content":{"rendered":"<div data-elementor-type=\"wp-page\" data-elementor-id=\"11003\" class=\"elementor elementor-11003\" data-elementor-post-type=\"page\">\n\t\t\t\t\t\t<section class=\"elementor-section elementor-top-section elementor-element elementor-element-e5d01f4 elementor-section-boxed elementor-section-height-default elementor-section-height-default\" data-id=\"e5d01f4\" data-element_type=\"section\">\n\t\t\t\t\t\t<div class=\"elementor-container elementor-column-gap-default\">\n\t\t\t\t\t<div class=\"elementor-column elementor-col-100 elementor-top-column elementor-element elementor-element-8f6d9c7\" data-id=\"8f6d9c7\" data-element_type=\"column\">\n\t\t\t<div class=\"elementor-widget-wrap elementor-element-populated\">\n\t\t\t\t\t\t<section class=\"elementor-section elementor-inner-section elementor-element elementor-element-2f4210f elementor-section-boxed elementor-section-height-default elementor-section-height-default\" data-id=\"2f4210f\" data-element_type=\"section\" data-settings=\"{&quot;background_background&quot;:&quot;classic&quot;}\">\n\t\t\t\t\t\t<div class=\"elementor-container elementor-column-gap-default\">\n\t\t\t\t\t<div class=\"elementor-column elementor-col-100 elementor-inner-column elementor-element elementor-element-407e292\" data-id=\"407e292\" data-element_type=\"column\">\n\t\t\t<div class=\"elementor-widget-wrap elementor-element-populated\">\n\t\t\t\t\t\t<div class=\"elementor-element elementor-element-5fca3f6 elementor-widget elementor-widget-heading\" data-id=\"5fca3f6\" data-element_type=\"widget\" data-widget_type=\"heading.default\">\n\t\t\t\t<div class=\"elementor-widget-container\">\n\t\t\t<style>\/*! elementor - v3.20.0 - 20-03-2024 *\/\n.elementor-heading-title{padding:0;margin:0;line-height:1}.elementor-widget-heading .elementor-heading-title[class*=elementor-size-]>a{color:inherit;font-size:inherit;line-height:inherit}.elementor-widget-heading .elementor-heading-title.elementor-size-small{font-size:15px}.elementor-widget-heading .elementor-heading-title.elementor-size-medium{font-size:19px}.elementor-widget-heading .elementor-heading-title.elementor-size-large{font-size:29px}.elementor-widget-heading .elementor-heading-title.elementor-size-xl{font-size:39px}.elementor-widget-heading .elementor-heading-title.elementor-size-xxl{font-size:59px}<\/style><h2 class=\"elementor-heading-title elementor-size-default\">\u00bfQu\u00e9 es la clasificaci\u00f3n general?<\/h2>\t\t<\/div>\n\t\t\t\t<\/div>\n\t\t\t\t<div class=\"elementor-element elementor-element-1fac1d6 elementor-widget elementor-widget-text-editor\" data-id=\"1fac1d6\" data-element_type=\"widget\" data-widget_type=\"text-editor.default\">\n\t\t\t\t<div class=\"elementor-widget-container\">\n\t\t\t<style>\/*! elementor - v3.20.0 - 20-03-2024 *\/\n.elementor-widget-text-editor.elementor-drop-cap-view-stacked .elementor-drop-cap{background-color:#69727d;color:#fff}.elementor-widget-text-editor.elementor-drop-cap-view-framed .elementor-drop-cap{color:#69727d;border:3px solid;background-color:transparent}.elementor-widget-text-editor:not(.elementor-drop-cap-view-default) .elementor-drop-cap{margin-top:8px}.elementor-widget-text-editor:not(.elementor-drop-cap-view-default) .elementor-drop-cap-letter{width:1em;height:1em}.elementor-widget-text-editor .elementor-drop-cap{float:left;text-align:center;line-height:1;font-size:50px}.elementor-widget-text-editor .elementor-drop-cap-letter{display:inline-block}<\/style>\t\t\t\t<p>Es el voto dado por quien escribe la rese\u00f1a: los lectores pueden ver este voto en modo s\u00f3lo lectura.<br \/>Con el editor cl\u00e1sico, al crear o actualizar una p\u00e1gina o un post, aparecer\u00e1 un cuadro (metabox) en la esquina superior derecha donde podr\u00e1s<br \/>poder insertar la calificaci\u00f3n global.<br \/>Con el nuevo editor de Guteneberg, basta con hacer clic en el icono \"+\" para a\u00f1adir un bloque y buscar Yasr Overall Rating.<br \/>Puede colocar la valoraci\u00f3n global autom\u00e1ticamente al principio o al final de una entrada (busque en \"Configuraci\u00f3n\"<br \/>-&gt; \"Otra Clasificaci\u00f3n por Estrellas: Ajustes\"), o donde quieras en la p\u00e1gina usando el siguiente shortcode (se a\u00f1ade f\u00e1cilmente a trav\u00e9s del editor visual).<\/p><p><\/p>\t\t\t\t\t\t<\/div>\n\t\t\t\t<\/div>\n\t\t\t\t<div class=\"elementor-element elementor-element-45ac2d8 elementor-widget elementor-widget-heading\" data-id=\"45ac2d8\" data-element_type=\"widget\" data-widget_type=\"heading.default\">\n\t\t\t\t<div class=\"elementor-widget-container\">\n\t\t\t<h2 class=\"elementor-heading-title elementor-size-default\">[yasr_overall_rating]<\/h2>\t\t<\/div>\n\t\t\t\t<\/div>\n\t\t\t\t\t<\/div>\n\t\t<\/div>\n\t\t\t\t\t<\/div>\n\t\t<\/section>\n\t\t\t\t<section class=\"elementor-section elementor-inner-section elementor-element elementor-element-0b45b2e elementor-section-boxed elementor-section-height-default elementor-section-height-default\" data-id=\"0b45b2e\" data-element_type=\"section\" data-settings=\"{&quot;background_background&quot;:&quot;classic&quot;}\">\n\t\t\t\t\t\t<div class=\"elementor-container elementor-column-gap-default\">\n\t\t\t\t\t<div class=\"elementor-column elementor-col-100 elementor-inner-column elementor-element elementor-element-6f839ff\" data-id=\"6f839ff\" data-element_type=\"column\">\n\t\t\t<div class=\"elementor-widget-wrap elementor-element-populated\">\n\t\t\t\t\t\t<div class=\"elementor-element elementor-element-ae32819 elementor-widget elementor-widget-heading\" data-id=\"ae32819\" data-element_type=\"widget\" data-widget_type=\"heading.default\">\n\t\t\t\t<div class=\"elementor-widget-container\">\n\t\t\t<h2 class=\"elementor-heading-title elementor-size-default\">\u00bfQu\u00e9 es la valoraci\u00f3n de los visitantes?<\/h2>\t\t<\/div>\n\t\t\t\t<\/div>\n\t\t\t\t<div class=\"elementor-element elementor-element-5fd0573 elementor-widget elementor-widget-text-editor\" data-id=\"5fd0573\" data-element_type=\"widget\" data-widget_type=\"text-editor.default\">\n\t\t\t\t<div class=\"elementor-widget-container\">\n\t\t\t\t\t\t\t<p>Es el voto que permite a tus visitantes votar: s\u00f3lo tienes que pegar este shortcode donde quieras que aparezcan las estrellas.<\/p><p><strong><\/strong><\/p>\t\t\t\t\t\t<\/div>\n\t\t\t\t<\/div>\n\t\t\t\t<div class=\"elementor-element elementor-element-fc80001 elementor-widget elementor-widget-heading\" data-id=\"fc80001\" data-element_type=\"widget\" data-widget_type=\"heading.default\">\n\t\t\t\t<div class=\"elementor-widget-container\">\n\t\t\t<h2 class=\"elementor-heading-title elementor-size-default\">[yasr_visitor_votes]<\/h2>\t\t<\/div>\n\t\t\t\t<\/div>\n\t\t\t\t\t<\/div>\n\t\t<\/div>\n\t\t\t\t\t<\/div>\n\t\t<\/section>\n\t\t\t\t<section class=\"elementor-section elementor-inner-section elementor-element elementor-element-41d5b21 elementor-section-boxed elementor-section-height-default elementor-section-height-default\" data-id=\"41d5b21\" data-element_type=\"section\" data-settings=\"{&quot;background_background&quot;:&quot;classic&quot;}\">\n\t\t\t\t\t\t<div class=\"elementor-container elementor-column-gap-default\">\n\t\t\t\t\t<div class=\"elementor-column elementor-col-100 elementor-inner-column elementor-element elementor-element-163bb89\" data-id=\"163bb89\" data-element_type=\"column\">\n\t\t\t<div class=\"elementor-widget-wrap elementor-element-populated\">\n\t\t\t\t\t\t<div class=\"elementor-element elementor-element-df6f4f1 elementor-widget elementor-widget-heading\" data-id=\"df6f4f1\" data-element_type=\"widget\" data-widget_type=\"heading.default\">\n\t\t\t\t<div class=\"elementor-widget-container\">\n\t\t\t<h2 class=\"elementor-heading-title elementor-size-default\">\u00bfQu\u00e9 es Multi Set?<\/h2>\t\t<\/div>\n\t\t\t\t<\/div>\n\t\t\t\t<div class=\"elementor-element elementor-element-88b9c48 elementor-widget elementor-widget-text-editor\" data-id=\"88b9c48\" data-element_type=\"widget\" data-widget_type=\"text-editor.default\">\n\t\t\t\t<div class=\"elementor-widget-container\">\n\t\t\t\t\t\t\t<p>Es la caracter\u00edstica que hace que YASR sea incre\u00edble. Los conjuntos m\u00faltiples dan la oportunidad de puntuar diferentes aspectos para cada rese\u00f1a: por ejemplo, si est\u00e1s rese\u00f1ando un videojuego, puedes crear los aspectos \"Gr\u00e1ficos\", \"Jugabilidad\", \"Historia\", etc. y dar un voto para cada uno. Para crear un conjunto, s\u00f3lo tienes que ir a \"Ajustes\" -&gt; \"Otra Calificaci\u00f3n por Estrellas: Ajustes\" y haz clic en la pesta\u00f1a \"Conjuntos m\u00faltiples\". Para insertarlo en un post, s\u00f3lo tienes que pegar el shortcode que YASR crear\u00e1 para ti.<\/p><p><a href=\"https:\/\/yasr-45661b.ingress-alpha.ewp.live\/yasr-multi-sets\/\">Demo<\/a><\/p>\t\t\t\t\t\t<\/div>\n\t\t\t\t<\/div>\n\t\t\t\t<div class=\"elementor-element elementor-element-bf5bb7d elementor-widget elementor-widget-heading\" data-id=\"bf5bb7d\" data-element_type=\"widget\" data-widget_type=\"heading.default\">\n\t\t\t\t<div class=\"elementor-widget-container\">\n\t\t\t<h2 class=\"elementor-heading-title elementor-size-default\">[yasr_multiset setid=X]<\/h2>\t\t<\/div>\n\t\t\t\t<\/div>\n\t\t\t\t\t<\/div>\n\t\t<\/div>\n\t\t\t\t\t<\/div>\n\t\t<\/section>\n\t\t\t\t<section class=\"elementor-section elementor-inner-section elementor-element elementor-element-75c5014 elementor-section-boxed elementor-section-height-default elementor-section-height-default\" data-id=\"75c5014\" data-element_type=\"section\" data-settings=\"{&quot;background_background&quot;:&quot;classic&quot;}\">\n\t\t\t\t\t\t<div class=\"elementor-container elementor-column-gap-default\">\n\t\t\t\t\t<div class=\"elementor-column elementor-col-100 elementor-inner-column elementor-element elementor-element-29815f0\" data-id=\"29815f0\" data-element_type=\"column\">\n\t\t\t<div class=\"elementor-widget-wrap elementor-element-populated\">\n\t\t\t\t\t\t<div class=\"elementor-element elementor-element-4aadfa2 elementor-widget elementor-widget-heading\" data-id=\"4aadfa2\" data-element_type=\"widget\" data-widget_type=\"heading.default\">\n\t\t\t\t<div class=\"elementor-widget-container\">\n\t\t\t<h2 class=\"elementor-heading-title elementor-size-default\">\u00bfQu\u00e9 es el ranking de opiniones?<\/h2>\t\t<\/div>\n\t\t\t\t<\/div>\n\t\t\t\t<div class=\"elementor-element elementor-element-a921df9 elementor-widget elementor-widget-text-editor\" data-id=\"a921df9\" data-element_type=\"widget\" data-widget_type=\"text-editor.default\">\n\t\t\t\t<div class=\"elementor-widget-container\">\n\t\t\t\t\t\t\t<p>Es la tabla de los 10 art\u00edculos mejor valorados por el cr\u00edtico. Para insertarlo en un post o p\u00e1gina, s\u00f3lo tienes que pegar este shortcode\u00a0<\/p><p><a href=\"https:\/\/yasr-45661b.ingress-alpha.ewp.live\/yasr-rankings\/\">Demo<\/a><\/p>\t\t\t\t\t\t<\/div>\n\t\t\t\t<\/div>\n\t\t\t\t<div class=\"elementor-element elementor-element-3c7c7bb elementor-widget elementor-widget-heading\" data-id=\"3c7c7bb\" data-element_type=\"widget\" data-widget_type=\"heading.default\">\n\t\t\t\t<div class=\"elementor-widget-container\">\n\t\t\t<h2 class=\"elementor-heading-title elementor-size-default\">[yasr_top_ten_highest_rated]<\/h2>\t\t<\/div>\n\t\t\t\t<\/div>\n\t\t\t\t\t<\/div>\n\t\t<\/div>\n\t\t\t\t\t<\/div>\n\t\t<\/section>\n\t\t\t\t<section class=\"elementor-section elementor-inner-section elementor-element elementor-element-f109dba elementor-section-boxed elementor-section-height-default elementor-section-height-default\" data-id=\"f109dba\" data-element_type=\"section\" data-settings=\"{&quot;background_background&quot;:&quot;classic&quot;}\">\n\t\t\t\t\t\t<div class=\"elementor-container elementor-column-gap-default\">\n\t\t\t\t\t<div class=\"elementor-column elementor-col-100 elementor-inner-column elementor-element elementor-element-26b99b6\" data-id=\"26b99b6\" data-element_type=\"column\">\n\t\t\t<div class=\"elementor-widget-wrap elementor-element-populated\">\n\t\t\t\t\t\t<div class=\"elementor-element elementor-element-bc1ed2d elementor-widget elementor-widget-heading\" data-id=\"bc1ed2d\" data-element_type=\"widget\" data-widget_type=\"heading.default\">\n\t\t\t\t<div class=\"elementor-widget-container\">\n\t\t\t<h2 class=\"elementor-heading-title elementor-size-default\">\u00bfQu\u00e9 es la clasificaci\u00f3n de usuarios?<\/h2>\t\t<\/div>\n\t\t\t\t<\/div>\n\t\t\t\t<div class=\"elementor-element elementor-element-28873b6 elementor-widget elementor-widget-text-editor\" data-id=\"28873b6\" data-element_type=\"widget\" data-widget_type=\"text-editor.default\">\n\t\t\t\t<div class=\"elementor-widget-container\">\n\t\t\t\t\t\t\t<p>Se trata de 2 gr\u00e1ficos en 1. De hecho, este gr\u00e1fico muestra tanto las entradas\/p\u00e1ginas m\u00e1s valoradas como las entradas\/p\u00e1ginas mejor valoradas.<br \/>Para que un art\u00edculo aparezca en este gr\u00e1fico, tiene que haber sido valorado al menos dos veces.<br \/>Pega este shortcode para que aparezca donde quieras\u00a0<\/p><p><a href=\"https:\/\/yasr-45661b.ingress-alpha.ewp.live\/yasr-rankings\/#users-rank\">Demo<\/a><\/p>\t\t\t\t\t\t<\/div>\n\t\t\t\t<\/div>\n\t\t\t\t<div class=\"elementor-element elementor-element-5191bf8 elementor-widget elementor-widget-heading\" data-id=\"5191bf8\" data-element_type=\"widget\" data-widget_type=\"heading.default\">\n\t\t\t\t<div class=\"elementor-widget-container\">\n\t\t\t<h2 class=\"elementor-heading-title elementor-size-default\">[yasr_most_or_highest_rated_posts]<\/h2>\t\t<\/div>\n\t\t\t\t<\/div>\n\t\t\t\t\t<\/div>\n\t\t<\/div>\n\t\t\t\t\t<\/div>\n\t\t<\/section>\n\t\t\t\t<section class=\"elementor-section elementor-inner-section elementor-element elementor-element-7c62838 elementor-section-boxed elementor-section-height-default elementor-section-height-default\" data-id=\"7c62838\" data-element_type=\"section\" data-settings=\"{&quot;background_background&quot;:&quot;classic&quot;}\">\n\t\t\t\t\t\t<div class=\"elementor-container elementor-column-gap-default\">\n\t\t\t\t\t<div class=\"elementor-column elementor-col-100 elementor-inner-column elementor-element elementor-element-6727aac\" data-id=\"6727aac\" data-element_type=\"column\">\n\t\t\t<div class=\"elementor-widget-wrap elementor-element-populated\">\n\t\t\t\t\t\t<div class=\"elementor-element elementor-element-ad0e356 elementor-widget elementor-widget-heading\" data-id=\"ad0e356\" data-element_type=\"widget\" data-widget_type=\"heading.default\">\n\t\t\t\t<div class=\"elementor-widget-container\">\n\t\t\t<h2 class=\"elementor-heading-title elementor-size-default\">\u00bfQu\u00e9 son los cr\u00edticos m\u00e1s activos?<\/h2>\t\t<\/div>\n\t\t\t\t<\/div>\n\t\t\t\t<div class=\"elementor-element elementor-element-d69b023 elementor-widget elementor-widget-text-editor\" data-id=\"d69b023\" data-element_type=\"widget\" data-widget_type=\"text-editor.default\">\n\t\t\t\t<div class=\"elementor-widget-container\">\n\t\t\t\t\t\t\t<p>Si en su sitio hay m\u00e1s de 1 persona escribiendo rese\u00f1as, este gr\u00e1fico mostrar\u00e1 los 5 rese\u00f1adores m\u00e1s activos. El c\u00f3digo corto es\u00a0<\/p><p><a href=\"https:\/\/yasr-45661b.ingress-alpha.ewp.live\/yasr-rankings\/#most-active-rew\">Demo<\/a><\/p>\t\t\t\t\t\t<\/div>\n\t\t\t\t<\/div>\n\t\t\t\t<div class=\"elementor-element elementor-element-ca85296 elementor-widget elementor-widget-heading\" data-id=\"ca85296\" data-element_type=\"widget\" data-widget_type=\"heading.default\">\n\t\t\t\t<div class=\"elementor-widget-container\">\n\t\t\t<h2 class=\"elementor-heading-title elementor-size-default\">[yasr_top_5_reviewers]\n<\/h2>\t\t<\/div>\n\t\t\t\t<\/div>\n\t\t\t\t\t<\/div>\n\t\t<\/div>\n\t\t\t\t\t<\/div>\n\t\t<\/section>\n\t\t\t\t<section class=\"elementor-section elementor-inner-section elementor-element elementor-element-3f5d62b elementor-section-boxed elementor-section-height-default elementor-section-height-default\" data-id=\"3f5d62b\" data-element_type=\"section\" data-settings=\"{&quot;background_background&quot;:&quot;classic&quot;}\">\n\t\t\t\t\t\t<div class=\"elementor-container elementor-column-gap-default\">\n\t\t\t\t\t<div class=\"elementor-column elementor-col-100 elementor-inner-column elementor-element elementor-element-60fdc91\" data-id=\"60fdc91\" data-element_type=\"column\">\n\t\t\t<div class=\"elementor-widget-wrap elementor-element-populated\">\n\t\t\t\t\t\t<div class=\"elementor-element elementor-element-c5d63b3 elementor-widget elementor-widget-heading\" data-id=\"c5d63b3\" data-element_type=\"widget\" data-widget_type=\"heading.default\">\n\t\t\t\t<div class=\"elementor-widget-container\">\n\t\t\t<h2 class=\"elementor-heading-title elementor-size-default\">\u00bfPor qu\u00e9 no veo estrellas en google?<\/h2>\t\t<\/div>\n\t\t\t\t<\/div>\n\t\t\t\t<div class=\"elementor-element elementor-element-069def4 elementor-widget elementor-widget-text-editor\" data-id=\"069def4\" data-element_type=\"widget\" data-widget_type=\"text-editor.default\">\n\t\t\t\t<div class=\"elementor-widget-container\">\n\t\t\t\t\t\t\t<p>Por favor, aseg\u00farese de que si utiliza principalmente el \"<strong>yasr_visitor_votes<\/strong>\", debe seleccionar \"<strong>Calificaci\u00f3n global<\/strong>\" a la pregunta \"\u00bfQu\u00e9 fragmento enriquecido desea utilizar?\" en la Configuraci\u00f3n general.<br \/>Si, por el contrario, su sitio web utiliza mayoritariamente el \"<strong>yasr_overall_rating<\/strong>\", debe seleccionar \"Valoraci\u00f3n\".<br \/>Google necesitar\u00e1 algunos d\u00edas para indexar las estrellas.<br \/>Puede utilizar la [Herramienta de comprobaci\u00f3n de datos estructurados](https:\/\/search.google.com\/structured-data\/testing-tool\/u\/0\/) para validar su p\u00e1gina.<br \/>Si configuras todo bien, en el 99% de los casos tus estrellas aparecer\u00e1n en una semana.<br \/>Si no lo hace, se sugiere preguntar en un foro orientado a SEO.<\/p>\t\t\t\t\t\t<\/div>\n\t\t\t\t<\/div>\n\t\t\t\t\t<\/div>\n\t\t<\/div>\n\t\t\t\t\t<\/div>\n\t\t<\/section>\n\t\t\t\t<section class=\"elementor-section elementor-inner-section elementor-element elementor-element-e3fe6b3 elementor-section-boxed elementor-section-height-default elementor-section-height-default\" data-id=\"e3fe6b3\" data-element_type=\"section\">\n\t\t\t\t\t\t<div class=\"elementor-container elementor-column-gap-default\">\n\t\t\t\t\t<div class=\"elementor-column elementor-col-100 elementor-inner-column elementor-element elementor-element-754af21\" data-id=\"754af21\" data-element_type=\"column\">\n\t\t\t<div class=\"elementor-widget-wrap elementor-element-populated\">\n\t\t\t\t\t\t<div class=\"elementor-element elementor-element-0bab476 elementor-widget elementor-widget-text-editor\" data-id=\"0bab476\" data-element_type=\"widget\" data-widget_type=\"text-editor.default\">\n\t\t\t\t<div class=\"elementor-widget-container\">\n\t\t\t\t\t\t\t\t\t\t\t\t\t<\/div>\n\t\t\t\t<\/div>\n\t\t\t\t\t<\/div>\n\t\t<\/div>\n\t\t\t\t\t<\/div>\n\t\t<\/section>\n\t\t\t\t\t<\/div>\n\t\t<\/div>\n\t\t\t\t\t<\/div>\n\t\t<\/section>\n\t\t\t\t<\/div>","protected":false},"excerpt":{"rendered":"<p>\u00bfQu\u00e9 es la valoraci\u00f3n global? Con el editor cl\u00e1sico, cuando se crea o actualiza una p\u00e1gina o un post, un cuadro (metabox) estar\u00e1 disponible en la esquina superior derecha, donde podr\u00e1s insertar la puntuaci\u00f3n [...].<\/p>","protected":false},"author":797,"featured_media":0,"parent":0,"menu_order":0,"comment_status":"closed","ping_status":"closed","template":"","meta":{"inline_featured_image":false,"site-sidebar-layout":"no-sidebar","site-content-layout":"","ast-site-content-layout":"full-width-container","site-content-style":"default","site-sidebar-style":"default","ast-global-header-display":"","ast-banner-title-visibility":"","ast-main-header-display":"","ast-hfb-above-header-display":"","ast-hfb-below-header-display":"","ast-hfb-mobile-header-display":"","site-post-title":"disabled","ast-breadcrumbs-content":"","ast-featured-img":"disabled","footer-sml-layout":"","theme-transparent-header-meta":"default","adv-header-id-meta":"","stick-header-meta":"","header-above-stick-meta":"","header-main-stick-meta":"","header-below-stick-meta":"","astra-migrate-meta-layouts":"set","ast-page-background-enabled":"default","ast-page-background-meta":{"desktop":{"background-color":"var(--ast-global-color-4)","background-image":"","background-repeat":"repeat","background-position":"center center","background-size":"auto","background-attachment":"scroll","background-type":"","background-media":"","overlay-type":"","overlay-color":"","overlay-gradient":""},"tablet":{"background-color":"","background-image":"","background-repeat":"repeat","background-position":"center center","background-size":"auto","background-attachment":"scroll","background-type":"","background-media":"","overlay-type":"","overlay-color":"","overlay-gradient":""},"mobile":{"background-color":"","background-image":"","background-repeat":"repeat","background-position":"center center","background-size":"auto","background-attachment":"scroll","background-type":"","background-media":"","overlay-type":"","overlay-color":"","overlay-gradient":""}},"ast-content-background-meta":{"desktop":{"background-color":"var(--ast-global-color-5)","background-image":"","background-repeat":"repeat","background-position":"center center","background-size":"auto","background-attachment":"scroll","background-type":"","background-media":"","overlay-type":"","overlay-color":"","overlay-gradient":""},"tablet":{"background-color":"var(--ast-global-color-5)","background-image":"","background-repeat":"repeat","background-position":"center center","background-size":"auto","background-attachment":"scroll","background-type":"","background-media":"","overlay-type":"","overlay-color":"","overlay-gradient":""},"mobile":{"background-color":"var(--ast-global-color-5)","background-image":"","background-repeat":"repeat","background-position":"center center","background-size":"auto","background-attachment":"scroll","background-type":"","background-media":"","overlay-type":"","overlay-color":"","overlay-gradient":""}},"yasr_overall_rating":0,"yasr_post_is_review":"","yasr_auto_insert_disabled":"","yasr_review_type":"","yasr_pro_reviews_in_comment_enabled":0,"footnotes":""},"yasr_visitor_votes":{"stars_attributes":{"read_only":false,"span_bottom":false},"number_of_votes":18,"sum_votes":74},"_links":{"self":[{"href":"https:\/\/yetanotherstarsrating.com\/es\/wp-json\/wp\/v2\/pages\/11003"}],"collection":[{"href":"https:\/\/yetanotherstarsrating.com\/es\/wp-json\/wp\/v2\/pages"}],"about":[{"href":"https:\/\/yetanotherstarsrating.com\/es\/wp-json\/wp\/v2\/types\/page"}],"author":[{"embeddable":true,"href":"https:\/\/yetanotherstarsrating.com\/es\/wp-json\/wp\/v2\/users\/797"}],"replies":[{"embeddable":true,"href":"https:\/\/yetanotherstarsrating.com\/es\/wp-json\/wp\/v2\/comments?post=11003"}],"version-history":[{"count":33,"href":"https:\/\/yetanotherstarsrating.com\/es\/wp-json\/wp\/v2\/pages\/11003\/revisions"}],"predecessor-version":[{"id":13543,"href":"https:\/\/yetanotherstarsrating.com\/es\/wp-json\/wp\/v2\/pages\/11003\/revisions\/13543"}],"wp:attachment":[{"href":"https:\/\/yetanotherstarsrating.com\/es\/wp-json\/wp\/v2\/media?parent=11003"}],"curies":[{"name":"wp","href":"https:\/\/api.w.org\/{rel}","templated":true}]}}