{"id":11737,"date":"2020-08-31T21:45:58","date_gmt":"2020-08-31T19:45:58","guid":{"rendered":"https:\/\/test.yetanotherstarsrating.com\/?page_id=11737"},"modified":"2023-09-07T16:22:06","modified_gmt":"2023-09-07T14:22:06","slug":"terms-and-contions","status":"publish","type":"page","link":"https:\/\/yetanotherstarsrating.com\/es\/terminos-y-condiciones\/","title":{"rendered":"Condiciones generales"},"content":{"rendered":"<p>Nuestro sitio web (el \"sitio\" - https:\/\/yetanotherstarsratings.com) le concede una licencia limitada no exclusiva para utilizar el plugin Yet Another Stars Rating (el \"plugin\") y cualquier complemento aplicable para Yet Another Stars Rating que se venda a trav\u00e9s del sitio. Este sitio se rige por PARETO Digital GmbH &amp; Co. KG (el \"propietario\"), y al comprar el plugin, usted acepta adherirse y cumplir los T\u00e9rminos y Condiciones (la \"licencia\") emitidos por nuestra empresa.<\/p>\n\n\n\n<p><strong>1. Licencias de los plugins<\/strong><\/p>\n\n\n\n<p>Yet Another Stars Rating est\u00e1 licenciado bajo la licencia GNU general public\n(http:\/\/www.gnu.org\/licenses\/gpl.html) versi\u00f3n 2.0 o posterior.<\/p>\n\n\n\n<p>Nuestro sitio web (el \"sitio\" - https:\/\/yetanotherstarsratings.com) le concede una licencia limitada no exclusiva para utilizar el plugin Yet Another Stars Rating (el \"plugin\") y cualquier complemento aplicable para Yet Another Stars Rating que se venda a trav\u00e9s del sitio. Este sitio se rige por el propietario, y mediante la compra del plugin, usted acepta adherirse y cumplir con los T\u00e9rminos y Condiciones (la \"licencia\") emitida por nuestra empresa.<\/p>\n\n\n\n<p><strong>2. Garant\u00eda<\/strong><\/p>\n\n\n\n<p>Los plugins vendidos y distribuidos por el propietario se hacen con la esperanza de que sean \u00fatiles, pero SIN NINGUNA GARANT\u00cdA; ni siquiera la garant\u00eda impl\u00edcita de COMERCIABILIDAD o IDONEIDAD PARA UN PROP\u00d3SITO PARTICULAR.<\/p>\n\n\n\n<p>En la medida en que WordPress funciona correctamente en una instalaci\u00f3n limpia de s\u00ed mismo,<br>Sin embargo,\n Otro Stars Rating est\u00e1 garantizado para funcionar en una instalaci\u00f3n limpia de\nla versi\u00f3n m\u00ednima, estable y necesaria de WordPress para el plugin.\nDebido a que el n\u00famero y la variedad de plugins es enorme y amplia, no\nno garantizamos que el plugin funcione con todos los plugins de terceros,\ntemas o navegadores de cualquier tipo. No nos hacemos ni nos haremos\nresponsable de cualquier conflicto o problemas de compatibilidad que pueden ocurrir debido a\n software de terceros. No asumimos responsabilidad alguna por la p\u00e9rdida de datos\n como resultado de la instalaci\u00f3n o el uso del plugin. Si se produjeran conflictos con\n software de terceros, podemos proporcionar apoyo a nuestra discreci\u00f3n.<\/p>\n\n\n\n<p><strong>3. Soporte<\/strong><\/p>\n\n\n\n<p>El propietario vende y distribuye Yet Another Stars Rating y otros plugins \"tal cual\" y sin que ello implique que vayan a funcionar exactamente como a usted le gustar\u00eda o que vayan a ser compatibles con todos los componentes y plugins de terceros.<\/p>\n\n\n\n<p>El soporte para los plugins vendidos y distribuidos por el propietario s\u00f3lo est\u00e1 disponible para aquellos que tengan una licencia de soporte activa y de pago.<\/p>\n\n\n\n<p>La asistencia t\u00e9cnica y las actualizaciones se conceden durante un a\u00f1o a partir de la fecha de compra original.\noriginal en funci\u00f3n de la licencia que haya adquirido. Transcurrido el a\u00f1o\n a\u00f1o, el comprador debe renovar su licencia para seguir recibiendo asistencia y\npara seguir recibiendo asistencia y actualizaciones de los productos adquiridos.<\/p>\n\n\n\n<p>La \"asistencia\" para Yet Another Stars Rating se proporciona mientras Yet Another Stars Rating est\u00e9 activamente en desarrollo. En caso de que se produzca alguna de las siguientes situaciones, el propietario dejar\u00e1 de ser responsable de prestar asistencia a Yet Another Stars Rating:<\/p>\n\n\n\n<ol>\n<li>Yet Another Stars Rating ya no es desarrollado activamente como un producto viable por el propietario.<\/li>\n\n\n\n<li>Otra clasificaci\u00f3n por estrellas o la empresa matriz es adquirida o comprada por otra empresa.<\/li>\n\n\n\n<li>WordPress ya no se desarrolla activamente.<\/li>\n<\/ol>\n\n\n\n<p>Aunque intentamos ofrecer el mejor soporte posible para nuestros\nplugins, no garantizamos que cualquier consulta de soporte en particular pueda o\npueda o vaya a ser respondida de forma que el usuario quede\nsatisfecho.<\/p>\n\n\n\n<p><strong>4. Titulares de licencia<\/strong><\/p>\n\n\n\n<p>S\u00f3lo el titular de una licencia puede solicitar asistencia o acceder a\na los recursos de soporte. Si otra persona que no sea el titular de la licencia intenta\nque no sea el titular de la licencia para acceder al soporte de una forma no especificada, nos\nreservamos el derecho de suspender indefinidamente la clave de licencia sin previo aviso\n o consentimiento.<\/p>\n\n\n\n<p>Est\u00e1 estrictamente prohibido volver a publicar el contenido de cualquier parte de este sitio, incluidos los materiales de soporte\nforo y materiales de documentaci\u00f3n, est\u00e1 estrictamente prohibido. Si se\nSi se intenta volver a publicar el contenido de una manera especificada anteriormente, nos\nreservamos el derecho de suspender indefinidamente la clave de licencia sin previo aviso\n o consentimiento.<\/p>\n\n\n\n<p><a name=\"subscriptions_summary\"><\/a><strong>5. Suscripciones y renovaciones autom\u00e1ticas<\/strong><\/p>\n\n\n\n<p>Las actualizaciones autom\u00e1ticas est\u00e1n disponibles para los titulares de licencias que tengan una suscripci\u00f3n y una clave de licencia activas y v\u00e1lidas.\n suscripci\u00f3n y clave de licencia activas y v\u00e1lidas. Las actualizaciones autom\u00e1ticas est\u00e1n disponibles\n para<br>Yet Another Stars Rating y todos los dem\u00e1s complementos Yet Another\nStars Rating instalados. Las actualizaciones autom\u00e1ticas est\u00e1n disponibles siempre que la\nclave de licencia generada por la compra sea v\u00e1lida y est\u00e9 activa.<\/p>\n\n\n\n<p>Si se suscribe a los planes mensuales o anuales, y su licencia\nexpira debido a una renovaci\u00f3n fallida, suscripci\u00f3n o cancelaci\u00f3n de licencia,\nse desactivar\u00e1n las funciones y caracter\u00edsticas de pago del producto.<\/p>\n\n\n\n<p><strong>6. Entrega de plugins<\/strong><\/p>\n\n\n\n<p>Una vez que hayamos procesado correctamente su pago, recibir\u00e1\nun correo electr\u00f3nico con su n\u00famero de pedido y su clave de licencia. Puede descargar\nel plugin haciendo clic en el enlace correspondiente del correo electr\u00f3nico que reciba.\nque reciba.<\/p>\n\n\n\n<p>Si no recibe un correo electr\u00f3nico con sus datos, puede ponerse en contacto con nosotros en support@yetanotherstarsrating.com para solicitar la informaci\u00f3n sobre su compra.<\/p>\n\n\n\n<p><strong>7. Propiedad<\/strong><\/p>\n\n\n\n<p>Todos los plugins son propiedad de su propietario. Queda terminantemente prohibido reclamar cualquier tipo de derecho de propiedad intelectual o exclusiva de nuestros productos.<\/p>\n\n\n\n<p>Nuestros plugins se proporcionan \"tal cual\" sin garant\u00eda de ning\u00fan tipo,\nexpresa o impl\u00edcita. No seremos responsables de ning\u00fan da\u00f1o, incluidos\ndirectos, indirectos, especiales, fortuitos o consecuentes que se produzcan\no consecuentes que se produzcan por el uso o la imposibilidad de usar nuestros plugins.\nde utilizar nuestros plugins.<\/p>\n\n\n\n<p><strong>8. Contenido del sitio web y de los plugins<\/strong><\/p>\n\n\n\n<p>Todo el contenido que se encuentra en este sitio y en nuestro plugin, incluyendo im\u00e1genes, documentaci\u00f3n, consultas de soporte y cualquier otra informaci\u00f3n, es propiedad del propietario y no puede ser redistribuido sin permiso o consentimiento.<\/p>\n\n\n\n<p><strong>9. Cambios de precios<\/strong><\/p>\n\n\n\n<p>El propietario se reserva el derecho a modificar, cambiar, cancelar o actualizar la suscripci\u00f3n a un plugin y\/o la clave de licencia sin previo aviso ni consentimiento.  Los precios de todos los productos est\u00e1n sujetos a cambios sin previo aviso o consentimiento.<\/p>\n\n\n\n<p><strong>10. Pol\u00edtica de reembolso<\/strong><\/p>\n\n\n\n<p>Los reembolsos se ofrecer\u00e1n a nuestra entera discreci\u00f3n y deber\u00e1n cumplir todas las condiciones siguientes <strong>totalmente<\/strong>:<\/p>\n\n\n\n<ul>\n<li>Usted est\u00e1 dentro de los primeros 7 d\u00edas de la compra del plugin.<\/li>\n\n\n\n<li>Su(s) problema(s) deriva(n) de no poder instalar el plugin correctamente o conseguir que el plugin realice sus funciones b\u00e1sicas.<\/li>\n\n\n\n<li>Usted\n ha intentado resolver su(s) problema(s) con nuestro equipo de soporte mediante\nabriendo un ticket de soporte a trav\u00e9s de \"Cont\u00e1ctenos\" en la configuraci\u00f3n\ndel plugin.<\/li>\n\n\n\n<li>No se conceder\u00e1 ning\u00fan reembolso despu\u00e9s de los 7 primeros d\u00edas de la compra original.<\/li>\n\n\n\n<li>No se conceder\u00e1n reembolsos por las funciones que falten. Si no est\u00e1 seguro de que admitamos una funci\u00f3n espec\u00edfica, p\u00f3ngase en contacto con nosotros primero.<\/li>\n\n\n\n<li>Los problemas causados por conflictos con plugins, temas u otro software de terceros no ser\u00e1n motivo de reembolso.<\/li>\n\n\n\n<li>No se conceder\u00e1n reembolsos si simplemente decide no utilizar el plugin.<\/li>\n<\/ul>\n\n\n\n<p>Al actualizar, usted acepta esta pol\u00edtica de reembolso y renuncia a cualquier\nderecho a someterla a cualquier pregunta, juicio o acci\u00f3n legal.<\/p>\n\n\n\n<p><strong>11. Correo electr\u00f3nico<\/strong><\/p>\n\n\n\n<p>El propietario puede enviarle ocasionalmente correos electr\u00f3nicos relacionados con la compra de producto(s) de nuestra empresa. Tambi\u00e9n podemos enviarle ocasionalmente boletines informativos por correo electr\u00f3nico relacionados con actualizaciones y promociones de Yet Another Stars Rating. Nunca venderemos ni revelaremos su direcci\u00f3n de correo electr\u00f3nico a terceros. Puede darse de baja de estos correos electr\u00f3nicos en cualquier momento sin penalizaci\u00f3n alguna.<\/p>\n\n\n\n<p><strong>12. Acuerdo de licencia<\/strong><\/p>\n\n\n\n<p>Al comprar nuestro(s) producto(s), usted indica y consiente que ha\nle\u00eddo y acepta los T\u00e9rminos y Condiciones enumerados y detallados en esta\n p\u00e1gina. Nos reservamos el derecho de cambiar o modificar los T\u00e9rminos y\nCondiciones sin previo aviso o consentimiento.<\/p>","protected":false},"excerpt":{"rendered":"<p>Nuestro sitio web (el \"sitio\" - https:\/\/yetanotherstarsratings.com) le concede una licencia limitada no exclusiva para utilizar el plugin Yet Another Stars Rating (el \"plugin\") y cualquier complemento aplicable para Yet Another Stars Rating vendido a trav\u00e9s del sitio. Este sitio se rige por PARETO Digital GmbH &amp; Co. KG (el \"propietario\"), y al comprar el plugin, usted acepta [...]<\/p>","protected":false},"author":797,"featured_media":0,"parent":0,"menu_order":0,"comment_status":"closed","ping_status":"closed","template":"","meta":{"inline_featured_image":false,"site-sidebar-layout":"default","site-content-layout":"","ast-site-content-layout":"","site-content-style":"default","site-sidebar-style":"default","ast-global-header-display":"","ast-banner-title-visibility":"","ast-main-header-display":"","ast-hfb-above-header-display":"","ast-hfb-below-header-display":"","ast-hfb-mobile-header-display":"","site-post-title":"","ast-breadcrumbs-content":"","ast-featured-img":"","footer-sml-layout":"","theme-transparent-header-meta":"","adv-header-id-meta":"","stick-header-meta":"","header-above-stick-meta":"","header-main-stick-meta":"","header-below-stick-meta":"","astra-migrate-meta-layouts":"default","ast-page-background-enabled":"default","ast-page-background-meta":{"desktop":{"background-color":"var(--ast-global-color-4)","background-image":"","background-repeat":"repeat","background-position":"center center","background-size":"auto","background-attachment":"scroll","background-type":"","background-media":"","overlay-type":"","overlay-color":"","overlay-gradient":""},"tablet":{"background-color":"","background-image":"","background-repeat":"repeat","background-position":"center center","background-size":"auto","background-attachment":"scroll","background-type":"","background-media":"","overlay-type":"","overlay-color":"","overlay-gradient":""},"mobile":{"background-color":"","background-image":"","background-repeat":"repeat","background-position":"center center","background-size":"auto","background-attachment":"scroll","background-type":"","background-media":"","overlay-type":"","overlay-color":"","overlay-gradient":""}},"ast-content-background-meta":{"desktop":{"background-color":"var(--ast-global-color-5)","background-image":"","background-repeat":"repeat","background-position":"center center","background-size":"auto","background-attachment":"scroll","background-type":"","background-media":"","overlay-type":"","overlay-color":"","overlay-gradient":""},"tablet":{"background-color":"var(--ast-global-color-5)","background-image":"","background-repeat":"repeat","background-position":"center center","background-size":"auto","background-attachment":"scroll","background-type":"","background-media":"","overlay-type":"","overlay-color":"","overlay-gradient":""},"mobile":{"background-color":"var(--ast-global-color-5)","background-image":"","background-repeat":"repeat","background-position":"center center","background-size":"auto","background-attachment":"scroll","background-type":"","background-media":"","overlay-type":"","overlay-color":"","overlay-gradient":""}},"yasr_overall_rating":0,"yasr_post_is_review":"","yasr_auto_insert_disabled":"","yasr_review_type":"","yasr_pro_reviews_in_comment_enabled":0,"footnotes":""},"yasr_visitor_votes":{"stars_attributes":{"read_only":false,"span_bottom":false},"number_of_votes":0,"sum_votes":0},"_links":{"self":[{"href":"https:\/\/yetanotherstarsrating.com\/es\/wp-json\/wp\/v2\/pages\/11737"}],"collection":[{"href":"https:\/\/yetanotherstarsrating.com\/es\/wp-json\/wp\/v2\/pages"}],"about":[{"href":"https:\/\/yetanotherstarsrating.com\/es\/wp-json\/wp\/v2\/types\/page"}],"author":[{"embeddable":true,"href":"https:\/\/yetanotherstarsrating.com\/es\/wp-json\/wp\/v2\/users\/797"}],"replies":[{"embeddable":true,"href":"https:\/\/yetanotherstarsrating.com\/es\/wp-json\/wp\/v2\/comments?post=11737"}],"version-history":[{"count":12,"href":"https:\/\/yetanotherstarsrating.com\/es\/wp-json\/wp\/v2\/pages\/11737\/revisions"}],"predecessor-version":[{"id":13661,"href":"https:\/\/yetanotherstarsrating.com\/es\/wp-json\/wp\/v2\/pages\/11737\/revisions\/13661"}],"wp:attachment":[{"href":"https:\/\/yetanotherstarsrating.com\/es\/wp-json\/wp\/v2\/media?parent=11737"}],"curies":[{"name":"wp","href":"https:\/\/api.w.org\/{rel}","templated":true}]}}