{"id":12822,"date":"2023-02-09T14:04:21","date_gmt":"2023-02-09T13:04:21","guid":{"rendered":"https:\/\/test.yetanotherstarsrating.com\/?page_id=12822"},"modified":"2023-09-07T15:56:41","modified_gmt":"2023-09-07T13:56:41","slug":"yasr-order-posts-by-ratings","status":"publish","type":"page","link":"https:\/\/yetanotherstarsrating.com\/es\/yasr-ordena-los-mensajes-por-valoraciones\/","title":{"rendered":"Yasr ordena los puestos por valoraciones"},"content":{"rendered":"<h3 class=\"wp-block-heading\">Ordene sus puestos por <span style=\"color: #FF8F00;\">\u00a1calificaciones!<\/span><\/h3>\n\n\n\n<p>Como sabe, por defecto, las entradas de WordPress se ordenan en funci\u00f3n de la fecha en que se publicaron.<\/p>\n\n\n\n<p>Con YASR, en cambio, puedes reordenar tus entradas por <strong>clasificaciones<\/strong>!<\/p>\n\n\n\n<p>M\u00e1s concretamente, puedes ordenar tus entradas por:<\/p>\n\n\n\n<ul>\n<li><span style=\"font-size: revert; background-color: var(--ast-global-color-5); color: initial;\">Las valoraciones de los visitantes cuentan<\/span><\/li>\n\n\n\n<li><span style=\"font-size: revert; background-color: var(--ast-global-color-5); color: initial;\">Valoraci\u00f3n media de los visitantes<\/span><\/li>\n\n\n\n<li><span style=\"font-size: revert; background-color: var(--ast-global-color-5); color: initial;\">Valoraci\u00f3n de los autores<\/span> <\/li>\n<\/ul>\n\n\n\n<p>En los ajustes, (<em>Configuraci\u00f3n general <\/em>-&gt; <em>archivo P\u00e1ginas<\/em>) puedes reordenar tu p\u00e1gina de inicio, archivos y etiquetas.<\/p>\n\n\n\n<p>Si quieres tener un control m\u00e1s granular, existe el shortcode <a href=\"https:\/\/yetanotherstarsrating.com\/es\/yasr-shortcodes\/puestos-de-visualizacion-yasr\/\"><u><strong>yasr_display_posts<\/strong><\/u><\/a><u><strong>.<\/strong><\/u><\/p>\n\n\n\n<h3 class=\"wp-block-heading\">Utiliza tu <span style=\"color:#FF8F00;\">plantilla personalizada<\/span><\/h3>\n\n\n\n<p>Por defecto, las entradas se imprimen utilizando una plantilla que puedes encontrar dentro de la carpeta <strong>plantillas<\/strong> direcci\u00f3n.<\/p>\n\n\n\n<p>Si lo desea, puede anular la plantilla predeterminada, creando una nueva carpeta denominada <strong>yasr<\/strong> en su tema actual.<\/p>\n\n\n\n<p>Por ejemplo, copie <code class=\"yasr-code\">\/plantillas\/contenido.php<\/code> a <code class=\"yasr-code\">\/su-tema\/yasr\/content.php<\/code> y realice los cambios necesarios. Ver\u00e1s los cambios en el frontend. De esta forma puedes modificar el plugin sin modificar el n\u00facleo del plugin, que podr\u00eda ser reemplazado con las actualizaciones.<\/p>\n\n\n<p>&nbsp;<\/p>","protected":false},"excerpt":{"rendered":"<p>Ordena tus entradas por valoraciones Como sabes, por defecto, las entradas de WordPress se ordenan en funci\u00f3n de la fecha en la que se publicaron. Con YASR, en cambio, \u00a1puedes reordenar tus entradas por valoraciones! M\u00e1s concretamente, puedes ordenar tus entradas por: En la configuraci\u00f3n, (Configuraci\u00f3n general -&gt; archivo P\u00e1ginas) puede reordenar su p\u00e1gina de inicio, archivos [...]<\/p>","protected":false},"author":797,"featured_media":0,"parent":0,"menu_order":0,"comment_status":"closed","ping_status":"closed","template":"","meta":{"inline_featured_image":false,"site-sidebar-layout":"default","site-content-layout":"","ast-site-content-layout":"","site-content-style":"default","site-sidebar-style":"default","ast-global-header-display":"","ast-banner-title-visibility":"","ast-main-header-display":"","ast-hfb-above-header-display":"","ast-hfb-below-header-display":"","ast-hfb-mobile-header-display":"","site-post-title":"","ast-breadcrumbs-content":"","ast-featured-img":"","footer-sml-layout":"","theme-transparent-header-meta":"","adv-header-id-meta":"","stick-header-meta":"","header-above-stick-meta":"","header-main-stick-meta":"","header-below-stick-meta":"","astra-migrate-meta-layouts":"default","ast-page-background-enabled":"default","ast-page-background-meta":{"desktop":{"background-color":"var(--ast-global-color-4)","background-image":"","background-repeat":"repeat","background-position":"center center","background-size":"auto","background-attachment":"scroll","background-type":"","background-media":"","overlay-type":"","overlay-color":"","overlay-gradient":""},"tablet":{"background-color":"","background-image":"","background-repeat":"repeat","background-position":"center center","background-size":"auto","background-attachment":"scroll","background-type":"","background-media":"","overlay-type":"","overlay-color":"","overlay-gradient":""},"mobile":{"background-color":"","background-image":"","background-repeat":"repeat","background-position":"center center","background-size":"auto","background-attachment":"scroll","background-type":"","background-media":"","overlay-type":"","overlay-color":"","overlay-gradient":""}},"ast-content-background-meta":{"desktop":{"background-color":"var(--ast-global-color-5)","background-image":"","background-repeat":"repeat","background-position":"center center","background-size":"auto","background-attachment":"scroll","background-type":"","background-media":"","overlay-type":"","overlay-color":"","overlay-gradient":""},"tablet":{"background-color":"var(--ast-global-color-5)","background-image":"","background-repeat":"repeat","background-position":"center center","background-size":"auto","background-attachment":"scroll","background-type":"","background-media":"","overlay-type":"","overlay-color":"","overlay-gradient":""},"mobile":{"background-color":"var(--ast-global-color-5)","background-image":"","background-repeat":"repeat","background-position":"center center","background-size":"auto","background-attachment":"scroll","background-type":"","background-media":"","overlay-type":"","overlay-color":"","overlay-gradient":""}},"yasr_overall_rating":0,"yasr_post_is_review":"","yasr_auto_insert_disabled":"","yasr_review_type":"","yasr_pro_reviews_in_comment_enabled":0,"footnotes":""},"yasr_visitor_votes":{"stars_attributes":{"read_only":false,"span_bottom":false},"number_of_votes":0,"sum_votes":0},"_links":{"self":[{"href":"https:\/\/yetanotherstarsrating.com\/es\/wp-json\/wp\/v2\/pages\/12822"}],"collection":[{"href":"https:\/\/yetanotherstarsrating.com\/es\/wp-json\/wp\/v2\/pages"}],"about":[{"href":"https:\/\/yetanotherstarsrating.com\/es\/wp-json\/wp\/v2\/types\/page"}],"author":[{"embeddable":true,"href":"https:\/\/yetanotherstarsrating.com\/es\/wp-json\/wp\/v2\/users\/797"}],"replies":[{"embeddable":true,"href":"https:\/\/yetanotherstarsrating.com\/es\/wp-json\/wp\/v2\/comments?post=12822"}],"version-history":[{"count":11,"href":"https:\/\/yetanotherstarsrating.com\/es\/wp-json\/wp\/v2\/pages\/12822\/revisions"}],"predecessor-version":[{"id":13631,"href":"https:\/\/yetanotherstarsrating.com\/es\/wp-json\/wp\/v2\/pages\/12822\/revisions\/13631"}],"wp:attachment":[{"href":"https:\/\/yetanotherstarsrating.com\/es\/wp-json\/wp\/v2\/media?parent=12822"}],"curies":[{"name":"wp","href":"https:\/\/api.w.org\/{rel}","templated":true}]}}