{"id":2865,"date":"2015-10-09T13:36:10","date_gmt":"2015-10-09T13:36:10","guid":{"rendered":"https:\/\/test.yetanotherstarsrating.com\/?page_id=2865"},"modified":"2024-06-17T12:16:04","modified_gmt":"2024-06-17T10:16:04","slug":"yasr-rankings","status":"publish","type":"page","link":"https:\/\/yetanotherstarsrating.com\/es\/clasificacion-yasr\/","title":{"rendered":"Clasificaci\u00f3n Yasr"},"content":{"rendered":"<p>[vc_row css=&#8221;.vc_custom_1553274513879{margin-bottom: 45px !important;}&#8221;][vc_column][leadinjection_heading heading_type=&#8221;h1&#8243; heading_text=&#8221;Yasr Rankings&#8221;][\/vc_column][\/vc_row][vc_row css=&#8221;.vc_custom_1553091604974{margin-bottom: 30px !important;}&#8221;][vc_column][leadinjection_heading align=&#8221;center&#8221; heading_text=&#8221;Top 10 Highest Rated&#8221;][\/vc_column][\/vc_row][vc_row css=&#8221;.vc_custom_1578500147951{margin-bottom: 30px !important;}&#8221; el_id=&#8221;top-ten-higest-rated&#8221;][vc_column width=&#8221;1\/4&#8243;][leadinjection_textblock]This is the \u201cRanking Review\u201d chart called with the shortcode <strong>yasr_ov_ranking<\/strong>. Es la clasificaci\u00f3n de los 10 primeros <strong>yasr_overall_rating<\/strong> c\u00f3digos cortos.<\/p>\n<p>Tiene 10 filas y muestra la entrada mejor valorada de cada categor\u00eda o tipo de entrada.<\/p>\n<p>Con <a href=\"https:\/\/yetanotherstarsrating.com\/es\/#yasr-pro\">YASR Pro<\/a> puedes elegir cu\u00e1ntas filas mostrar, qu\u00e9 categor\u00eda o tipo de entrada incluir y personalizar el texto que aparecer\u00e1 antes o despu\u00e9s de las estrellas.<\/p>\n<p><a href=\"https:\/\/yetanotherstarsrating.com\/docs\/yasr_ov_ranking\/\">Documentaci\u00f3n<\/a>[\/leadinjection_textblock][\/vc_column][vc_column width=&#8221;3\/4&#8243;][leadinjection_textblock]<!-- Yasr Highest Rated Shortcode--><table\r\n                                          class='yasr-rankings yasr-stars-rankings'\r\n                                          id=\"yasr_overall_ranking_919dd9866bb66\"                                          data-ranking-data='[{&quot;post_id&quot;:13082,&quot;rating&quot;:4.8,&quot;title&quot;:&quot;Test 123&quot;,&quot;link&quot;:&quot;https:\\\/\\\/yetanotherstarsrating.com\\\/es\\\/prueba-123\\\/&quot;},{&quot;post_id&quot;:11846,&quot;rating&quot;:4.7,&quot;title&quot;:&quot;This is just a title&quot;,&quot;link&quot;:&quot;https:\\\/\\\/yetanotherstarsrating.com\\\/es\\\/esto-es-solo-un-titulo\\\/&quot;},{&quot;post_id&quot;:11921,&quot;rating&quot;:4.4,&quot;title&quot;:&quot;This is just a test post&quot;,&quot;link&quot;:&quot;https:\\\/\\\/yetanotherstarsrating.com\\\/es\\\/esto-es-solo-un-post-de-prueba\\\/&quot;},{&quot;post_id&quot;:11923,&quot;rating&quot;:3.7,&quot;title&quot;:&quot;This is another test post&quot;,&quot;link&quot;:&quot;https:\\\/\\\/yetanotherstarsrating.com\\\/es\\\/este-es-otro-post-de-prueba\\\/&quot;},{&quot;post_id&quot;:2859,&quot;rating&quot;:3.6,&quot;title&quot;:&quot;Shortcode Documentation&quot;,&quot;link&quot;:&quot;https:\\\/\\\/yetanotherstarsrating.com\\\/es\\\/yasr-shortcodes\\\/&quot;},{&quot;post_id&quot;:2865,&quot;rating&quot;:3.6,&quot;title&quot;:&quot;Yasr Rankings&quot;,&quot;link&quot;:&quot;https:\\\/\\\/yetanotherstarsrating.com\\\/es\\\/clasificacion-yasr\\\/&quot;},{&quot;post_id&quot;:11929,&quot;rating&quot;:2.8,&quot;title&quot;:&quot;Yet Another Test Post&quot;,&quot;link&quot;:&quot;https:\\\/\\\/yetanotherstarsrating.com\\\/es\\\/otro-puesto-de-prueba\\\/&quot;},{&quot;post_id&quot;:2861,&quot;rating&quot;:2.7,&quot;title&quot;:&quot;Yasr Multi Sets&quot;,&quot;link&quot;:&quot;https:\\\/\\\/yetanotherstarsrating.com\\\/es\\\/juegos-multiples-yasr\\\/&quot;}]'\r\n                                          data-ranking-source='\"overall_rating\"'\r\n                                          data-ranking-params='\"order_by=DESC&limit=10&custom_txt=&text_position=after&start_date=0&end_date=0\"'\r\n                                          data-ranking-size='24'\r\n                                          data-ranking-nonce='\"f3573dd3c6\"'\r\n                                          ><\/table><!--End Yasr Top 10 highest Rated Shortcode-->[\/leadinjection_textblock][\/vc_column][\/vc_row][vc_row css_animation=&#8221;bounceInRight&#8221; css=&#8221;.vc_custom_1553096240331{margin-bottom: 20px !important;}&#8221;][vc_column][vc_zigzag][\/vc_column][\/vc_row][vc_row css=&#8221;.vc_custom_1553769910947{margin-bottom: 30px !important;}&#8221; el_id=&#8221;users-rank&#8221;][vc_column][leadinjection_heading align=&#8221;center&#8221; heading_text=&#8221;Users\u2019 ranking&#8221;][\/vc_column][\/vc_row][vc_row css=&#8221;.vc_custom_1578566999398{margin-bottom: 30px !important;}&#8221;][vc_column width=&#8221;1\/4&#8243;][leadinjection_textblock]\u201cUsers\u2019 ranking\u201d chart, called with the shortcode <strong>yasr_posts_m\u00e1s_valorados<\/strong>es 2 gr\u00e1ficos en 1. De hecho, este gr\u00e1fico muestra tanto el <strong>m\u00e1s valorados<\/strong> posts\/p\u00e1ginas y el <strong>mejor valorado<\/strong> entradas\/p\u00e1ginas. Para que un art\u00edculo aparezca en esta tabla, tiene que ser valorado al menos dos veces. Si tienes menos de 10 filas funciona de todas formas.<\/p>\n<p>Tiene hasta 10 filas y muestra la entrada mejor valorada de cada categor\u00eda o tipo de entrada.<\/p>\n<p>Con <span style=\"color: #000080;\"><a href=\"https:\/\/yetanotherstarsrating.com\/es\/#yasr-pro\">YASR Pro<\/a><\/span> puedes elegir la vista por defecto entre \"M\u00e1s valorados\" y \"Mejor valorados\", cu\u00e1ntas filas mostrar, establecer el n\u00famero m\u00ednimo de votos (por ejemplo, mostrar s\u00f3lo los mensajes con un n\u00famero de votos superior a 10), elegir qu\u00e9 categor\u00eda o tipo de mensaje incluir y personalizar el texto que aparecer\u00e1 antes o despu\u00e9s de las estrellas.<\/p>\n<p><a href=\"https:\/\/yetanotherstarsrating.com\/docs\/yasr_most_or_highest_rated_posts\/\">Documentaci\u00f3n<\/a>[\/leadinjection_textblock][\/vc_column][vc_column width=&#8221;3\/4&#8243;][leadinjection_textblock]<!-- Yasr Most Or Highest Rated Shortcode --><table\r\n                                          class='yasr-rankings yasr-stars-rankings'\r\n                                          id='yasr_vv_ranking_7666c171989d9'\r\n                                          data-ranking-data='{&quot;most&quot;:[{&quot;post_id&quot;:11846,&quot;rating&quot;:3.8,&quot;number_of_votes&quot;:1744,&quot;title&quot;:&quot;This is just a title&quot;,&quot;link&quot;:&quot;https:\\\/\\\/yetanotherstarsrating.com\\\/es\\\/esto-es-solo-un-titulo\\\/&quot;},{&quot;post_id&quot;:2859,&quot;rating&quot;:4.1,&quot;number_of_votes&quot;:132,&quot;title&quot;:&quot;Shortcode Documentation&quot;,&quot;link&quot;:&quot;https:\\\/\\\/yetanotherstarsrating.com\\\/es\\\/yasr-shortcodes\\\/&quot;},{&quot;post_id&quot;:11003,&quot;rating&quot;:4.1,&quot;number_of_votes&quot;:18,&quot;title&quot;:&quot;Faq&quot;,&quot;link&quot;:&quot;https:\\\/\\\/yetanotherstarsrating.com\\\/es\\\/faq\\\/&quot;},{&quot;post_id&quot;:11921,&quot;rating&quot;:4.3,&quot;number_of_votes&quot;:6,&quot;title&quot;:&quot;This is just a test post&quot;,&quot;link&quot;:&quot;https:\\\/\\\/yetanotherstarsrating.com\\\/es\\\/esto-es-solo-un-post-de-prueba\\\/&quot;},{&quot;post_id&quot;:11923,&quot;rating&quot;:4.7,&quot;number_of_votes&quot;:3,&quot;title&quot;:&quot;This is another test post&quot;,&quot;link&quot;:&quot;https:\\\/\\\/yetanotherstarsrating.com\\\/es\\\/este-es-otro-post-de-prueba\\\/&quot;},{&quot;post_id&quot;:11929,&quot;rating&quot;:5,&quot;number_of_votes&quot;:1,&quot;title&quot;:&quot;Yet Another Test Post&quot;,&quot;link&quot;:&quot;https:\\\/\\\/yetanotherstarsrating.com\\\/es\\\/otro-puesto-de-prueba\\\/&quot;},{&quot;post_id&quot;:595,&quot;rating&quot;:5,&quot;number_of_votes&quot;:1,&quot;title&quot;:&quot;LOG - License Activated: 353&quot;,&quot;link&quot;:&quot;https:\\\/\\\/yetanotherstarsrating.com\\\/es\\\/?p=595&quot;},{&quot;post_id&quot;:6526,&quot;rating&quot;:4,&quot;number_of_votes&quot;:1,&quot;title&quot;:&quot;Yasr User Reviews - talbotbenoit@hotmail.com&quot;,&quot;link&quot;:&quot;https:\\\/\\\/yetanotherstarsrating.com\\\/es\\\/?p=6526&quot;},{&quot;post_id&quot;:1966,&quot;rating&quot;:3,&quot;number_of_votes&quot;:1,&quot;title&quot;:&quot;LOG - License Activated: 1662&quot;,&quot;link&quot;:&quot;https:\\\/\\\/yetanotherstarsrating.com\\\/es\\\/?p=1966&quot;}],&quot;highest&quot;:[{&quot;post_id&quot;:11929,&quot;rating&quot;:5,&quot;number_of_votes&quot;:1,&quot;title&quot;:&quot;Yet Another Test Post&quot;,&quot;link&quot;:&quot;https:\\\/\\\/yetanotherstarsrating.com\\\/es\\\/otro-puesto-de-prueba\\\/&quot;},{&quot;post_id&quot;:595,&quot;rating&quot;:5,&quot;number_of_votes&quot;:1,&quot;title&quot;:&quot;LOG - License Activated: 353&quot;,&quot;link&quot;:&quot;https:\\\/\\\/yetanotherstarsrating.com\\\/es\\\/?p=595&quot;},{&quot;post_id&quot;:11923,&quot;rating&quot;:4.7,&quot;number_of_votes&quot;:3,&quot;title&quot;:&quot;This is another test post&quot;,&quot;link&quot;:&quot;https:\\\/\\\/yetanotherstarsrating.com\\\/es\\\/este-es-otro-post-de-prueba\\\/&quot;},{&quot;post_id&quot;:11921,&quot;rating&quot;:4.3,&quot;number_of_votes&quot;:6,&quot;title&quot;:&quot;This is just a test post&quot;,&quot;link&quot;:&quot;https:\\\/\\\/yetanotherstarsrating.com\\\/es\\\/esto-es-solo-un-post-de-prueba\\\/&quot;},{&quot;post_id&quot;:2859,&quot;rating&quot;:4.1,&quot;number_of_votes&quot;:132,&quot;title&quot;:&quot;Shortcode Documentation&quot;,&quot;link&quot;:&quot;https:\\\/\\\/yetanotherstarsrating.com\\\/es\\\/yasr-shortcodes\\\/&quot;},{&quot;post_id&quot;:11003,&quot;rating&quot;:4.1,&quot;number_of_votes&quot;:18,&quot;title&quot;:&quot;Faq&quot;,&quot;link&quot;:&quot;https:\\\/\\\/yetanotherstarsrating.com\\\/es\\\/faq\\\/&quot;},{&quot;post_id&quot;:6526,&quot;rating&quot;:4,&quot;number_of_votes&quot;:1,&quot;title&quot;:&quot;Yasr User Reviews - talbotbenoit@hotmail.com&quot;,&quot;link&quot;:&quot;https:\\\/\\\/yetanotherstarsrating.com\\\/es\\\/?p=6526&quot;},{&quot;post_id&quot;:11846,&quot;rating&quot;:3.8,&quot;number_of_votes&quot;:1744,&quot;title&quot;:&quot;This is just a title&quot;,&quot;link&quot;:&quot;https:\\\/\\\/yetanotherstarsrating.com\\\/es\\\/esto-es-solo-un-titulo\\\/&quot;},{&quot;post_id&quot;:1966,&quot;rating&quot;:3,&quot;number_of_votes&quot;:1,&quot;title&quot;:&quot;LOG - License Activated: 1662&quot;,&quot;link&quot;:&quot;https:\\\/\\\/yetanotherstarsrating.com\\\/es\\\/?p=1966&quot;}]}'\r\n                                          data-ranking-source='\"visitor_votes\"'\r\n                                          data-ranking-params='\"order_by=DESC&limit=10&view=most&start_date=0&end_date=0&required_votes%5Bmost%5D=1&required_votes%5Bhighest%5D=1\"'\r\n                                          data-ranking-size='24'\r\n                                          data-ranking-nonce='\"f3573dd3c6\"'\r\n                                          ><\/table><!--End Yasr TMost Or Highest Rated Shortcode -->[\/leadinjection_textblock][\/vc_column][\/vc_row][vc_row css_animation=&#8221;bounceInRight&#8221; css=&#8221;.vc_custom_1553096240331{margin-bottom: 20px !important;}&#8221;][vc_column][vc_zigzag][\/vc_column][\/vc_row][vc_row css=&#8221;.vc_custom_1619614305884{margin-bottom: 30px !important;}&#8221; el_id=&#8221;ranking_multi_visitor&#8221;][vc_column][leadinjection_heading align=&#8221;center&#8221; heading_text=&#8221; Top 10 Highest Rated by Multi Set&#8221;][\/vc_column][\/vc_row][vc_row css=&#8221;.vc_custom_1553091604974{margin-bottom: 30px !important;}&#8221;][vc_column width=&#8221;1\/4&#8243;][leadinjection_textblock]This ranking get data from <a href=\"https:\/\/yetanotherstarsrating.com\/es\/juegos-multiples-yasr\/#author-multiset\">Juego m\u00faltiple<\/a>, llamado con el shortcode yasr_multi_set_ranking setid=<strong>XXX<\/strong> donde setId es su conjunto.<\/p>\n<p>Con <span style=\"color: #000080;\"><a href=\"https:\/\/yetanotherstarsrating.com\/es\/#yasr-pro\">YASR Pro<\/a><\/span> you can choose the default view between \u201cMost Rated\u201d and \u201cHighest Rated\u201d, how many rows to display, set the minimum number of votes (e.g. show only posts with number of votes &gt; 10) start date and end date, and choose which category or post type to include.[\/leadinjection_textblock][\/vc_column][vc_column width=&#8221;3\/4&#8243;][leadinjection_textblock]<!-- Yasr Ranking by Multiset --><div style=\"padding: 20px\">No hay ninguna entrada con estos par\u00e1metros. Prueba a eliminar alg\u00fan filtro.<\/div><!-- Yasr Ranking by Multiset -->[\/leadinjection_textblock][\/vc_column][\/vc_row][vc_row css_animation=&#8221;bounceInRight&#8221; css=&#8221;.vc_custom_1553096240331{margin-bottom: 20px !important;}&#8221;][vc_column][vc_zigzag][\/vc_column][\/vc_row][vc_row css=&#8221;.vc_custom_1619614305884{margin-bottom: 30px !important;}&#8221;][vc_column][leadinjection_heading align=&#8221;center&#8221; heading_text=&#8221;Users&#8217; ranking by Visitor Multi Set&#8221;][\/vc_column][\/vc_row][vc_row css=&#8221;.vc_custom_1553091604974{margin-bottom: 30px !important;}&#8221;][vc_column width=&#8221;1\/4&#8243;][leadinjection_textblock]This ranking get data from <a href=\"https:\/\/yetanotherstarsrating.com\/es\/juegos-multiples-yasr\/#visitor-multiset\">Visitor Multi Set<\/a>, llamado con el shortcode yasr_visitor_multi_set_ranking setid=<strong>XXX<\/strong> donde setId es su conjunto.<\/p>\n<p>Con <span style=\"color: #000080;\"><a href=\"https:\/\/yetanotherstarsrating.com\/es\/#yasr-pro\">YASR Pro<\/a><\/span> you can choose the default view between \u201cMost Rated\u201d and \u201cHighest Rated\u201d, how many rows to display, set the minimum number of votes (e.g. show only posts with number of votes &gt; 10) start date and end date, and choose which category or post type to include.[\/leadinjection_textblock][\/vc_column][vc_column width=&#8221;3\/4&#8243;][leadinjection_textblock]<!-- Yasr Ranking by Visitor Multiset --><div style=\"padding: 20px\">No hay ninguna entrada con estos par\u00e1metros. Prueba a eliminar alg\u00fan filtro.<\/div><!--End Yasr Ranking by Visitor Multiset -->[\/leadinjection_textblock][\/vc_column][\/vc_row][vc_row css_animation=&#8221;bounceInRight&#8221; css=&#8221;.vc_custom_1553096240331{margin-bottom: 20px !important;}&#8221;][vc_column][vc_zigzag][\/vc_column][\/vc_row][vc_row css=&#8221;.vc_custom_1578593751457{margin-bottom: 30px !important;}&#8221;][vc_column][leadinjection_heading align=&#8221;center&#8221; heading_text=&#8221;Most active reviewers&#8221;][\/vc_column][\/vc_row][vc_row css=&#8221;.vc_custom_1553091604974{margin-bottom: 30px !important;}&#8221;][vc_column width=&#8221;1\/4&#8243;][leadinjection_textblock]\u201cMost active reviewers\u201d chart shows the <strong>Los 5 cr\u00edticos m\u00e1s activos<\/strong> en su sitio. Si usted tiene menos de 5 usuarios, (como en este ejemplo) funciona de todos modos.<\/p>\n<p>Con <span style=\"color: #000080;\"><a href=\"https:\/\/yetanotherstarsrating.com\/es\/#yasr-pro\">YASR Pro<\/a><\/span> puede elegir mostrar los nombres para mostrar o los nombres de usuario, y de nuevo elegir el n\u00famero de filas.<\/p>\n<p><a href=\"https:\/\/yetanotherstarsrating.com\/docs\/yasr_top_reviewers\/\">Documentaci\u00f3n<\/a>[\/leadinjection_textblock][\/vc_column][vc_column width=&#8221;3\/4&#8243;][leadinjection_textblock]<table class=\"yasr-rankings\">\r\n                                <thead>\r\n                                    <tr class=\"yasr-rankings-td-colored\">\r\n                                        <th>Usuario<\/th>\r\n                                        <th>N\u00famero de votos<\/th>\r\n                                    <\/tr>\r\n                                <\/thead><tr class='yasr-rankings-td-white'>\r\n                                    <td><a href='https:\/\/yetanotherstarsrating.com\/es\/author\/david\/'>david<\/a><\/td>\r\n                                    <td>44<\/td>\r\n                                <\/tr><\/table><!-- Yasr yasr_top_reviewers Shortcode-->[\/leadinjection_textblock][\/vc_column][\/vc_row][vc_row css_animation=&#8221;bounceInRight&#8221; css=&#8221;.vc_custom_1553096240331{margin-bottom: 20px !important;}&#8221;][vc_column][vc_zigzag][\/vc_column][\/vc_row][vc_row content_placement=&#8221;top&#8221; css=&#8221;.vc_custom_1578594142563{margin-bottom: 30px !important;}&#8221; el_id=&#8221;most-active-users&#8221;][vc_column][leadinjection_heading align=&#8221;center&#8221; heading_text=&#8221;Most active users&#8221;][\/vc_column][\/vc_row][vc_row css=&#8221;.vc_custom_1553091604974{margin-bottom: 30px !important;}&#8221;][vc_column width=&#8221;1\/4&#8243;][leadinjection_textblock]This is the \u201cMost Active Users\u201d chart. When a visitor (logged in or not) rates a post\/page through the yasr_visitor_votes shortcode, his rating is stored in the database.<\/p>\n<p>Este gr\u00e1fico mostrar\u00e1 los 10 usuarios m\u00e1s activos, mostrando el nombre de usuario si est\u00e1 conectado o \"An\u00f3nimo\" si no lo est\u00e1.<\/p>\n<p>Con el <span style=\"color: #000080;\"><a href=\"https:\/\/yetanotherstarsrating.com\/es\/yasr-pro\/\">YASR Pro<\/a><\/span> puede elegir mostrar el nombre para mostrar o el nombre de usuario, y puede seleccionar el n\u00famero de filas.<\/p>\n<p><a href=\"https:\/\/yetanotherstarsrating.com\/docs\/yasr_most_active_users\/\">Documentaci\u00f3n<\/a>[\/leadinjection_textblock][\/vc_column][vc_column width=&#8221;3\/4&#8243;][leadinjection_textblock]<table class=\"yasr-rankings\">\r\n                                    <tr>\r\n                                     <th>Nombre de usuario<\/th>\r\n                                     <th>N\u00famero de votos<\/th>\r\n                                    <\/tr><tr>\r\n                                    <td><a href='#'>An\u00f3nimo<\/a><\/td>\r\n                                    <td>1900<\/td>\r\n                                <\/tr><tr>\r\n                                    <td><a href='https:\/\/yetanotherstarsrating.com\/es\/author\/david\/'>david<\/a><\/td>\r\n                                    <td>6<\/td>\r\n                                <\/tr><tr>\r\n                                    <td><a href='#'>An\u00f3nimo<\/a><\/td>\r\n                                    <td>1<\/td>\r\n                                <\/tr><\/table>[\/leadinjection_textblock][\/vc_column][\/vc_row][vc_row][vc_column][leadinjection_button alignment=&#8221;left&#8221; color=&#8221;btn-custom2&#8243; style=&#8221;btn-square&#8221; enable_icon=&#8221;yes&#8221; icon_fontawesome=&#8221;fa fa-arrow-left&#8221; enable_link=&#8221;yes&#8221; link_url=&#8221;url:https%3A%2F%2Fstaging.yetanotherstarsrating.com%2Fyasr-multi-sets%2F|title:Yasr%20Multi%20Sets||&#8221;]Yasr Multi Sets[\/leadinjection_button][\/vc_column][\/vc_row]<\/p>","protected":false},"excerpt":{"rendered":"<p>[vc_row css=&#8221;.vc_custom_1553274513879{margin-bottom: 45px !important;}&#8221;][vc_column][leadinjection_heading heading_type=&#8221;h1&#8243; heading_text=&#8221;Yasr Rankings&#8221;][\/vc_column][\/vc_row][vc_row css=&#8221;.vc_custom_1553091604974{margin-bottom: 30px !important;}&#8221;][vc_column][leadinjection_heading align=&#8221;center&#8221; heading_text=&#8221;Top 10 Highest Rated&#8221;][\/vc_column][\/vc_row][vc_row css=&#8221;.vc_custom_1578500147951{margin-bottom: 30px !important;}&#8221; el_id=&#8221;top-ten-higest-rated&#8221;][vc_column width=&#8221;1\/4&#8243;][leadinjection_textblock]This is the \u201cRanking Review\u201d chart called with the shortcode yasr_ov_ranking. It\u2019s the ranking of the first 10 yasr_overall_rating shortcodes. It has 10 rows and shows the highest rated post in each category or post type. [&hellip;]<\/p>","protected":false},"author":797,"featured_media":0,"parent":0,"menu_order":0,"comment_status":"open","ping_status":"closed","template":"","meta":{"inline_featured_image":false,"site-sidebar-layout":"default","site-content-layout":"","ast-site-content-layout":"","site-content-style":"default","site-sidebar-style":"default","ast-global-header-display":"","ast-banner-title-visibility":"","ast-main-header-display":"","ast-hfb-above-header-display":"","ast-hfb-below-header-display":"","ast-hfb-mobile-header-display":"","site-post-title":"","ast-breadcrumbs-content":"","ast-featured-img":"","footer-sml-layout":"","theme-transparent-header-meta":"","adv-header-id-meta":"","stick-header-meta":"","header-above-stick-meta":"","header-main-stick-meta":"","header-below-stick-meta":"","astra-migrate-meta-layouts":"default","ast-page-background-enabled":"default","ast-page-background-meta":{"desktop":{"background-color":"var(--ast-global-color-4)","background-image":"","background-repeat":"repeat","background-position":"center center","background-size":"auto","background-attachment":"scroll","background-type":"","background-media":"","overlay-type":"","overlay-color":"","overlay-gradient":""},"tablet":{"background-color":"","background-image":"","background-repeat":"repeat","background-position":"center center","background-size":"auto","background-attachment":"scroll","background-type":"","background-media":"","overlay-type":"","overlay-color":"","overlay-gradient":""},"mobile":{"background-color":"","background-image":"","background-repeat":"repeat","background-position":"center center","background-size":"auto","background-attachment":"scroll","background-type":"","background-media":"","overlay-type":"","overlay-color":"","overlay-gradient":""}},"ast-content-background-meta":{"desktop":{"background-color":"var(--ast-global-color-5)","background-image":"","background-repeat":"repeat","background-position":"center center","background-size":"auto","background-attachment":"scroll","background-type":"","background-media":"","overlay-type":"","overlay-color":"","overlay-gradient":""},"tablet":{"background-color":"var(--ast-global-color-5)","background-image":"","background-repeat":"repeat","background-position":"center center","background-size":"auto","background-attachment":"scroll","background-type":"","background-media":"","overlay-type":"","overlay-color":"","overlay-gradient":""},"mobile":{"background-color":"var(--ast-global-color-5)","background-image":"","background-repeat":"repeat","background-position":"center center","background-size":"auto","background-attachment":"scroll","background-type":"","background-media":"","overlay-type":"","overlay-color":"","overlay-gradient":""}},"yasr_overall_rating":3.6,"yasr_post_is_review":"","yasr_auto_insert_disabled":"","yasr_review_type":"","yasr_pro_reviews_in_comment_enabled":0,"footnotes":""},"yasr_visitor_votes":{"stars_attributes":{"read_only":false,"span_bottom":false},"number_of_votes":0,"sum_votes":0},"_links":{"self":[{"href":"https:\/\/yetanotherstarsrating.com\/es\/wp-json\/wp\/v2\/pages\/2865"}],"collection":[{"href":"https:\/\/yetanotherstarsrating.com\/es\/wp-json\/wp\/v2\/pages"}],"about":[{"href":"https:\/\/yetanotherstarsrating.com\/es\/wp-json\/wp\/v2\/types\/page"}],"author":[{"embeddable":true,"href":"https:\/\/yetanotherstarsrating.com\/es\/wp-json\/wp\/v2\/users\/797"}],"replies":[{"embeddable":true,"href":"https:\/\/yetanotherstarsrating.com\/es\/wp-json\/wp\/v2\/comments?post=2865"}],"version-history":[{"count":38,"href":"https:\/\/yetanotherstarsrating.com\/es\/wp-json\/wp\/v2\/pages\/2865\/revisions"}],"predecessor-version":[{"id":14232,"href":"https:\/\/yetanotherstarsrating.com\/es\/wp-json\/wp\/v2\/pages\/2865\/revisions\/14232"}],"wp:attachment":[{"href":"https:\/\/yetanotherstarsrating.com\/es\/wp-json\/wp\/v2\/media?parent=2865"}],"curies":[{"name":"wp","href":"https:\/\/api.w.org\/{rel}","templated":true}]}}