{"id":5399,"date":"2015-12-17T13:46:58","date_gmt":"2015-12-17T12:46:58","guid":{"rendered":"https:\/\/test.yetanotherstarsrating.com\/?page_id=5399"},"modified":"2023-09-07T06:27:49","modified_gmt":"2023-09-07T04:27:49","slug":"yasr-custom-rankings","status":"publish","type":"page","link":"https:\/\/yetanotherstarsrating.com\/es\/clasificaciones-personalizadas-yasr\/","title":{"rendered":"Clasificaciones personalizadas de Yasr"},"content":{"rendered":"<h2 class=\"wp-block-heading\">Personalice sus clasificaciones con <span style=\"color:var( --e-global-color-accent );\">\u00a1Yasr Pro!<\/span><\/h2>\n\n\n\n<p>\u00bfNecesita m\u00e1s flexibilidad en las clasificaciones YASR? <\/p>\n\n\n\n<p>YASR Pro te ofrece toda la flexibilidad que necesitas. <\/p>\n\n\n\n<p>Ser\u00e1s capaz de:<\/p>\n\n\n\n<ul>\n<li>Obtener la valoraci\u00f3n de una o m\u00e1s categor\u00edas o tipos de entrada personalizados<\/li>\n\n\n\n<li>Personalizar el n\u00famero de filas a mostrar<\/li>\n\n\n\n<li>Cambiar el tama\u00f1o de las estrellas<\/li>\n\n\n\n<li>Inserte un texto personalizado para mostrar antes o despu\u00e9s de las estrellas<\/li>\n\n\n\n<li>En la clasificaci\u00f3n \"Votos de los visitantes\" es posible seleccionar un intervalo de puntuaci\u00f3n y elegir la vista por defecto entre \"m\u00e1s valorados\" o \"mejor valorados\".<\/li>\n\n\n\n<li>En el gr\u00e1fico \"Revisores m\u00e1s activos y usuarios m\u00e1s activos\" es posible mostrar \"nombre para mostrar\" o \"nombre de usuario\".<\/li>\n\n\n\n<li>Seleccione la fecha de inicio y fin<\/li>\n<\/ul>\n\n\n\n<p>S\u00f3lo tienes que ir a Configuraci\u00f3n -&gt; Clasificaciones para ver todas las opciones disponibles.<\/p>\n\n\n\n<figure class=\"wp-block-embed is-type-video is-provider-youtube wp-block-embed-youtube wp-embed-aspect-16-9 wp-has-aspect-ratio\"><div class=\"wp-block-embed__wrapper\">\n<div class=\"ast-oembed-container\" style=\"height: 100%;\"><iframe title=\"Yasr Pro - C\u00f3mo personalizar las clasificaciones.\" width=\"500\" height=\"281\" src=\"https:\/\/www.youtube.com\/embed\/L4jgc48GfJQ?feature=oembed\" frameborder=\"0\" allow=\"accelerometer; autoplay; clipboard-write; encrypted-media; gyroscope; picture-in-picture; web-share\" allowfullscreen><\/iframe><\/div>\n<\/div><\/figure>","protected":false},"excerpt":{"rendered":"<p>\u00a1Personaliza tus rankings con Yasr Pro! \u00bfNecesitas m\u00e1s flexibilidad de YASR Rankings? \u00a1Usted obtiene toda la flexibilidad que necesita con YASR Pro! Podr\u00e1s: Ir a Yet Another Stars Rating: Configuraci\u00f3n -&gt; Rankings para ver todas las opciones disponibles.<\/p>","protected":false},"author":797,"featured_media":0,"parent":0,"menu_order":0,"comment_status":"open","ping_status":"closed","template":"","meta":{"inline_featured_image":false,"site-sidebar-layout":"default","site-content-layout":"","ast-site-content-layout":"default","site-content-style":"default","site-sidebar-style":"default","ast-global-header-display":"","ast-banner-title-visibility":"","ast-main-header-display":"","ast-hfb-above-header-display":"","ast-hfb-below-header-display":"","ast-hfb-mobile-header-display":"","site-post-title":"","ast-breadcrumbs-content":"","ast-featured-img":"","footer-sml-layout":"","theme-transparent-header-meta":"default","adv-header-id-meta":"","stick-header-meta":"","header-above-stick-meta":"","header-main-stick-meta":"","header-below-stick-meta":"","astra-migrate-meta-layouts":"set","ast-page-background-enabled":"default","ast-page-background-meta":{"desktop":{"background-color":"var(--ast-global-color-4)","background-image":"","background-repeat":"repeat","background-position":"center center","background-size":"auto","background-attachment":"scroll","background-type":"","background-media":"","overlay-type":"","overlay-color":"","overlay-gradient":""},"tablet":{"background-color":"","background-image":"","background-repeat":"repeat","background-position":"center center","background-size":"auto","background-attachment":"scroll","background-type":"","background-media":"","overlay-type":"","overlay-color":"","overlay-gradient":""},"mobile":{"background-color":"","background-image":"","background-repeat":"repeat","background-position":"center center","background-size":"auto","background-attachment":"scroll","background-type":"","background-media":"","overlay-type":"","overlay-color":"","overlay-gradient":""}},"ast-content-background-meta":{"desktop":{"background-color":"var(--ast-global-color-5)","background-image":"","background-repeat":"repeat","background-position":"center center","background-size":"auto","background-attachment":"scroll","background-type":"","background-media":"","overlay-type":"","overlay-color":"","overlay-gradient":""},"tablet":{"background-color":"var(--ast-global-color-5)","background-image":"","background-repeat":"repeat","background-position":"center center","background-size":"auto","background-attachment":"scroll","background-type":"","background-media":"","overlay-type":"","overlay-color":"","overlay-gradient":""},"mobile":{"background-color":"var(--ast-global-color-5)","background-image":"","background-repeat":"repeat","background-position":"center center","background-size":"auto","background-attachment":"scroll","background-type":"","background-media":"","overlay-type":"","overlay-color":"","overlay-gradient":""}},"yasr_overall_rating":0,"yasr_post_is_review":"","yasr_auto_insert_disabled":"","yasr_review_type":"","yasr_pro_reviews_in_comment_enabled":0,"footnotes":""},"yasr_visitor_votes":{"stars_attributes":{"read_only":false,"span_bottom":false},"number_of_votes":0,"sum_votes":0},"_links":{"self":[{"href":"https:\/\/yetanotherstarsrating.com\/es\/wp-json\/wp\/v2\/pages\/5399"}],"collection":[{"href":"https:\/\/yetanotherstarsrating.com\/es\/wp-json\/wp\/v2\/pages"}],"about":[{"href":"https:\/\/yetanotherstarsrating.com\/es\/wp-json\/wp\/v2\/types\/page"}],"author":[{"embeddable":true,"href":"https:\/\/yetanotherstarsrating.com\/es\/wp-json\/wp\/v2\/users\/797"}],"replies":[{"embeddable":true,"href":"https:\/\/yetanotherstarsrating.com\/es\/wp-json\/wp\/v2\/comments?post=5399"}],"version-history":[{"count":19,"href":"https:\/\/yetanotherstarsrating.com\/es\/wp-json\/wp\/v2\/pages\/5399\/revisions"}],"predecessor-version":[{"id":13571,"href":"https:\/\/yetanotherstarsrating.com\/es\/wp-json\/wp\/v2\/pages\/5399\/revisions\/13571"}],"wp:attachment":[{"href":"https:\/\/yetanotherstarsrating.com\/es\/wp-json\/wp\/v2\/media?parent=5399"}],"curies":[{"name":"wp","href":"https:\/\/api.w.org\/{rel}","templated":true}]}}