{"id":11737,"date":"2020-08-31T21:45:58","date_gmt":"2020-08-31T19:45:58","guid":{"rendered":"https:\/\/test.yetanotherstarsrating.com\/?page_id=11737"},"modified":"2023-09-07T16:22:06","modified_gmt":"2023-09-07T14:22:06","slug":"terms-and-contions","status":"publish","type":"page","link":"https:\/\/yetanotherstarsrating.com\/fr\/conditions-generales-dutilisation\/","title":{"rendered":"Conditions g\u00e9n\u00e9rales d'utilisation"},"content":{"rendered":"<p>Notre site web (le \"site\" - https:\/\/yetanotherstarsratings.com) vous accorde une licence limit\u00e9e non exclusive pour utiliser le plugin Yet Another Stars Rating (le \"plugin\") et tous les modules compl\u00e9mentaires applicables \u00e0 Yet Another Stars Rating vendus par l'interm\u00e9diaire du site. Ce site est r\u00e9gi par PARETO Digital GmbH &amp; Co. KG (le \"propri\u00e9taire\"), et en achetant le plugin, vous acceptez d'adh\u00e9rer et de vous conformer aux conditions g\u00e9n\u00e9rales (la \"licence\") \u00e9mises par notre soci\u00e9t\u00e9.<\/p>\n\n\n\n<p><strong>1. Licences des plugins<\/strong><\/p>\n\n\n\n<p>Yet Another Stars Rating est sous licence GNU General Public License () version 2.0 ou ult\u00e9rieure.\n(http:\/\/www.gnu.org\/licenses\/gpl.html) version 2.0 ou ult\u00e9rieure.<\/p>\n\n\n\n<p>Notre site web (le \"site\" - https:\/\/yetanotherstarsratings.com) vous accorde une licence limit\u00e9e non exclusive pour utiliser le plugin Yet Another Stars Rating (le \"plugin\") et tous les modules compl\u00e9mentaires applicables \u00e0 Yet Another Stars Rating vendus par l'interm\u00e9diaire du site. Ce site est r\u00e9gi par le propri\u00e9taire, et en achetant le plugin, vous acceptez d'adh\u00e9rer et de vous conformer aux conditions g\u00e9n\u00e9rales (la \"licence\") \u00e9mises par notre soci\u00e9t\u00e9.<\/p>\n\n\n\n<p><strong>2. Garantie<\/strong><\/p>\n\n\n\n<p>Les plugins vendus et distribu\u00e9s par le propri\u00e9taire le sont dans l'espoir qu'ils seront utiles, mais SANS AUCUNE GARANTIE ; sans m\u00eame la garantie implicite de MERCHANTABILITE ou d'ADAPTATION A UN USAGE PARTICULIER.<\/p>\n\n\n\n<p>Dans la mesure o\u00f9 WordPress fonctionne correctement sur une installation propre de lui-m\u00eame,<br>Et pourtant\n Another Stars Rating est garanti pour fonctionner sur une installation propre de\nla version minimale, stable et requise de WordPress pour le plugin.\nParce que le nombre et la vari\u00e9t\u00e9 des plugins sont vastes et vari\u00e9s, nous ne garantissons pas que le plugin fonctionnera avec tous les plugins tiers, ni avec tous les autres plugins.\nne garantissons pas que le plugin fonctionnera avec tous les plugins de tierces parties,\nth\u00e8mes ou navigateurs tiers. Nous ne sommes pas et ne serons pas tenus\nresponsables de tout conflit ou probl\u00e8me de compatibilit\u00e9 pouvant survenir en raison\n des logiciels de tiers. Nous n'assumons aucune responsabilit\u00e9 en cas de perte de donn\u00e9es\n perte de donn\u00e9es r\u00e9sultant de l'installation ou de l'utilisation du plugin. En cas de conflit avec un logiciel\n avec des logiciels de tiers, nous pouvons fournir une assistance \u00e0 notre discr\u00e9tion.<\/p>\n\n\n\n<p><strong>3. Soutenir<\/strong><\/p>\n\n\n\n<p>Le propri\u00e9taire vend et distribue Yet Another Stars Rating et d'autres plugins \"en l'\u00e9tat\" et sans aucune garantie implicite qu'ils fonctionneront exactement comme vous le souhaitez ou qu'ils seront compatibles avec tous les composants et plugins de tierces parties.<\/p>\n\n\n\n<p>L'assistance pour les plugins vendus et distribu\u00e9s par le propri\u00e9taire n'est disponible que pour ceux qui ont une licence d'assistance active et payante.<\/p>\n\n\n\n<p>L'assistance et les mises \u00e0 jour sont accord\u00e9es pendant un an apr\u00e8s l'achat initial, en fonction de la licence que vous avez achet\u00e9e.\nen fonction de la licence que vous avez achet\u00e9e. Une fois l'ann\u00e9e \u00e9coul\u00e9e, l'acheteur doit renouveler sa licence pour continuer \u00e0 b\u00e9n\u00e9ficier de l'assistance.\n d'un an, l'acheteur doit renouveler sa licence pour continuer \u00e0 b\u00e9n\u00e9ficier de l'assistance et des mises \u00e0 jour pour les \u00e9l\u00e9ments achet\u00e9s.\ncontinuer \u00e0 b\u00e9n\u00e9ficier de l'assistance et des mises \u00e0 jour pour les articles achet\u00e9s.<\/p>\n\n\n\n<p>\"L'assistance pour Yet Another Stars Rating est fournie tant que Yet Another Stars Rating est activement en d\u00e9veloppement. Si l'un des \u00e9v\u00e9nements suivants se produit, le propri\u00e9taire ne sera plus responsable de l'assistance pour Yet Another Stars Rating :<\/p>\n\n\n\n<ol>\n<li>Yet Another Stars Rating n'est plus activement d\u00e9velopp\u00e9 en tant que produit viable par son propri\u00e9taire.<\/li>\n\n\n\n<li>Encore un autre classement par \u00e9toiles ou la soci\u00e9t\u00e9 m\u00e8re est achet\u00e9e ou rachet\u00e9e par une autre soci\u00e9t\u00e9.<\/li>\n\n\n\n<li>WordPress n'est plus activement d\u00e9velopp\u00e9.<\/li>\n<\/ol>\n\n\n\n<p>Bien que nous nous efforcions de fournir la meilleure assistance possible pour nos plugins, nous ne garantissons pas qu'une demande d'assistance particuli\u00e8re puisse ou doive \u00eatre trait\u00e9e.\nplugins, nous ne garantissons pas qu'une demande d'assistance particuli\u00e8re peut ou\nr\u00e9pondre de mani\u00e8re \u00e0 ce que le demandeur soit enti\u00e8rement satisfait.\nsatisfait.<\/p>\n\n\n\n<p><strong>4. Titulaires de licences<\/strong><\/p>\n\n\n\n<p>Seul le d\u00e9tenteur d'une licence est autoris\u00e9 \u00e0 demander de l'aide ou \u00e0 acc\u00e9der aux ressources d'aide.\naux ressources d'assistance. Si un tiers autre que le d\u00e9tenteur de la licence tente d'acc\u00e9der \u00e0 l'assistance d'une mani\u00e8re non sp\u00e9cifi\u00e9e\nd'acc\u00e9der \u00e0 l'assistance d'une mani\u00e8re non sp\u00e9cifi\u00e9e, nous nous\nnous r\u00e9servons le droit de suspendre ind\u00e9finiment la cl\u00e9 de licence sans pr\u00e9avis ni\n ou consentement.<\/p>\n\n\n\n<p>Il est strictement interdit de r\u00e9afficher le contenu d'une partie quelconque de ce site, y compris le mat\u00e9riel d'assistance, de forum et de documentation.\nd'assistance, les forums et la documentation, est strictement interdite. Si une\ntentative de r\u00e9affichage de contenu d'une mani\u00e8re sp\u00e9cifi\u00e9e ci-dessus, nous nous\nnous r\u00e9servons le droit de suspendre ind\u00e9finiment la cl\u00e9 de licence sans pr\u00e9avis\n ou consentement.<\/p>\n\n\n\n<p><a name=\"subscriptions_summary\"><\/a><strong>5. Abonnements et renouvellements automatiques<\/strong><\/p>\n\n\n\n<p>Les mises \u00e0 jour automatiques sont disponibles pour les d\u00e9tenteurs d'une licence dont l'abonnement et la cl\u00e9 de licence sont actifs et valides.\n et une cl\u00e9 de licence actives et valides. Les mises \u00e0 jour automatiques sont disponibles\n pour les<br>Yet Another Stars Rating et tous les autres addons Yet Another\nStars Rating. Les mises \u00e0 jour automatiques sont disponibles tant que la\ncl\u00e9 de licence g\u00e9n\u00e9r\u00e9e par l'achat est valide et active.<\/p>\n\n\n\n<p>Si vous souscrivez aux plans mensuels ou annuels et que votre licence\nexpire en raison de l'\u00e9chec d'un renouvellement, d'un abonnement ou d'une annulation de licence, les fonctions et fonctionnalit\u00e9s payantes du produit seront d\u00e9sactiv\u00e9es,\nles fonctionnalit\u00e9s payantes du produit seront d\u00e9sactiv\u00e9es.<\/p>\n\n\n\n<p><strong>6. Livraison du plugin<\/strong><\/p>\n\n\n\n<p>Une fois que nous aurons trait\u00e9 votre paiement avec succ\u00e8s, vous recevrez\nun e-mail contenant votre num\u00e9ro de commande et votre cl\u00e9 de licence. Vous pouvez t\u00e9l\u00e9charger\nle plugin en cliquant sur le lien appropri\u00e9 dans l'e-mail que vous recevrez.\nque vous recevrez.<\/p>\n\n\n\n<p>Si vous ne recevez pas d'e-mail contenant vos informations, vous pouvez nous contacter \u00e0 l'adresse support@yetanotherstarsrating.com pour demander vos informations d'achat.<\/p>\n\n\n\n<p><strong>7. Propri\u00e9t\u00e9<\/strong><\/p>\n\n\n\n<p>Tous les plugins sont la propri\u00e9t\u00e9 de leur d\u00e9tenteur. Il est strictement interdit de revendiquer un quelconque droit de propri\u00e9t\u00e9 intellectuelle ou exclusive sur nos produits.<\/p>\n\n\n\n<p>Nos plugins sont fournis \"en l'\u00e9tat\" sans garantie d'aucune sorte,\nexprim\u00e9e ou implicite. Nous ne pouvons \u00eatre tenus responsables de tout dommage, y compris\ndirects, indirects, sp\u00e9ciaux, accessoires ou cons\u00e9cutifs ou\ndommages ou pertes cons\u00e9cutifs \u00e0 l'utilisation ou \u00e0 l'incapacit\u00e9 d'utiliser nos plugins.\nd'utiliser nos plugins.<\/p>\n\n\n\n<p><strong>8. Contenu du site web et des plugins<\/strong><\/p>\n\n\n\n<p>Tout le contenu de ce site et de notre plugin, y compris les images, la documentation, les questions d'assistance et toute autre information, est la propri\u00e9t\u00e9 du propri\u00e9taire et ne peut \u00eatre redistribu\u00e9 sans son autorisation ou son consentement.<\/p>\n\n\n\n<p><strong>9. Changements de prix<\/strong><\/p>\n\n\n\n<p>Le propri\u00e9taire se r\u00e9serve le droit de modifier, d'annuler ou de mettre \u00e0 niveau un abonnement \u00e0 un plugin et\/ou une cl\u00e9 de licence sans pr\u00e9avis ni consentement.  Les prix de tous les produits sont susceptibles d'\u00eatre modifi\u00e9s sans pr\u00e9avis ni consentement.<\/p>\n\n\n\n<p><strong>10. Politique de remboursement<\/strong><\/p>\n\n\n\n<p>Les remboursements seront offerts \u00e0 notre seule discr\u00e9tion et doivent r\u00e9pondre \u00e0 toutes les conditions suivantes <strong>enti\u00e8rement<\/strong>:<\/p>\n\n\n\n<ul>\n<li>Vous \u00eates dans les 7 premiers jours de l'achat du plugin.<\/li>\n\n\n\n<li>Votre probl\u00e8me provient du fait que vous n'arrivez pas \u00e0 installer le plugin correctement ou \u00e0 faire en sorte que le plugin ex\u00e9cute ses fonctions de base.<\/li>\n\n\n\n<li>Vous avez\n avez tent\u00e9 de r\u00e9soudre votre (vos) probl\u00e8me(s) avec notre \u00e9quipe de support en\nen ouvrant un ticket d'assistance par le biais de la rubrique \"Nous contacter\" dans les\ndu plugin.<\/li>\n\n\n\n<li>Aucun remboursement ne sera accord\u00e9 apr\u00e8s les 7 premiers jours de l'achat initial, quel qu'il soit.<\/li>\n\n\n\n<li>Aucun remboursement ne sera accord\u00e9 pour les fonctionnalit\u00e9s manquantes. Si vous n'\u00eates pas s\u00fbr que nous prenons en charge une fonctionnalit\u00e9 sp\u00e9cifique, veuillez d'abord nous contacter.<\/li>\n\n\n\n<li>Les probl\u00e8mes caus\u00e9s par des conflits avec des plugins, des th\u00e8mes ou d'autres logiciels de tiers ne donnent pas lieu \u00e0 un remboursement.<\/li>\n\n\n\n<li>Aucun remboursement ne sera accord\u00e9 si vous d\u00e9cidez simplement de ne pas utiliser le plugin.<\/li>\n<\/ul>\n\n\n\n<p>En vous inscrivant, vous acceptez cette politique de remboursement et renoncez \u00e0 tout droit de la soumettre \u00e0 des questions, des jugements ou des actions en justice.\ndroits de la soumettre \u00e0 des questions, des jugements ou des actions en justice.<\/p>\n\n\n\n<p><strong>11. Courriel<\/strong><\/p>\n\n\n\n<p>Le propri\u00e9taire peut occasionnellement vous envoyer des courriels li\u00e9s \u00e0 l'achat de produits de notre soci\u00e9t\u00e9. Nous pouvons \u00e9galement vous envoyer des bulletins d'information occasionnels concernant les mises \u00e0 jour et les promotions de Yet Another Stars Rating. Nous ne vendrons ni ne communiquerons jamais votre adresse \u00e9lectronique \u00e0 des vendeurs tiers. Vous pouvez vous d\u00e9sabonner de ces courriels \u00e0 tout moment sans p\u00e9nalit\u00e9.<\/p>\n\n\n\n<p><strong>12. Accord de licence<\/strong><\/p>\n\n\n\n<p>En achetant notre (nos) produit(s), vous indiquez et acceptez que vous avez\nlire et accepter les conditions g\u00e9n\u00e9rales \u00e9num\u00e9r\u00e9es et d\u00e9taill\u00e9es sur cette page.\n page. Nous nous r\u00e9servons le droit de changer ou de modifier les pr\u00e9sentes conditions g\u00e9n\u00e9rales sans pr\u00e9avis ni consentement.\nconditions sans pr\u00e9avis ni consentement.<\/p>","protected":false},"excerpt":{"rendered":"<p>Notre site web (le \"site\" - https:\/\/yetanotherstarsratings.com) vous accorde une licence limit\u00e9e non exclusive pour utiliser le plugin Yet Another Stars Rating (le \"plugin\") et tous les modules compl\u00e9mentaires applicables \u00e0 Yet Another Stars Rating vendus par l'interm\u00e9diaire du site. Ce site est r\u00e9gi par PARETO Digital GmbH &amp; Co. KG (le \"propri\u00e9taire\"), et en achetant le plugin, vous acceptez [...]<\/p>","protected":false},"author":797,"featured_media":0,"parent":0,"menu_order":0,"comment_status":"closed","ping_status":"closed","template":"","meta":{"inline_featured_image":false,"site-sidebar-layout":"default","site-content-layout":"","ast-site-content-layout":"","site-content-style":"default","site-sidebar-style":"default","ast-global-header-display":"","ast-banner-title-visibility":"","ast-main-header-display":"","ast-hfb-above-header-display":"","ast-hfb-below-header-display":"","ast-hfb-mobile-header-display":"","site-post-title":"","ast-breadcrumbs-content":"","ast-featured-img":"","footer-sml-layout":"","theme-transparent-header-meta":"","adv-header-id-meta":"","stick-header-meta":"","header-above-stick-meta":"","header-main-stick-meta":"","header-below-stick-meta":"","astra-migrate-meta-layouts":"default","ast-page-background-enabled":"default","ast-page-background-meta":{"desktop":{"background-color":"var(--ast-global-color-4)","background-image":"","background-repeat":"repeat","background-position":"center center","background-size":"auto","background-attachment":"scroll","background-type":"","background-media":"","overlay-type":"","overlay-color":"","overlay-gradient":""},"tablet":{"background-color":"","background-image":"","background-repeat":"repeat","background-position":"center center","background-size":"auto","background-attachment":"scroll","background-type":"","background-media":"","overlay-type":"","overlay-color":"","overlay-gradient":""},"mobile":{"background-color":"","background-image":"","background-repeat":"repeat","background-position":"center center","background-size":"auto","background-attachment":"scroll","background-type":"","background-media":"","overlay-type":"","overlay-color":"","overlay-gradient":""}},"ast-content-background-meta":{"desktop":{"background-color":"var(--ast-global-color-5)","background-image":"","background-repeat":"repeat","background-position":"center center","background-size":"auto","background-attachment":"scroll","background-type":"","background-media":"","overlay-type":"","overlay-color":"","overlay-gradient":""},"tablet":{"background-color":"var(--ast-global-color-5)","background-image":"","background-repeat":"repeat","background-position":"center center","background-size":"auto","background-attachment":"scroll","background-type":"","background-media":"","overlay-type":"","overlay-color":"","overlay-gradient":""},"mobile":{"background-color":"var(--ast-global-color-5)","background-image":"","background-repeat":"repeat","background-position":"center center","background-size":"auto","background-attachment":"scroll","background-type":"","background-media":"","overlay-type":"","overlay-color":"","overlay-gradient":""}},"yasr_overall_rating":0,"yasr_post_is_review":"","yasr_auto_insert_disabled":"","yasr_review_type":"","yasr_pro_reviews_in_comment_enabled":0,"footnotes":""},"yasr_visitor_votes":{"stars_attributes":{"read_only":false,"span_bottom":false},"number_of_votes":0,"sum_votes":0},"_links":{"self":[{"href":"https:\/\/yetanotherstarsrating.com\/fr\/wp-json\/wp\/v2\/pages\/11737"}],"collection":[{"href":"https:\/\/yetanotherstarsrating.com\/fr\/wp-json\/wp\/v2\/pages"}],"about":[{"href":"https:\/\/yetanotherstarsrating.com\/fr\/wp-json\/wp\/v2\/types\/page"}],"author":[{"embeddable":true,"href":"https:\/\/yetanotherstarsrating.com\/fr\/wp-json\/wp\/v2\/users\/797"}],"replies":[{"embeddable":true,"href":"https:\/\/yetanotherstarsrating.com\/fr\/wp-json\/wp\/v2\/comments?post=11737"}],"version-history":[{"count":12,"href":"https:\/\/yetanotherstarsrating.com\/fr\/wp-json\/wp\/v2\/pages\/11737\/revisions"}],"predecessor-version":[{"id":13661,"href":"https:\/\/yetanotherstarsrating.com\/fr\/wp-json\/wp\/v2\/pages\/11737\/revisions\/13661"}],"wp:attachment":[{"href":"https:\/\/yetanotherstarsrating.com\/fr\/wp-json\/wp\/v2\/media?parent=11737"}],"curies":[{"name":"wp","href":"https:\/\/api.w.org\/{rel}","templated":true}]}}