{"id":12809,"date":"2023-02-08T19:10:57","date_gmt":"2023-02-08T18:10:57","guid":{"rendered":"https:\/\/test.yetanotherstarsrating.com\/?page_id=12809"},"modified":"2023-09-07T16:06:03","modified_gmt":"2023-09-07T14:06:03","slug":"yasr-display-posts","status":"publish","type":"page","link":"https:\/\/yetanotherstarsrating.com\/fr\/shortcodes-yasr\/postes-daffichage-yasr\/","title":{"rendered":"Yasr Afficher les messages"},"content":{"rendered":"<pre class=\"wp-block-code\"><code>&#091;<span style=\"background-color: initial; color: initial;\">yasr_display_posts<\/span>]<\/code><\/pre>\n\n\n\n<p>Avec ce shortcode, il est possible d'avoir une archive de vos articles tri\u00e9s par note. Dans l'exemple suivant, les articles sont tri\u00e9s par nombre de votes.<br>Ce shortcode peut \u00eatre utilis\u00e9 sur <u>pages seulement<\/u>. Bien s\u00fbr, cela ne concerne que les d\u00e9veloppeurs, car vous devez appliquer un style personnalis\u00e9 \u00e0 cette sortie, afin de lui donner un aspect agr\u00e9able et propre.<\/p>\n\n\n\n<p><a href=\"https:\/\/yetanotherstarsrating.com\/docs\/shortcodes\/yasr-free-shortcodes\/yasr-display-posts\/\">Documentation<\/a><\/p>\n\n\n\n<h3 class=\"wp-block-heading\" style=\"margin-top:var(--wp--preset--spacing--80);margin-bottom:var(--wp--preset--spacing--80)\">Exemple de sortie<\/h3>\n\n\n\n<style>\n.yasr-entry-title {\n    border-top: 1px solid grey;\n    padding-top: 3rem;\n}\n.yasr-entry-content {\n    margin: 3rem 0 !important;\n}\n<\/style>","protected":false},"excerpt":{"rendered":"<p>Avec ce shortcode, il est possible d'avoir une archive de vos articles tri\u00e9s par classement. Dans l'exemple suivant, les articles sont tri\u00e9s par nombre de votes.Ce shortcode ne peut \u00eatre utilis\u00e9 que sur les pages. Ce shortcode ne peut \u00eatre utilis\u00e9 que sur les pages. Bien s\u00fbr, ceci est r\u00e9serv\u00e9 aux d\u00e9veloppeurs, car vous devez appliquer un style personnalis\u00e9 \u00e0 cette sortie, afin de [...]<\/p>","protected":false},"author":797,"featured_media":0,"parent":2859,"menu_order":0,"comment_status":"closed","ping_status":"closed","template":"","meta":{"inline_featured_image":false,"site-sidebar-layout":"default","site-content-layout":"","ast-site-content-layout":"","site-content-style":"default","site-sidebar-style":"default","ast-global-header-display":"","ast-banner-title-visibility":"","ast-main-header-display":"","ast-hfb-above-header-display":"","ast-hfb-below-header-display":"","ast-hfb-mobile-header-display":"","site-post-title":"","ast-breadcrumbs-content":"","ast-featured-img":"","footer-sml-layout":"","theme-transparent-header-meta":"","adv-header-id-meta":"","stick-header-meta":"","header-above-stick-meta":"","header-main-stick-meta":"","header-below-stick-meta":"","astra-migrate-meta-layouts":"default","ast-page-background-enabled":"default","ast-page-background-meta":{"desktop":{"background-color":"var(--ast-global-color-4)","background-image":"","background-repeat":"repeat","background-position":"center center","background-size":"auto","background-attachment":"scroll","background-type":"","background-media":"","overlay-type":"","overlay-color":"","overlay-gradient":""},"tablet":{"background-color":"","background-image":"","background-repeat":"repeat","background-position":"center center","background-size":"auto","background-attachment":"scroll","background-type":"","background-media":"","overlay-type":"","overlay-color":"","overlay-gradient":""},"mobile":{"background-color":"","background-image":"","background-repeat":"repeat","background-position":"center center","background-size":"auto","background-attachment":"scroll","background-type":"","background-media":"","overlay-type":"","overlay-color":"","overlay-gradient":""}},"ast-content-background-meta":{"desktop":{"background-color":"var(--ast-global-color-5)","background-image":"","background-repeat":"repeat","background-position":"center center","background-size":"auto","background-attachment":"scroll","background-type":"","background-media":"","overlay-type":"","overlay-color":"","overlay-gradient":""},"tablet":{"background-color":"var(--ast-global-color-5)","background-image":"","background-repeat":"repeat","background-position":"center center","background-size":"auto","background-attachment":"scroll","background-type":"","background-media":"","overlay-type":"","overlay-color":"","overlay-gradient":""},"mobile":{"background-color":"var(--ast-global-color-5)","background-image":"","background-repeat":"repeat","background-position":"center center","background-size":"auto","background-attachment":"scroll","background-type":"","background-media":"","overlay-type":"","overlay-color":"","overlay-gradient":""}},"yasr_overall_rating":0,"yasr_post_is_review":"","yasr_auto_insert_disabled":"","yasr_review_type":"","yasr_pro_reviews_in_comment_enabled":0,"footnotes":""},"yasr_visitor_votes":{"stars_attributes":{"read_only":false,"span_bottom":false},"number_of_votes":0,"sum_votes":0},"_links":{"self":[{"href":"https:\/\/yetanotherstarsrating.com\/fr\/wp-json\/wp\/v2\/pages\/12809"}],"collection":[{"href":"https:\/\/yetanotherstarsrating.com\/fr\/wp-json\/wp\/v2\/pages"}],"about":[{"href":"https:\/\/yetanotherstarsrating.com\/fr\/wp-json\/wp\/v2\/types\/page"}],"author":[{"embeddable":true,"href":"https:\/\/yetanotherstarsrating.com\/fr\/wp-json\/wp\/v2\/users\/797"}],"replies":[{"embeddable":true,"href":"https:\/\/yetanotherstarsrating.com\/fr\/wp-json\/wp\/v2\/comments?post=12809"}],"version-history":[{"count":20,"href":"https:\/\/yetanotherstarsrating.com\/fr\/wp-json\/wp\/v2\/pages\/12809\/revisions"}],"predecessor-version":[{"id":13642,"href":"https:\/\/yetanotherstarsrating.com\/fr\/wp-json\/wp\/v2\/pages\/12809\/revisions\/13642"}],"up":[{"embeddable":true,"href":"https:\/\/yetanotherstarsrating.com\/fr\/wp-json\/wp\/v2\/pages\/2859"}],"wp:attachment":[{"href":"https:\/\/yetanotherstarsrating.com\/fr\/wp-json\/wp\/v2\/media?parent=12809"}],"curies":[{"name":"wp","href":"https:\/\/api.w.org\/{rel}","templated":true}]}}