{"id":12822,"date":"2023-02-09T14:04:21","date_gmt":"2023-02-09T13:04:21","guid":{"rendered":"https:\/\/test.yetanotherstarsrating.com\/?page_id=12822"},"modified":"2023-09-07T15:56:41","modified_gmt":"2023-09-07T13:56:41","slug":"yasr-order-posts-by-ratings","status":"publish","type":"page","link":"https:\/\/yetanotherstarsrating.com\/fr\/yasr-classer-les-messages-par-ordre-dimportance\/","title":{"rendered":"Yasr classe les messages par ordre d'importance"},"content":{"rendered":"<h3 class=\"wp-block-heading\">Classez vos messages par <span style=\"color: #FF8F00;\">des notes !<\/span><\/h3>\n\n\n\n<p>Comme vous le savez, par d\u00e9faut, les articles de WordPress sont class\u00e9s en fonction de la date \u00e0 laquelle ils ont \u00e9t\u00e9 publi\u00e9s.<\/p>\n\n\n\n<p>Avec YASR, au contraire, vous pouvez r\u00e9organiser vos messages par <strong>les notations<\/strong>!<\/p>\n\n\n\n<p>Plus pr\u00e9cis\u00e9ment, vous pouvez trier vos messages par :<\/p>\n\n\n\n<ul>\n<li><span style=\"font-size: revert; background-color: var(--ast-global-color-5); color: initial;\">Les \u00e9valuations des visiteurs comptent<\/span><\/li>\n\n\n\n<li><span style=\"font-size: revert; background-color: var(--ast-global-color-5); color: initial;\">Note moyenne des visiteurs<\/span><\/li>\n\n\n\n<li><span style=\"font-size: revert; background-color: var(--ast-global-color-5); color: initial;\">Note des auteurs<\/span> <\/li>\n<\/ul>\n\n\n\n<p>Dans les r\u00e9glages, (<em>Param\u00e8tres g\u00e9n\u00e9raux <\/em>-&gt; <em>Pages d'archives<\/em>), vous pouvez r\u00e9organiser votre page d'accueil, vos archives et vos \u00e9tiquettes.<\/p>\n\n\n\n<p>Si vous voulez avoir un contr\u00f4le plus granulaire, il y a le shortcode <a href=\"https:\/\/yetanotherstarsrating.com\/fr\/shortcodes-yasr\/postes-daffichage-yasr\/\"><u><strong>yasr_display_posts<\/strong><\/u><\/a><u><strong>.<\/strong><\/u><\/p>\n\n\n\n<h3 class=\"wp-block-heading\">Utilisez votre <span style=\"color:#FF8F00;\">mod\u00e8le personnalis\u00e9 !<\/span><\/h3>\n\n\n\n<p>Par d\u00e9faut, les messages sont imprim\u00e9s \u00e0 l'aide d'un mod\u00e8le que vous trouverez dans le fichier <strong>mod\u00e8les<\/strong> direction.<\/p>\n\n\n\n<p>Si vous le souhaitez, vous pouvez remplacer le mod\u00e8le par d\u00e9faut en cr\u00e9ant un nouveau dossier nomm\u00e9 <strong>yasr<\/strong> dans votre th\u00e8me actuel.<\/p>\n\n\n\n<p>Par exemple, copier <code class=\"yasr-code\">\/templates\/content.php<\/code> \u00e0 <code class=\"yasr-code\">\/votre-th\u00e8me\/yasr\/content.php<\/code> et apportez les modifications n\u00e9cessaires. Vous verrez les changements dans le frontend. De cette fa\u00e7on, vous pouvez modifier le plugin sans modifier le coeur du plugin, qui pourrait \u00eatre remplac\u00e9 lors des mises \u00e0 jour.<\/p>\n\n\n<p>&nbsp;<\/p>","protected":false},"excerpt":{"rendered":"<p>Classez vos articles par ordre d'importance ! Comme vous le savez, par d\u00e9faut, les articles de WordPress sont class\u00e9s en fonction de la date \u00e0 laquelle ils ont \u00e9t\u00e9 publi\u00e9s. Avec YASR, vous pouvez au contraire classer vos articles en fonction de leurs notes ! Plus pr\u00e9cis\u00e9ment, vous pouvez trier vos articles par : Dans les r\u00e9glages, (R\u00e9glages g\u00e9n\u00e9raux -&gt; Pages d'archives) vous pouvez r\u00e9organiser votre page d'accueil, vos archives [...]<\/p>","protected":false},"author":797,"featured_media":0,"parent":0,"menu_order":0,"comment_status":"closed","ping_status":"closed","template":"","meta":{"inline_featured_image":false,"site-sidebar-layout":"default","site-content-layout":"","ast-site-content-layout":"","site-content-style":"default","site-sidebar-style":"default","ast-global-header-display":"","ast-banner-title-visibility":"","ast-main-header-display":"","ast-hfb-above-header-display":"","ast-hfb-below-header-display":"","ast-hfb-mobile-header-display":"","site-post-title":"","ast-breadcrumbs-content":"","ast-featured-img":"","footer-sml-layout":"","theme-transparent-header-meta":"","adv-header-id-meta":"","stick-header-meta":"","header-above-stick-meta":"","header-main-stick-meta":"","header-below-stick-meta":"","astra-migrate-meta-layouts":"default","ast-page-background-enabled":"default","ast-page-background-meta":{"desktop":{"background-color":"var(--ast-global-color-4)","background-image":"","background-repeat":"repeat","background-position":"center center","background-size":"auto","background-attachment":"scroll","background-type":"","background-media":"","overlay-type":"","overlay-color":"","overlay-gradient":""},"tablet":{"background-color":"","background-image":"","background-repeat":"repeat","background-position":"center center","background-size":"auto","background-attachment":"scroll","background-type":"","background-media":"","overlay-type":"","overlay-color":"","overlay-gradient":""},"mobile":{"background-color":"","background-image":"","background-repeat":"repeat","background-position":"center center","background-size":"auto","background-attachment":"scroll","background-type":"","background-media":"","overlay-type":"","overlay-color":"","overlay-gradient":""}},"ast-content-background-meta":{"desktop":{"background-color":"var(--ast-global-color-5)","background-image":"","background-repeat":"repeat","background-position":"center center","background-size":"auto","background-attachment":"scroll","background-type":"","background-media":"","overlay-type":"","overlay-color":"","overlay-gradient":""},"tablet":{"background-color":"var(--ast-global-color-5)","background-image":"","background-repeat":"repeat","background-position":"center center","background-size":"auto","background-attachment":"scroll","background-type":"","background-media":"","overlay-type":"","overlay-color":"","overlay-gradient":""},"mobile":{"background-color":"var(--ast-global-color-5)","background-image":"","background-repeat":"repeat","background-position":"center center","background-size":"auto","background-attachment":"scroll","background-type":"","background-media":"","overlay-type":"","overlay-color":"","overlay-gradient":""}},"yasr_overall_rating":0,"yasr_post_is_review":"","yasr_auto_insert_disabled":"","yasr_review_type":"","yasr_pro_reviews_in_comment_enabled":0,"footnotes":""},"yasr_visitor_votes":{"stars_attributes":{"read_only":false,"span_bottom":false},"number_of_votes":0,"sum_votes":0},"_links":{"self":[{"href":"https:\/\/yetanotherstarsrating.com\/fr\/wp-json\/wp\/v2\/pages\/12822"}],"collection":[{"href":"https:\/\/yetanotherstarsrating.com\/fr\/wp-json\/wp\/v2\/pages"}],"about":[{"href":"https:\/\/yetanotherstarsrating.com\/fr\/wp-json\/wp\/v2\/types\/page"}],"author":[{"embeddable":true,"href":"https:\/\/yetanotherstarsrating.com\/fr\/wp-json\/wp\/v2\/users\/797"}],"replies":[{"embeddable":true,"href":"https:\/\/yetanotherstarsrating.com\/fr\/wp-json\/wp\/v2\/comments?post=12822"}],"version-history":[{"count":11,"href":"https:\/\/yetanotherstarsrating.com\/fr\/wp-json\/wp\/v2\/pages\/12822\/revisions"}],"predecessor-version":[{"id":13631,"href":"https:\/\/yetanotherstarsrating.com\/fr\/wp-json\/wp\/v2\/pages\/12822\/revisions\/13631"}],"wp:attachment":[{"href":"https:\/\/yetanotherstarsrating.com\/fr\/wp-json\/wp\/v2\/media?parent=12822"}],"curies":[{"name":"wp","href":"https:\/\/api.w.org\/{rel}","templated":true}]}}