{"id":2861,"date":"2015-10-09T13:39:15","date_gmt":"2015-10-09T13:39:15","guid":{"rendered":"https:\/\/test.yetanotherstarsrating.com\/?page_id=2861"},"modified":"2020-03-20T21:39:40","modified_gmt":"2020-03-20T20:39:40","slug":"yasr-multi-sets","status":"publish","type":"page","link":"https:\/\/yetanotherstarsrating.com\/fr\/yasr-multi-sets\/","title":{"rendered":"Yasr Multi Sets"},"content":{"rendered":"<p>[vc_row css=&#8221;.vc_custom_1553009775003{margin-top: 30px !important;margin-bottom: 40px !important;}&#8221;][vc_column][leadinjection_heading heading_type=&#8221;h1&#8243; heading_text=&#8221;YASR Multi Set&#8221;][leadinjection_textblock]Multi Set allows you to insert a rating for each aspect of your review (up to nine rows).<\/p>\n<p>Two kinds of Multi Set are available:[\/leadinjection_textblock][\/vc_column][\/vc_row][vc_row css=&#8221;.vc_custom_1578480805814{margin-top: 30px !important;margin-bottom: 40px !important;}&#8221; el_id=&#8221;author-multiset&#8221;][vc_column width=&#8221;1\/4&#8243;][leadinjection_textblock]- <strong>Le premier est en lecture seule<\/strong>Cela signifie que seules les personnes qui ont r\u00e9dig\u00e9 l'avis peuvent l'\u00e9valuer (dans l'\u00e9cran d'\u00e9dition).<\/p>\n<p><a href=\"https:\/\/yetanotherstarsrating.com\/docs\/shortcodes\/yasr-free-shortcodes\/yasr_multiset\/\">Documentation<\/a>[\/leadinjection_textblock][\/vc_column][vc_column width=&#8221;3\/4&#8243;][leadinjection_textblock]<!-- Yasr Multi Set Shortcode-->No Set Found with this ID[\/leadinjection_textblock][\/vc_column][\/vc_row][vc_row css_animation=&#8221;bounceInRight&#8221; css=&#8221;.vc_custom_1553009448494{margin-bottom: 60px !important;}&#8221;][vc_column width=&#8221;1\/2&#8243;][leadinjection_textblock]With <a href=\"https:\/\/yetanotherstarsrating.com\/fr\/#yasr-pro\">YASR PRO<\/a> vous pouvez utiliser le shortcode <a href=\"https:\/\/yetanotherstarsrating.com\/docs\/shortcodes\/yasr-pro\/yasr_pro_average_multiset\/\"><strong>yasr_pro_average_multiset<\/strong><\/a>; this will show just the multiset&#8217;s average[\/leadinjection_textblock][\/vc_column][vc_column width=&#8221;1\/2&#8243;][leadinjection_textblock]<!--YASR PROyasr_pro_average_multiset --><div class='yasr-overall-rating'>\r\n                                 <div class='yasr-rater-stars'\r\n                                     id='yasr_pro_average_multiset-9cd8e96b60d1c'\r\n                                     data-rating='0'\r\n                                     data-rater-starsize='32' >\r\n                                 <\/div>\r\n                             <\/div><!-- END YASR PROyasr_pro_average_multiset -->[\/leadinjection_textblock][\/vc_column][\/vc_row][vc_row css_animation=&#8221;bounceInRight&#8221; css=&#8221;.vc_custom_1553009448494{margin-bottom: 60px !important;}&#8221;][vc_column][vc_zigzag][\/vc_column][\/vc_row][vc_row css=&#8221;.vc_custom_1578480816409{margin-top: 30px !important;margin-bottom: 40px !important;}&#8221; el_id=&#8221;visitor-multiset&#8221;][vc_column width=&#8221;1\/4&#8243;][leadinjection_textblock]- <strong>Visiteur Multi Set :<\/strong> vos lecteurs peuvent interagir avec cela. N'h\u00e9sitez pas \u00e0 l'utiliser ici.<\/p>\n<p><a href=\"https:\/\/yetanotherstarsrating.com\/docs\/shortcodes\/yasr-free-shortcodes\/yasr_visitor_multiset\/\">Documentation<\/a>[\/leadinjection_textblock][\/vc_column][vc_column width=&#8221;3\/4&#8243;][leadinjection_textblock]<!-- Yasr Visitor Multi Set Shortcode-->No Set Found with this ID[\/leadinjection_textblock][\/vc_column][\/vc_row][vc_row css=&#8221;.vc_custom_1578480816409{margin-top: 30px !important;margin-bottom: 40px !important;}&#8221;][vc_column width=&#8221;1\/2&#8243;][leadinjection_textblock]With <a href=\"https:\/\/yetanotherstarsrating.com\/fr\/#yasr-pro\">YASR PRO<\/a> vous pouvez utiliser le shortcode <a href=\"https:\/\/yetanotherstarsrating.com\/docs\/shortcodes\/yasr-pro\/yasr_pro_average_visitor_multiset\/\"><strong>yasr_pro_average_visitor_multiset<\/strong><\/a>; this will show just the multiset&#8217;s average[\/leadinjection_textblock][\/vc_column][vc_column width=&#8221;1\/2&#8243;][leadinjection_textblock]<!--YASR PROyasr_pro_average_visitor_multiset --><div class='yasr-overall-rating'>\r\n                                 <div class='yasr-rater-stars'\r\n                                     id='yasr_pro_average_visitor_multiset-86202e099cdc6'\r\n                                     data-rating='0'\r\n                                     data-rater-starsize='32' >\r\n                                 <\/div>\r\n                             <\/div><!-- END YASR PROyasr_pro_average_visitor_multiset -->[\/leadinjection_textblock][\/vc_column][\/vc_row][vc_row][vc_column width=&#8221;1\/2&#8243;][leadinjection_button alignment=&#8221;left&#8221; color=&#8221;btn-custom2&#8243; style=&#8221;btn-square&#8221; enable_icon=&#8221;yes&#8221; icon_fontawesome=&#8221;fa fa-arrow-left&#8221; enable_link=&#8221;yes&#8221; link_url=&#8221;url:https%3A%2F%2Fstaging.yetanotherstarsrating.com%2Fyasr-basics-shortcode%2F|title:Yasr%20basics%20shortcode||&#8221;]Yasr Basics Shortcodes[\/leadinjection_button][\/vc_column][vc_column width=&#8221;1\/2&#8243;][leadinjection_button alignment=&#8221;right&#8221; color=&#8221;btn-custom2&#8243; style=&#8221;btn-square&#8221; enable_icon=&#8221;yes&#8221; icon_fontawesome=&#8221;fa fa-arrow-right&#8221; icon_site=&#8221;btn-icon-right&#8221; enable_link=&#8221;yes&#8221; link_url=&#8221;url:https%3A%2F%2Fstaging.yetanotherstarsrating.com%2Fyasr-rankings%2F|title:Yasr%20Rankings||&#8221;]Yasr Rankings[\/leadinjection_button][\/vc_column][\/vc_row]<\/p>","protected":false},"excerpt":{"rendered":"<p>[vc_row css=&#8221;.vc_custom_1553009775003{margin-top: 30px !important;margin-bottom: 40px !important;}&#8221;][vc_column][leadinjection_heading heading_type=&#8221;h1&#8243; heading_text=&#8221;YASR Multi Set&#8221;][leadinjection_textblock]Multi Set allows you to insert a rating for each aspect of your review (up to nine rows). Two kinds of Multi Set are available:[\/leadinjection_textblock][\/vc_column][\/vc_row][vc_row css=&#8221;.vc_custom_1578480805814{margin-top: 30px !important;margin-bottom: 40px !important;}&#8221; el_id=&#8221;author-multiset&#8221;][vc_column width=&#8221;1\/4&#8243;][leadinjection_textblock]- The first is read only, this means that only those who write the review [&hellip;]<\/p>","protected":false},"author":797,"featured_media":0,"parent":0,"menu_order":0,"comment_status":"open","ping_status":"closed","template":"","meta":{"inline_featured_image":false,"site-sidebar-layout":"default","site-content-layout":"","ast-site-content-layout":"","site-content-style":"default","site-sidebar-style":"default","ast-global-header-display":"","ast-banner-title-visibility":"","ast-main-header-display":"","ast-hfb-above-header-display":"","ast-hfb-below-header-display":"","ast-hfb-mobile-header-display":"","site-post-title":"","ast-breadcrumbs-content":"","ast-featured-img":"","footer-sml-layout":"","theme-transparent-header-meta":"","adv-header-id-meta":"","stick-header-meta":"","header-above-stick-meta":"","header-main-stick-meta":"","header-below-stick-meta":"","astra-migrate-meta-layouts":"default","ast-page-background-enabled":"default","ast-page-background-meta":{"desktop":{"background-color":"var(--ast-global-color-4)","background-image":"","background-repeat":"repeat","background-position":"center center","background-size":"auto","background-attachment":"scroll","background-type":"","background-media":"","overlay-type":"","overlay-color":"","overlay-gradient":""},"tablet":{"background-color":"","background-image":"","background-repeat":"repeat","background-position":"center center","background-size":"auto","background-attachment":"scroll","background-type":"","background-media":"","overlay-type":"","overlay-color":"","overlay-gradient":""},"mobile":{"background-color":"","background-image":"","background-repeat":"repeat","background-position":"center center","background-size":"auto","background-attachment":"scroll","background-type":"","background-media":"","overlay-type":"","overlay-color":"","overlay-gradient":""}},"ast-content-background-meta":{"desktop":{"background-color":"var(--ast-global-color-5)","background-image":"","background-repeat":"repeat","background-position":"center center","background-size":"auto","background-attachment":"scroll","background-type":"","background-media":"","overlay-type":"","overlay-color":"","overlay-gradient":""},"tablet":{"background-color":"var(--ast-global-color-5)","background-image":"","background-repeat":"repeat","background-position":"center center","background-size":"auto","background-attachment":"scroll","background-type":"","background-media":"","overlay-type":"","overlay-color":"","overlay-gradient":""},"mobile":{"background-color":"var(--ast-global-color-5)","background-image":"","background-repeat":"repeat","background-position":"center center","background-size":"auto","background-attachment":"scroll","background-type":"","background-media":"","overlay-type":"","overlay-color":"","overlay-gradient":""}},"yasr_overall_rating":2.7,"yasr_post_is_review":"","yasr_auto_insert_disabled":"","yasr_review_type":"","yasr_pro_reviews_in_comment_enabled":0,"footnotes":""},"yasr_visitor_votes":{"stars_attributes":{"read_only":false,"span_bottom":false},"number_of_votes":0,"sum_votes":0},"_links":{"self":[{"href":"https:\/\/yetanotherstarsrating.com\/fr\/wp-json\/wp\/v2\/pages\/2861"}],"collection":[{"href":"https:\/\/yetanotherstarsrating.com\/fr\/wp-json\/wp\/v2\/pages"}],"about":[{"href":"https:\/\/yetanotherstarsrating.com\/fr\/wp-json\/wp\/v2\/types\/page"}],"author":[{"embeddable":true,"href":"https:\/\/yetanotherstarsrating.com\/fr\/wp-json\/wp\/v2\/users\/797"}],"replies":[{"embeddable":true,"href":"https:\/\/yetanotherstarsrating.com\/fr\/wp-json\/wp\/v2\/comments?post=2861"}],"version-history":[{"count":16,"href":"https:\/\/yetanotherstarsrating.com\/fr\/wp-json\/wp\/v2\/pages\/2861\/revisions"}],"predecessor-version":[{"id":11566,"href":"https:\/\/yetanotherstarsrating.com\/fr\/wp-json\/wp\/v2\/pages\/2861\/revisions\/11566"}],"wp:attachment":[{"href":"https:\/\/yetanotherstarsrating.com\/fr\/wp-json\/wp\/v2\/media?parent=2861"}],"curies":[{"name":"wp","href":"https:\/\/api.w.org\/{rel}","templated":true}]}}