{"id":2865,"date":"2015-10-09T13:36:10","date_gmt":"2015-10-09T13:36:10","guid":{"rendered":"https:\/\/test.yetanotherstarsrating.com\/?page_id=2865"},"modified":"2024-06-17T12:16:04","modified_gmt":"2024-06-17T10:16:04","slug":"yasr-rankings","status":"publish","type":"page","link":"https:\/\/yetanotherstarsrating.com\/fr\/classement-des-yasr\/","title":{"rendered":"Classement de Yasr"},"content":{"rendered":"<p>[vc_row css=&#8221;.vc_custom_1553274513879{margin-bottom: 45px !important;}&#8221;][vc_column][leadinjection_heading heading_type=&#8221;h1&#8243; heading_text=&#8221;Yasr Rankings&#8221;][\/vc_column][\/vc_row][vc_row css=&#8221;.vc_custom_1553091604974{margin-bottom: 30px !important;}&#8221;][vc_column][leadinjection_heading align=&#8221;center&#8221; heading_text=&#8221;Top 10 Highest Rated&#8221;][\/vc_column][\/vc_row][vc_row css=&#8221;.vc_custom_1578500147951{margin-bottom: 30px !important;}&#8221; el_id=&#8221;top-ten-higest-rated&#8221;][vc_column width=&#8221;1\/4&#8243;][leadinjection_textblock]This is the \u201cRanking Review\u201d chart called with the shortcode <strong>yasr_ov_ranking<\/strong>. Il s'agit du classement des 10 premiers <strong>yasr_overall_rating<\/strong> shortcodes.<\/p>\n<p>Il comporte 10 lignes et affiche l'article le mieux not\u00e9 dans chaque cat\u00e9gorie ou type d'article.<\/p>\n<p>Avec <a href=\"https:\/\/yetanotherstarsrating.com\/fr\/#yasr-pro\">YASR Pro<\/a> vous pouvez choisir le nombre de lignes \u00e0 afficher, choisir la cat\u00e9gorie ou le type de message \u00e0 inclure et personnaliser le texte qui appara\u00eetra avant ou apr\u00e8s les \u00e9toiles.<\/p>\n<p><a href=\"https:\/\/yetanotherstarsrating.com\/docs\/yasr_ov_ranking\/\">Documentation<\/a>[\/leadinjection_textblock][\/vc_column][vc_column width=&#8221;3\/4&#8243;][leadinjection_textblock]<!-- Yasr Highest Rated Shortcode--><table\r\n                                          class='yasr-rankings yasr-stars-rankings'\r\n                                          id=\"yasr_overall_ranking_c9f08697f8be7\"                                          data-ranking-data='[{&quot;post_id&quot;:13082,&quot;rating&quot;:4.8,&quot;title&quot;:&quot;Test 123&quot;,&quot;link&quot;:&quot;https:\\\/\\\/yetanotherstarsrating.com\\\/fr\\\/test-123\\\/&quot;},{&quot;post_id&quot;:11846,&quot;rating&quot;:4.7,&quot;title&quot;:&quot;This is just a title&quot;,&quot;link&quot;:&quot;https:\\\/\\\/yetanotherstarsrating.com\\\/fr\\\/ce-nest-quun-titre\\\/&quot;},{&quot;post_id&quot;:11921,&quot;rating&quot;:4.4,&quot;title&quot;:&quot;This is just a test post&quot;,&quot;link&quot;:&quot;https:\\\/\\\/yetanotherstarsrating.com\\\/fr\\\/ceci-est-juste-un-post-de-test\\\/&quot;},{&quot;post_id&quot;:11923,&quot;rating&quot;:3.7,&quot;title&quot;:&quot;This is another test post&quot;,&quot;link&quot;:&quot;https:\\\/\\\/yetanotherstarsrating.com\\\/fr\\\/il-sagit-dun-autre-poste-de-test\\\/&quot;},{&quot;post_id&quot;:2859,&quot;rating&quot;:3.6,&quot;title&quot;:&quot;Shortcode Documentation&quot;,&quot;link&quot;:&quot;https:\\\/\\\/yetanotherstarsrating.com\\\/fr\\\/shortcodes-yasr\\\/&quot;},{&quot;post_id&quot;:2865,&quot;rating&quot;:3.6,&quot;title&quot;:&quot;Yasr Rankings&quot;,&quot;link&quot;:&quot;https:\\\/\\\/yetanotherstarsrating.com\\\/fr\\\/classement-des-yasr\\\/&quot;},{&quot;post_id&quot;:11929,&quot;rating&quot;:2.8,&quot;title&quot;:&quot;Yet Another Test Post&quot;,&quot;link&quot;:&quot;https:\\\/\\\/yetanotherstarsrating.com\\\/fr\\\/encore-un-post-de-test\\\/&quot;},{&quot;post_id&quot;:2861,&quot;rating&quot;:2.7,&quot;title&quot;:&quot;Yasr Multi Sets&quot;,&quot;link&quot;:&quot;https:\\\/\\\/yetanotherstarsrating.com\\\/fr\\\/yasr-multi-sets\\\/&quot;}]'\r\n                                          data-ranking-source='\"overall_rating\"'\r\n                                          data-ranking-params='\"order_by=DESC&limit=10&custom_txt=&text_position=after&start_date=0&end_date=0\"'\r\n                                          data-ranking-size='24'\r\n                                          data-ranking-nonce='\"55a32e793e\"'\r\n                                          ><\/table><!--End Yasr Top 10 highest Rated Shortcode-->[\/leadinjection_textblock][\/vc_column][\/vc_row][vc_row css_animation=&#8221;bounceInRight&#8221; css=&#8221;.vc_custom_1553096240331{margin-bottom: 20px !important;}&#8221;][vc_column][vc_zigzag][\/vc_column][\/vc_row][vc_row css=&#8221;.vc_custom_1553769910947{margin-bottom: 30px !important;}&#8221; el_id=&#8221;users-rank&#8221;][vc_column][leadinjection_heading align=&#8221;center&#8221; heading_text=&#8221;Users\u2019 ranking&#8221;][\/vc_column][\/vc_row][vc_row css=&#8221;.vc_custom_1578566999398{margin-bottom: 30px !important;}&#8221;][vc_column width=&#8221;1\/4&#8243;][leadinjection_textblock]\u201cUsers\u2019 ranking\u201d chart, called with the shortcode <strong>yasr_most_or_highest_rated_posts<\/strong>Il s'agit de deux graphiques en un. En fait, ce graphique montre \u00e0 la fois l'\u00e9volution de l'indice des prix \u00e0 la consommation et celle de l'indice des prix \u00e0 la consommation. <strong>la plus cot\u00e9e<\/strong> et l'option <strong>le mieux not\u00e9<\/strong> posts\/pages. Pour qu'un \u00e9l\u00e9ment apparaisse dans ce tableau, il doit \u00eatre \u00e9valu\u00e9 au moins deux fois. Si vous avez moins de 10 lignes, cela fonctionne quand m\u00eame.<\/p>\n<p>Il comporte jusqu'\u00e0 10 lignes et affiche l'article le mieux not\u00e9 de chaque cat\u00e9gorie ou type d'article.<\/p>\n<p>Avec <span style=\"color: #000080;\"><a href=\"https:\/\/yetanotherstarsrating.com\/fr\/#yasr-pro\">YASR Pro<\/a><\/span> vous pouvez choisir l'affichage par d\u00e9faut entre \"Les mieux not\u00e9s\" et \"Les plus not\u00e9s\", le nombre de lignes \u00e0 afficher, le nombre minimum de votes (par exemple, n'afficher que les articles dont le nombre de votes est sup\u00e9rieur \u00e0 10), la cat\u00e9gorie ou le type d'article \u00e0 inclure et le texte qui appara\u00eetra avant ou apr\u00e8s les \u00e9toiles.<\/p>\n<p><a href=\"https:\/\/yetanotherstarsrating.com\/docs\/yasr_most_or_highest_rated_posts\/\">Documentation<\/a>[\/leadinjection_textblock][\/vc_column][vc_column width=&#8221;3\/4&#8243;][leadinjection_textblock]<!-- Yasr Most Or Highest Rated Shortcode --><table\r\n                                          class='yasr-rankings yasr-stars-rankings'\r\n                                          id='yasr_vv_ranking_c6798709a0f2e'\r\n                                          data-ranking-data='{&quot;most&quot;:[{&quot;post_id&quot;:11846,&quot;rating&quot;:3.8,&quot;number_of_votes&quot;:1752,&quot;title&quot;:&quot;This is just a title&quot;,&quot;link&quot;:&quot;https:\\\/\\\/yetanotherstarsrating.com\\\/fr\\\/ce-nest-quun-titre\\\/&quot;},{&quot;post_id&quot;:2859,&quot;rating&quot;:4.1,&quot;number_of_votes&quot;:132,&quot;title&quot;:&quot;Shortcode Documentation&quot;,&quot;link&quot;:&quot;https:\\\/\\\/yetanotherstarsrating.com\\\/fr\\\/shortcodes-yasr\\\/&quot;},{&quot;post_id&quot;:11003,&quot;rating&quot;:4.1,&quot;number_of_votes&quot;:18,&quot;title&quot;:&quot;Faq&quot;,&quot;link&quot;:&quot;https:\\\/\\\/yetanotherstarsrating.com\\\/fr\\\/faq\\\/&quot;},{&quot;post_id&quot;:11921,&quot;rating&quot;:4.3,&quot;number_of_votes&quot;:6,&quot;title&quot;:&quot;This is just a test post&quot;,&quot;link&quot;:&quot;https:\\\/\\\/yetanotherstarsrating.com\\\/fr\\\/ceci-est-juste-un-post-de-test\\\/&quot;},{&quot;post_id&quot;:11923,&quot;rating&quot;:4.7,&quot;number_of_votes&quot;:3,&quot;title&quot;:&quot;This is another test post&quot;,&quot;link&quot;:&quot;https:\\\/\\\/yetanotherstarsrating.com\\\/fr\\\/il-sagit-dun-autre-poste-de-test\\\/&quot;},{&quot;post_id&quot;:595,&quot;rating&quot;:5,&quot;number_of_votes&quot;:1,&quot;title&quot;:&quot;LOG - License Activated: 353&quot;,&quot;link&quot;:&quot;https:\\\/\\\/yetanotherstarsrating.com\\\/fr\\\/?p=595&quot;},{&quot;post_id&quot;:11929,&quot;rating&quot;:5,&quot;number_of_votes&quot;:1,&quot;title&quot;:&quot;Yet Another Test Post&quot;,&quot;link&quot;:&quot;https:\\\/\\\/yetanotherstarsrating.com\\\/fr\\\/encore-un-post-de-test\\\/&quot;},{&quot;post_id&quot;:6526,&quot;rating&quot;:4,&quot;number_of_votes&quot;:1,&quot;title&quot;:&quot;Yasr User Reviews - talbotbenoit@hotmail.com&quot;,&quot;link&quot;:&quot;https:\\\/\\\/yetanotherstarsrating.com\\\/fr\\\/?p=6526&quot;},{&quot;post_id&quot;:1966,&quot;rating&quot;:3,&quot;number_of_votes&quot;:1,&quot;title&quot;:&quot;LOG - License Activated: 1662&quot;,&quot;link&quot;:&quot;https:\\\/\\\/yetanotherstarsrating.com\\\/fr\\\/?p=1966&quot;}],&quot;highest&quot;:[{&quot;post_id&quot;:595,&quot;rating&quot;:5,&quot;number_of_votes&quot;:1,&quot;title&quot;:&quot;LOG - License Activated: 353&quot;,&quot;link&quot;:&quot;https:\\\/\\\/yetanotherstarsrating.com\\\/fr\\\/?p=595&quot;},{&quot;post_id&quot;:11929,&quot;rating&quot;:5,&quot;number_of_votes&quot;:1,&quot;title&quot;:&quot;Yet Another Test Post&quot;,&quot;link&quot;:&quot;https:\\\/\\\/yetanotherstarsrating.com\\\/fr\\\/encore-un-post-de-test\\\/&quot;},{&quot;post_id&quot;:11923,&quot;rating&quot;:4.7,&quot;number_of_votes&quot;:3,&quot;title&quot;:&quot;This is another test post&quot;,&quot;link&quot;:&quot;https:\\\/\\\/yetanotherstarsrating.com\\\/fr\\\/il-sagit-dun-autre-poste-de-test\\\/&quot;},{&quot;post_id&quot;:11921,&quot;rating&quot;:4.3,&quot;number_of_votes&quot;:6,&quot;title&quot;:&quot;This is just a test post&quot;,&quot;link&quot;:&quot;https:\\\/\\\/yetanotherstarsrating.com\\\/fr\\\/ceci-est-juste-un-post-de-test\\\/&quot;},{&quot;post_id&quot;:2859,&quot;rating&quot;:4.1,&quot;number_of_votes&quot;:132,&quot;title&quot;:&quot;Shortcode Documentation&quot;,&quot;link&quot;:&quot;https:\\\/\\\/yetanotherstarsrating.com\\\/fr\\\/shortcodes-yasr\\\/&quot;},{&quot;post_id&quot;:11003,&quot;rating&quot;:4.1,&quot;number_of_votes&quot;:18,&quot;title&quot;:&quot;Faq&quot;,&quot;link&quot;:&quot;https:\\\/\\\/yetanotherstarsrating.com\\\/fr\\\/faq\\\/&quot;},{&quot;post_id&quot;:6526,&quot;rating&quot;:4,&quot;number_of_votes&quot;:1,&quot;title&quot;:&quot;Yasr User Reviews - talbotbenoit@hotmail.com&quot;,&quot;link&quot;:&quot;https:\\\/\\\/yetanotherstarsrating.com\\\/fr\\\/?p=6526&quot;},{&quot;post_id&quot;:11846,&quot;rating&quot;:3.8,&quot;number_of_votes&quot;:1752,&quot;title&quot;:&quot;This is just a title&quot;,&quot;link&quot;:&quot;https:\\\/\\\/yetanotherstarsrating.com\\\/fr\\\/ce-nest-quun-titre\\\/&quot;},{&quot;post_id&quot;:1966,&quot;rating&quot;:3,&quot;number_of_votes&quot;:1,&quot;title&quot;:&quot;LOG - License Activated: 1662&quot;,&quot;link&quot;:&quot;https:\\\/\\\/yetanotherstarsrating.com\\\/fr\\\/?p=1966&quot;}]}'\r\n                                          data-ranking-source='\"visitor_votes\"'\r\n                                          data-ranking-params='\"order_by=DESC&limit=10&view=most&start_date=0&end_date=0&required_votes%5Bmost%5D=1&required_votes%5Bhighest%5D=1\"'\r\n                                          data-ranking-size='24'\r\n                                          data-ranking-nonce='\"55a32e793e\"'\r\n                                          ><\/table><!--End Yasr TMost Or Highest Rated Shortcode -->[\/leadinjection_textblock][\/vc_column][\/vc_row][vc_row css_animation=&#8221;bounceInRight&#8221; css=&#8221;.vc_custom_1553096240331{margin-bottom: 20px !important;}&#8221;][vc_column][vc_zigzag][\/vc_column][\/vc_row][vc_row css=&#8221;.vc_custom_1619614305884{margin-bottom: 30px !important;}&#8221; el_id=&#8221;ranking_multi_visitor&#8221;][vc_column][leadinjection_heading align=&#8221;center&#8221; heading_text=&#8221; Top 10 Highest Rated by Multi Set&#8221;][\/vc_column][\/vc_row][vc_row css=&#8221;.vc_custom_1553091604974{margin-bottom: 30px !important;}&#8221;][vc_column width=&#8221;1\/4&#8243;][leadinjection_textblock]This ranking get data from <a href=\"https:\/\/yetanotherstarsrating.com\/fr\/yasr-multi-sets\/#author-multiset\">Multi-Set<\/a>, appel\u00e9 avec le shortcode yasr_multi_set_ranking setid=<strong>XXX<\/strong> o\u00f9 setId est votre jeu.<\/p>\n<p>Avec <span style=\"color: #000080;\"><a href=\"https:\/\/yetanotherstarsrating.com\/fr\/#yasr-pro\">YASR Pro<\/a><\/span> you can choose the default view between \u201cMost Rated\u201d and \u201cHighest Rated\u201d, how many rows to display, set the minimum number of votes (e.g. show only posts with number of votes &gt; 10) start date and end date, and choose which category or post type to include.[\/leadinjection_textblock][\/vc_column][vc_column width=&#8221;3\/4&#8243;][leadinjection_textblock]<!-- Yasr Ranking by Multiset --><div style=\"padding: 20px\">Aucun message n'a \u00e9t\u00e9 trouv\u00e9 avec ces param\u00e8tres. Essayez de supprimer certains filtres.<\/div><!-- Yasr Ranking by Multiset -->[\/leadinjection_textblock][\/vc_column][\/vc_row][vc_row css_animation=&#8221;bounceInRight&#8221; css=&#8221;.vc_custom_1553096240331{margin-bottom: 20px !important;}&#8221;][vc_column][vc_zigzag][\/vc_column][\/vc_row][vc_row css=&#8221;.vc_custom_1619614305884{margin-bottom: 30px !important;}&#8221;][vc_column][leadinjection_heading align=&#8221;center&#8221; heading_text=&#8221;Users&#8217; ranking by Visitor Multi Set&#8221;][\/vc_column][\/vc_row][vc_row css=&#8221;.vc_custom_1553091604974{margin-bottom: 30px !important;}&#8221;][vc_column width=&#8221;1\/4&#8243;][leadinjection_textblock]This ranking get data from <a href=\"https:\/\/yetanotherstarsrating.com\/fr\/yasr-multi-sets\/#visitor-multiset\">Visiteur Multi Set<\/a>, appel\u00e9 avec le shortcode yasr_visitor_multi_set_ranking setid=<strong>XXX<\/strong> o\u00f9 setId est votre jeu.<\/p>\n<p>Avec <span style=\"color: #000080;\"><a href=\"https:\/\/yetanotherstarsrating.com\/fr\/#yasr-pro\">YASR Pro<\/a><\/span> you can choose the default view between \u201cMost Rated\u201d and \u201cHighest Rated\u201d, how many rows to display, set the minimum number of votes (e.g. show only posts with number of votes &gt; 10) start date and end date, and choose which category or post type to include.[\/leadinjection_textblock][\/vc_column][vc_column width=&#8221;3\/4&#8243;][leadinjection_textblock]<!-- Yasr Ranking by Visitor Multiset --><div style=\"padding: 20px\">Aucun message n'a \u00e9t\u00e9 trouv\u00e9 avec ces param\u00e8tres. Essayez de supprimer certains filtres.<\/div><!--End Yasr Ranking by Visitor Multiset -->[\/leadinjection_textblock][\/vc_column][\/vc_row][vc_row css_animation=&#8221;bounceInRight&#8221; css=&#8221;.vc_custom_1553096240331{margin-bottom: 20px !important;}&#8221;][vc_column][vc_zigzag][\/vc_column][\/vc_row][vc_row css=&#8221;.vc_custom_1578593751457{margin-bottom: 30px !important;}&#8221;][vc_column][leadinjection_heading align=&#8221;center&#8221; heading_text=&#8221;Most active reviewers&#8221;][\/vc_column][\/vc_row][vc_row css=&#8221;.vc_custom_1553091604974{margin-bottom: 30px !important;}&#8221;][vc_column width=&#8221;1\/4&#8243;][leadinjection_textblock]\u201cMost active reviewers\u201d chart shows the <strong>Les 5 \u00e9valuateurs les plus actifs<\/strong> sur votre site. Si vous avez moins de 5 utilisateurs (comme dans cet exemple), cela fonctionne quand m\u00eame.<\/p>\n<p>Avec <span style=\"color: #000080;\"><a href=\"https:\/\/yetanotherstarsrating.com\/fr\/#yasr-pro\">YASR Pro<\/a><\/span> vous pouvez choisir d'afficher les noms d'affichage ou les noms de connexion, ainsi que le nombre de lignes.<\/p>\n<p><a href=\"https:\/\/yetanotherstarsrating.com\/docs\/yasr_top_reviewers\/\">Documentation<\/a>[\/leadinjection_textblock][\/vc_column][vc_column width=&#8221;3\/4&#8243;][leadinjection_textblock]<table class=\"yasr-rankings\">\r\n                                <thead>\r\n                                    <tr class=\"yasr-rankings-td-colored\">\r\n                                        <th>Utilisateur<\/th>\r\n                                        <th>Nombre de voix<\/th>\r\n                                    <\/tr>\r\n                                <\/thead><tr class='yasr-rankings-td-white'>\r\n                                    <td><a href='https:\/\/yetanotherstarsrating.com\/fr\/author\/david\/'>david<\/a><\/td>\r\n                                    <td>44<\/td>\r\n                                <\/tr><\/table><!-- Yasr yasr_top_reviewers Shortcode-->[\/leadinjection_textblock][\/vc_column][\/vc_row][vc_row css_animation=&#8221;bounceInRight&#8221; css=&#8221;.vc_custom_1553096240331{margin-bottom: 20px !important;}&#8221;][vc_column][vc_zigzag][\/vc_column][\/vc_row][vc_row content_placement=&#8221;top&#8221; css=&#8221;.vc_custom_1578594142563{margin-bottom: 30px !important;}&#8221; el_id=&#8221;most-active-users&#8221;][vc_column][leadinjection_heading align=&#8221;center&#8221; heading_text=&#8221;Most active users&#8221;][\/vc_column][\/vc_row][vc_row css=&#8221;.vc_custom_1553091604974{margin-bottom: 30px !important;}&#8221;][vc_column width=&#8221;1\/4&#8243;][leadinjection_textblock]This is the \u201cMost Active Users\u201d chart. When a visitor (logged in or not) rates a post\/page through the yasr_visitor_votes shortcode, his rating is stored in the database.<\/p>\n<p>Ce graphique montre les 10 utilisateurs les plus actifs, en affichant le nom de connexion s'ils sont connect\u00e9s ou \"Anonyme\" s'ils ne le sont pas.<\/p>\n<p>Avec la <span style=\"color: #000080;\"><a href=\"https:\/\/yetanotherstarsrating.com\/fr\/yasr-pro\/\">YASR Pro<\/a><\/span> vous pouvez choisir d'afficher le nom d'affichage ou le nom de connexion, et vous pouvez s\u00e9lectionner le nombre de lignes.<\/p>\n<p><a href=\"https:\/\/yetanotherstarsrating.com\/docs\/yasr_most_active_users\/\">Documentation<\/a>[\/leadinjection_textblock][\/vc_column][vc_column width=&#8221;3\/4&#8243;][leadinjection_textblock]<table class=\"yasr-rankings\">\r\n                                    <tr>\r\n                                     <th>Nom d'utilisateur<\/th>\r\n                                     <th>Nombre de voix<\/th>\r\n                                    <\/tr><tr>\r\n                                    <td><a href='#'>Anonyme<\/a><\/td>\r\n                                    <td>1908<\/td>\r\n                                <\/tr><tr>\r\n                                    <td><a href='https:\/\/yetanotherstarsrating.com\/fr\/author\/david\/'>david<\/a><\/td>\r\n                                    <td>6<\/td>\r\n                                <\/tr><tr>\r\n                                    <td><a href='#'>Anonyme<\/a><\/td>\r\n                                    <td>1<\/td>\r\n                                <\/tr><\/table>[\/leadinjection_textblock][\/vc_column][\/vc_row][vc_row][vc_column][leadinjection_button alignment=&#8221;left&#8221; color=&#8221;btn-custom2&#8243; style=&#8221;btn-square&#8221; enable_icon=&#8221;yes&#8221; icon_fontawesome=&#8221;fa fa-arrow-left&#8221; enable_link=&#8221;yes&#8221; link_url=&#8221;url:https%3A%2F%2Fstaging.yetanotherstarsrating.com%2Fyasr-multi-sets%2F|title:Yasr%20Multi%20Sets||&#8221;]Yasr Multi Sets[\/leadinjection_button][\/vc_column][\/vc_row]<\/p>","protected":false},"excerpt":{"rendered":"<p>[vc_row css=&#8221;.vc_custom_1553274513879{margin-bottom: 45px !important;}&#8221;][vc_column][leadinjection_heading heading_type=&#8221;h1&#8243; heading_text=&#8221;Yasr Rankings&#8221;][\/vc_column][\/vc_row][vc_row css=&#8221;.vc_custom_1553091604974{margin-bottom: 30px !important;}&#8221;][vc_column][leadinjection_heading align=&#8221;center&#8221; heading_text=&#8221;Top 10 Highest Rated&#8221;][\/vc_column][\/vc_row][vc_row css=&#8221;.vc_custom_1578500147951{margin-bottom: 30px !important;}&#8221; el_id=&#8221;top-ten-higest-rated&#8221;][vc_column width=&#8221;1\/4&#8243;][leadinjection_textblock]This is the \u201cRanking Review\u201d chart called with the shortcode yasr_ov_ranking. It\u2019s the ranking of the first 10 yasr_overall_rating shortcodes. It has 10 rows and shows the highest rated post in each category or post type. [&hellip;]<\/p>","protected":false},"author":797,"featured_media":0,"parent":0,"menu_order":0,"comment_status":"open","ping_status":"closed","template":"","meta":{"inline_featured_image":false,"site-sidebar-layout":"default","site-content-layout":"","ast-site-content-layout":"","site-content-style":"default","site-sidebar-style":"default","ast-global-header-display":"","ast-banner-title-visibility":"","ast-main-header-display":"","ast-hfb-above-header-display":"","ast-hfb-below-header-display":"","ast-hfb-mobile-header-display":"","site-post-title":"","ast-breadcrumbs-content":"","ast-featured-img":"","footer-sml-layout":"","theme-transparent-header-meta":"","adv-header-id-meta":"","stick-header-meta":"","header-above-stick-meta":"","header-main-stick-meta":"","header-below-stick-meta":"","astra-migrate-meta-layouts":"default","ast-page-background-enabled":"default","ast-page-background-meta":{"desktop":{"background-color":"var(--ast-global-color-4)","background-image":"","background-repeat":"repeat","background-position":"center center","background-size":"auto","background-attachment":"scroll","background-type":"","background-media":"","overlay-type":"","overlay-color":"","overlay-gradient":""},"tablet":{"background-color":"","background-image":"","background-repeat":"repeat","background-position":"center center","background-size":"auto","background-attachment":"scroll","background-type":"","background-media":"","overlay-type":"","overlay-color":"","overlay-gradient":""},"mobile":{"background-color":"","background-image":"","background-repeat":"repeat","background-position":"center center","background-size":"auto","background-attachment":"scroll","background-type":"","background-media":"","overlay-type":"","overlay-color":"","overlay-gradient":""}},"ast-content-background-meta":{"desktop":{"background-color":"var(--ast-global-color-5)","background-image":"","background-repeat":"repeat","background-position":"center center","background-size":"auto","background-attachment":"scroll","background-type":"","background-media":"","overlay-type":"","overlay-color":"","overlay-gradient":""},"tablet":{"background-color":"var(--ast-global-color-5)","background-image":"","background-repeat":"repeat","background-position":"center center","background-size":"auto","background-attachment":"scroll","background-type":"","background-media":"","overlay-type":"","overlay-color":"","overlay-gradient":""},"mobile":{"background-color":"var(--ast-global-color-5)","background-image":"","background-repeat":"repeat","background-position":"center center","background-size":"auto","background-attachment":"scroll","background-type":"","background-media":"","overlay-type":"","overlay-color":"","overlay-gradient":""}},"yasr_overall_rating":3.6,"yasr_post_is_review":"","yasr_auto_insert_disabled":"","yasr_review_type":"","yasr_pro_reviews_in_comment_enabled":0,"footnotes":""},"yasr_visitor_votes":{"stars_attributes":{"read_only":false,"span_bottom":false},"number_of_votes":0,"sum_votes":0},"_links":{"self":[{"href":"https:\/\/yetanotherstarsrating.com\/fr\/wp-json\/wp\/v2\/pages\/2865"}],"collection":[{"href":"https:\/\/yetanotherstarsrating.com\/fr\/wp-json\/wp\/v2\/pages"}],"about":[{"href":"https:\/\/yetanotherstarsrating.com\/fr\/wp-json\/wp\/v2\/types\/page"}],"author":[{"embeddable":true,"href":"https:\/\/yetanotherstarsrating.com\/fr\/wp-json\/wp\/v2\/users\/797"}],"replies":[{"embeddable":true,"href":"https:\/\/yetanotherstarsrating.com\/fr\/wp-json\/wp\/v2\/comments?post=2865"}],"version-history":[{"count":38,"href":"https:\/\/yetanotherstarsrating.com\/fr\/wp-json\/wp\/v2\/pages\/2865\/revisions"}],"predecessor-version":[{"id":14232,"href":"https:\/\/yetanotherstarsrating.com\/fr\/wp-json\/wp\/v2\/pages\/2865\/revisions\/14232"}],"wp:attachment":[{"href":"https:\/\/yetanotherstarsrating.com\/fr\/wp-json\/wp\/v2\/media?parent=2865"}],"curies":[{"name":"wp","href":"https:\/\/api.w.org\/{rel}","templated":true}]}}