{"id":2900,"date":"2015-10-09T13:17:18","date_gmt":"2015-10-09T11:17:18","guid":{"rendered":"https:\/\/test.yetanotherstarsrating.com\/?page_id=2900"},"modified":"2024-06-17T11:40:19","modified_gmt":"2024-06-17T09:40:19","slug":"reviews-in-comments","status":"publish","type":"page","link":"https:\/\/yetanotherstarsrating.com\/fr\/commentaires-dans-les-commentaires\/","title":{"rendered":"Avis des utilisateurs"},"content":{"rendered":"<h2 class=\"wp-block-heading\">Faites participer vos visiteurs \u00e0 <span style=\"color: #FF8F00;\">les commentaires des utilisateurs !<\/span><\/h2>\n\n\n\n<p>YASR Pro permet \u00e0 vos visiteurs d'examiner un article, une page ou un type d'article personnalis\u00e9 rapidement et facilement !<\/p>\n\n\n\n<p>Avec YASR Pro, vous serez en mesure d'\u00e9tendre le champ d'application de la loi sur la protection de l'environnement. <strong>standard<\/strong> le formulaire de commentaire int\u00e9gr\u00e9 de WordPress en ajoutant deux nouveaux champs afin d'ins\u00e9rer l'\u00e9l\u00e9ment&nbsp; <strong>note globale<\/strong> et le <strong>titre<\/strong>.<\/p>\n\n\n\n<p>Vous pouvez \u00e9galement ins\u00e9rer un <strong>Multi-Set<\/strong> pour permettre \u00e0 un utilisateur d'examiner chaque crit\u00e8re !<\/p>\n\n\n\n<p>Lorsque cette option est activ\u00e9e, tous les nouveaux champs (note moyenne, titre et au moins une note dans l'ensemble multiple) sont obligatoires.<\/p>\n\n\n\n<p><i class=\"fas fa-arrow-down\"><\/i><a href=\"https:\/\/yetanotherstarsrating.com\/fr\/commentaires-dans-les-commentaires\/#comments\">Testez-le sur cette page <\/a>!<\/p>\n\n\n\n<hr class=\"wp-block-separator has-alpha-channel-opacity\" style=\"margin-top:var(--wp--preset--spacing--80);margin-bottom:var(--wp--preset--spacing--80)\"\/>\n\n\n\n<h3 class=\"wp-block-heading has-text-align-center\">Nouveau <span style=\"color: #FF8F00\">Shortcodes !<\/span><\/h3>\n\n\n\n<div class=\"wp-block-columns is-layout-flex wp-container-core-columns-layout-1 wp-block-columns-is-layout-flex\" style=\"margin-top:var(--wp--preset--spacing--80);margin-bottom:var(--wp--preset--spacing--80)\">\n<div class=\"wp-block-column is-layout-flow wp-block-column-is-layout-flow\">\n<pre class=\"wp-block-code\"><code><span style=\"background-color: initial; color: initial;\">[yasr_pro_average_comments_ratings<\/span>]<\/code><\/pre>\n\n\n\n<p>Ce shortcode affiche la moyenne de tous les votes globaux disponibles pour l'article en cours.<\/p>\n\n\n\n<p>\nPar exemple, si un article a deux commentaires, avec des notes respectives de 4 et 5, le shortcode indiquera 4.5.<br><\/p>\n\n\n\n<p><a href=\"https:\/\/yetanotherstarsrating.com\/docs\/yasr_pro_average_comments_ratings\/\">Documentation<\/a><\/p>\n\n\n<div class='yasr-rater-stars' \r\n                                       id='yasr-pro-average-comments-ratings-a76ea7469a96e' \r\n                                       data-rater-starsize='32' \r\n                                       data-rating='3.8'>\r\n                                  <\/div>\n\n\n\n<p><br><\/p>\n<\/div>\n<\/div>\n\n\n\n<hr class=\"wp-block-separator has-alpha-channel-opacity\" style=\"margin-top:var(--wp--preset--spacing--80);margin-bottom:var(--wp--preset--spacing--80)\"\/>\n\n\n\n<div class=\"wp-block-columns is-layout-flex wp-container-core-columns-layout-2 wp-block-columns-is-layout-flex\">\n<div class=\"wp-block-column is-layout-flow wp-block-column-is-layout-flow\">\n<pre class=\"wp-block-code\"><code>&#091;<span style=\"background-color: initial; color: initial;\">yasr_pro_commentsaires_ratings_progressbars<\/span>]<\/code><\/pre>\n\n\n\n<p>Ce shortcode montre comment les votes sont r\u00e9partis.<\/p>\n\n\n\n<p><a href=\"https:\/\/yetanotherstarsrating.com\/docs\/yasr_pro_commentsaires_ratings_progressbars\/\">Documentation<\/a><\/p>\n\n\n<div id=\"yasr-pro-comment-reviews-stats-aaa579726e9a6\" class=\"yasr-pro-comment-reviews-stats\"><div class='yasr-progress-bar-row-container yasr-w3-container'>\r\n                    <div class='yasr-progress-bar-name'> 5 \u00e9toiles <\/div>\r\n                    <div class='yasr-single-progress-bar-container'>\r\n                        <div class='yasr-w3-border'>\r\n                            <div class='yasr-w3-amber' style='height:17px;width:30.77%'><\/div>\r\n                        <\/div>\r\n                    <\/div>\r\n                    <div class='yasr-progress-bar-votes-count'>4<\/div>\r\n                    <br \/>\r\n              <\/div><div class='yasr-progress-bar-row-container yasr-w3-container'>\r\n                    <div class='yasr-progress-bar-name'> 4 \u00e9toiles <\/div>\r\n                    <div class='yasr-single-progress-bar-container'>\r\n                        <div class='yasr-w3-border'>\r\n                            <div class='yasr-w3-amber' style='height:17px;width:46.15%'><\/div>\r\n                        <\/div>\r\n                    <\/div>\r\n                    <div class='yasr-progress-bar-votes-count'>6<\/div>\r\n                    <br \/>\r\n              <\/div><div class='yasr-progress-bar-row-container yasr-w3-container'>\r\n                    <div class='yasr-progress-bar-name'> 3 \u00e9toiles <\/div>\r\n                    <div class='yasr-single-progress-bar-container'>\r\n                        <div class='yasr-w3-border'>\r\n                            <div class='yasr-w3-amber' style='height:17px;width:7.69%'><\/div>\r\n                        <\/div>\r\n                    <\/div>\r\n                    <div class='yasr-progress-bar-votes-count'>1<\/div>\r\n                    <br \/>\r\n              <\/div><div class='yasr-progress-bar-row-container yasr-w3-container'>\r\n                    <div class='yasr-progress-bar-name'> 2 \u00e9toiles <\/div>\r\n                    <div class='yasr-single-progress-bar-container'>\r\n                        <div class='yasr-w3-border'>\r\n                            <div class='yasr-w3-amber' style='height:17px;width:7.69%'><\/div>\r\n                        <\/div>\r\n                    <\/div>\r\n                    <div class='yasr-progress-bar-votes-count'>1<\/div>\r\n                    <br \/>\r\n              <\/div><div class='yasr-progress-bar-row-container yasr-w3-container'>\r\n                    <div class='yasr-progress-bar-name'> 1 \u00e9toile <\/div>\r\n                    <div class='yasr-single-progress-bar-container'>\r\n                        <div class='yasr-w3-border'>\r\n                            <div class='yasr-w3-amber' style='height:17px;width:7.69%'><\/div>\r\n                        <\/div>\r\n                    <\/div>\r\n                    <div class='yasr-progress-bar-votes-count'>1<\/div>\r\n                    <br \/>\r\n              <\/div><\/div>\n<\/div>\n<\/div>\n\n\n\n<hr class=\"wp-block-separator has-alpha-channel-opacity\" style=\"margin-top:var(--wp--preset--spacing--80);margin-bottom:var(--wp--preset--spacing--80)\"\/>\n\n\n\n<div class=\"wp-block-columns is-layout-flex wp-container-core-columns-layout-3 wp-block-columns-is-layout-flex\">\n<div class=\"wp-block-column is-layout-flow wp-block-column-is-layout-flow\">\n<pre class=\"wp-block-code\"><code>&#091;<span style=\"background-color: initial; color: initial;\">yasr_pro_ur_ranking<\/span>]<\/code><\/pre>\n\n\n\n<p>Ce shortcode affiche les articles les plus comment\u00e9s.<\/p>\n\n\n\n<p><a href=\"https:\/\/yetanotherstarsrating.com\/docs\/yasr_pro_ur_ranking\/\">Documentation<\/a><\/p>\n\n\n<!-- Yasr Most Or Highest Rated Shortcode --><table\r\n                                          class='yasr-rankings yasr-stars-rankings'\r\n                                          id='yasr_vv_ranking_aa50d766e7aa9'\r\n                                          data-ranking-data='{&quot;most&quot;:[{&quot;post_id&quot;:2900,&quot;rating&quot;:3.8,&quot;number_of_votes&quot;:13,&quot;title&quot;:&quot;User Reviews&quot;,&quot;link&quot;:&quot;https:\\\/\\\/yetanotherstarsrating.com\\\/fr\\\/commentaires-dans-les-commentaires\\\/&quot;},{&quot;post_id&quot;:13782,&quot;rating&quot;:5,&quot;number_of_votes&quot;:1,&quot;title&quot;:&quot;Ratings in comments&quot;,&quot;link&quot;:&quot;https:\\\/\\\/yetanotherstarsrating.com\\\/fr\\\/notes-dans-les-commentaires\\\/&quot;},{&quot;post_id&quot;:11929,&quot;rating&quot;:4,&quot;number_of_votes&quot;:1,&quot;title&quot;:&quot;Yet Another Test Post&quot;,&quot;link&quot;:&quot;https:\\\/\\\/yetanotherstarsrating.com\\\/fr\\\/encore-un-post-de-test\\\/&quot;}],&quot;highest&quot;:[{&quot;post_id&quot;:13782,&quot;rating&quot;:5,&quot;number_of_votes&quot;:1,&quot;title&quot;:&quot;Ratings in comments&quot;,&quot;link&quot;:&quot;https:\\\/\\\/yetanotherstarsrating.com\\\/fr\\\/notes-dans-les-commentaires\\\/&quot;},{&quot;post_id&quot;:11929,&quot;rating&quot;:4,&quot;number_of_votes&quot;:1,&quot;title&quot;:&quot;Yet Another Test Post&quot;,&quot;link&quot;:&quot;https:\\\/\\\/yetanotherstarsrating.com\\\/fr\\\/encore-un-post-de-test\\\/&quot;},{&quot;post_id&quot;:2900,&quot;rating&quot;:3.8,&quot;number_of_votes&quot;:13,&quot;title&quot;:&quot;User Reviews&quot;,&quot;link&quot;:&quot;https:\\\/\\\/yetanotherstarsrating.com\\\/fr\\\/commentaires-dans-les-commentaires\\\/&quot;}]}'\r\n                                          data-ranking-source='\"comments\"'\r\n                                          data-ranking-params='\"order_by=DESC&limit=10&view=most&start_date=0&end_date=0&required_votes%5Bmost%5D=1&required_votes%5Bhighest%5D=1\"'\r\n                                          data-ranking-size='24'\r\n                                          data-ranking-nonce='\"55a32e793e\"'\r\n                                          ><\/table><!--End Yasr TMost Or Highest Rated Shortcode -->\n<\/div>\n<\/div>\n\n\n\n<hr class=\"wp-block-separator has-alpha-channel-opacity\" style=\"margin-top:var(--wp--preset--spacing--80);margin-bottom:var(--wp--preset--spacing--80)\"\/>\n\n\n\n<div class=\"wp-block-columns is-layout-flex wp-container-core-columns-layout-4 wp-block-columns-is-layout-flex\">\n<div class=\"wp-block-column is-layout-flow wp-block-column-is-layout-flow\">\n<pre class=\"wp-block-code\"><code>&#091;<span style=\"background-color: initial; color: initial;\">yasr_pro_average_comments_multiset<\/span>]<\/code><\/pre>\n\n\n\n<p>Imprimez un Multi Set avec les notes moyennes des commentaires.<\/p>\n\n\n\n<p><a href=\"https:\/\/yetanotherstarsrating.com\/docs\/yasr_pro_average_comments_multiset\/\">Documentation<\/a><\/p>\n\n\n<table class=\"yasr_table_multi_set_shortcode yasr_pro_average_review_multi\"><tr>\r\n                    <td>\r\n                         <span class=\"yasr-multi-set-name-field\">Histoire<\/span>\r\n                    <\/td>\r\n                    <td><div class='yasr-multiset-visitors-rater'\r\n                    id='yasr-multiset-aa7a9c76ae6b7' \r\n                    data-rater-postid='2900'\r\n                    data-rater-setid='1'\r\n                    data-rater-set-field-id='1' \r\n                    data-rating='5'\r\n                    data-rater-readonly='true'>\r\n                <\/div><span class=\"yasr-visitor-multiset-vote-count\">1<\/span><\/td>\r\n              <\/tr><tr>\r\n                    <td>\r\n                         <span class=\"yasr-multi-set-name-field\">Gameplay<\/span>\r\n                    <\/td>\r\n                    <td><div class='yasr-multiset-visitors-rater'\r\n                    id='yasr-multiset-ae66cbfa7a9a7' \r\n                    data-rater-postid='2900'\r\n                    data-rater-setid='1'\r\n                    data-rater-set-field-id='2' \r\n                    data-rating='5'\r\n                    data-rater-readonly='true'>\r\n                <\/div><span class=\"yasr-visitor-multiset-vote-count\">1<\/span><\/td>\r\n              <\/tr><tr>\r\n                    <td>\r\n                         <span class=\"yasr-multi-set-name-field\">Graphique<\/span>\r\n                    <\/td>\r\n                    <td><div class='yasr-multiset-visitors-rater'\r\n                    id='yasr-multiset-ae73aca6ac697' \r\n                    data-rater-postid='2900'\r\n                    data-rater-setid='1'\r\n                    data-rater-set-field-id='3' \r\n                    data-rating='5'\r\n                    data-rater-readonly='true'>\r\n                <\/div><span class=\"yasr-visitor-multiset-vote-count\">1<\/span><\/td>\r\n              <\/tr><tr>\r\n                    <td>\r\n                         <span class=\"yasr-multi-set-name-field\">Son<\/span>\r\n                    <\/td>\r\n                    <td><div class='yasr-multiset-visitors-rater'\r\n                    id='yasr-multiset-6ac7c75e9aaa6' \r\n                    data-rater-postid='2900'\r\n                    data-rater-setid='1'\r\n                    data-rater-set-field-id='4' \r\n                    data-rating='5'\r\n                    data-rater-readonly='true'>\r\n                <\/div><span class=\"yasr-visitor-multiset-vote-count\">1<\/span><\/td>\r\n              <\/tr><tr>\r\n                    <td colspan='2' class='yasr-multiset-average'>\r\n                        <div class='yasr-multiset-average'>\r\n                            <span class='yasr-multiset-average-text'>Moyenne<\/span>\r\n                            <div class='yasr-rater-stars' id='yasr-multiset-a9aead6767a60'\r\n                            data-rating='5' data-rater-readonly='true'\r\n                            data-rater-starsize='24'><\/div>\r\n                        <\/div>\r\n                    <\/td>\r\n                <\/tr><\/table><!-- End Shortcode -->\n<\/div>\n<\/div>\n\n\n\n<hr class=\"wp-block-separator has-alpha-channel-opacity\" style=\"margin-top:var(--wp--preset--spacing--80);margin-bottom:var(--wp--preset--spacing--80)\"\/>\n\n\n\n<h3 class=\"wp-block-heading\" style=\"margin-top:var(--wp--preset--spacing--80);margin-bottom:var(--wp--preset--spacing--80)\"><span style=\"color:#FF8F00;\">Captures d'\u00e9cran<\/span><\/h3>\n\n\n\n<figure class=\"wp-block-gallery has-nested-images columns-default is-cropped wp-block-gallery-1 is-layout-flex wp-block-gallery-is-layout-flex\">\n<figure class=\"wp-block-image size-large\"><a href=\"https:\/\/yetanotherstarsrating.com\/wp-content\/uploads\/2022\/01\/yasr-user-review-settings.png\"><img fetchpriority=\"high\" decoding=\"async\" width=\"1024\" height=\"576\" data-id=\"12302\" src=\"https:\/\/yetanotherstarsrating.com\/wp-content\/uploads\/2022\/01\/yasr-user-review-settings-1024x576.png\" alt=\"yasr-user-review-settings\" class=\"wp-image-12302\" srcset=\"https:\/\/yetanotherstarsrating.com\/wp-content\/uploads\/2022\/01\/yasr-user-review-settings-1024x576.png 1024w, https:\/\/yetanotherstarsrating.com\/wp-content\/uploads\/2022\/01\/yasr-user-review-settings-300x169.png 300w, https:\/\/yetanotherstarsrating.com\/wp-content\/uploads\/2022\/01\/yasr-user-review-settings-768x432.png 768w, https:\/\/yetanotherstarsrating.com\/wp-content\/uploads\/2022\/01\/yasr-user-review-settings-1536x864.png 1536w, https:\/\/yetanotherstarsrating.com\/wp-content\/uploads\/2022\/01\/yasr-user-review-settings.png 1918w\" sizes=\"(max-width: 1024px) 100vw, 1024px\" \/><\/a><\/figure>\n\n\n\n<figure class=\"wp-block-image size-large\"><a href=\"https:\/\/yetanotherstarsrating.com\/wp-content\/uploads\/2022\/01\/yasr-user-review-guten.png\"><img decoding=\"async\" width=\"1024\" height=\"483\" data-id=\"12303\" src=\"https:\/\/yetanotherstarsrating.com\/wp-content\/uploads\/2022\/01\/yasr-user-review-guten-1024x483.png\" alt=\"yasr-user-review-guten\" class=\"wp-image-12303\" srcset=\"https:\/\/yetanotherstarsrating.com\/wp-content\/uploads\/2022\/01\/yasr-user-review-guten-1024x483.png 1024w, https:\/\/yetanotherstarsrating.com\/wp-content\/uploads\/2022\/01\/yasr-user-review-guten-300x141.png 300w, https:\/\/yetanotherstarsrating.com\/wp-content\/uploads\/2022\/01\/yasr-user-review-guten-768x362.png 768w, https:\/\/yetanotherstarsrating.com\/wp-content\/uploads\/2022\/01\/yasr-user-review-guten-1536x724.png 1536w, https:\/\/yetanotherstarsrating.com\/wp-content\/uploads\/2022\/01\/yasr-user-review-guten.png 1920w\" sizes=\"(max-width: 1024px) 100vw, 1024px\" \/><\/a><figcaption class=\"wp-element-caption\">yasr-user-review-guten<\/figcaption><\/figure>\n\n\n\n<figure class=\"wp-block-image size-large\"><a href=\"https:\/\/yetanotherstarsrating.com\/wp-content\/uploads\/2022\/01\/yasr-user-review-classic.png\"><img decoding=\"async\" width=\"1024\" height=\"479\" data-id=\"12310\" src=\"https:\/\/yetanotherstarsrating.com\/wp-content\/uploads\/2022\/01\/yasr-user-review-classic-1024x479.png\" alt=\"yasr-user-review-classic\" class=\"wp-image-12310\" srcset=\"https:\/\/yetanotherstarsrating.com\/wp-content\/uploads\/2022\/01\/yasr-user-review-classic-1024x479.png 1024w, https:\/\/yetanotherstarsrating.com\/wp-content\/uploads\/2022\/01\/yasr-user-review-classic-300x140.png 300w, https:\/\/yetanotherstarsrating.com\/wp-content\/uploads\/2022\/01\/yasr-user-review-classic-768x359.png 768w, https:\/\/yetanotherstarsrating.com\/wp-content\/uploads\/2022\/01\/yasr-user-review-classic-1536x718.png 1536w, https:\/\/yetanotherstarsrating.com\/wp-content\/uploads\/2022\/01\/yasr-user-review-classic.png 1914w\" sizes=\"(max-width: 1024px) 100vw, 1024px\" \/><\/a><figcaption class=\"wp-element-caption\">yasr-user-review-classic<\/figcaption><\/figure>\n<\/figure>","protected":false},"excerpt":{"rendered":"<p>Impliquez vos visiteurs avec des commentaires d'utilisateurs ! YASR Pro permet \u00e0 vos visiteurs d'\u00e9valuer un article, une page ou un type d'article personnalis\u00e9 rapidement et facilement ! Avec YASR Pro, vous pourrez \u00e9tendre le formulaire de commentaire standard de WordPress en ajoutant deux nouveaux champs afin d'ins\u00e9rer la note globale et le titre de l'article. Vous pouvez [...]<\/p>","protected":false},"author":797,"featured_media":0,"parent":0,"menu_order":0,"comment_status":"open","ping_status":"closed","template":"","meta":{"inline_featured_image":false,"site-sidebar-layout":"default","site-content-layout":"","ast-site-content-layout":"","site-content-style":"default","site-sidebar-style":"default","ast-global-header-display":"","ast-banner-title-visibility":"","ast-main-header-display":"","ast-hfb-above-header-display":"","ast-hfb-below-header-display":"","ast-hfb-mobile-header-display":"","site-post-title":"","ast-breadcrumbs-content":"","ast-featured-img":"","footer-sml-layout":"","theme-transparent-header-meta":"","adv-header-id-meta":"","stick-header-meta":"","header-above-stick-meta":"","header-main-stick-meta":"","header-below-stick-meta":"","astra-migrate-meta-layouts":"default","ast-page-background-enabled":"default","ast-page-background-meta":{"desktop":{"background-color":"var(--ast-global-color-4)","background-image":"","background-repeat":"repeat","background-position":"center center","background-size":"auto","background-attachment":"scroll","background-type":"","background-media":"","overlay-type":"","overlay-color":"","overlay-gradient":""},"tablet":{"background-color":"","background-image":"","background-repeat":"repeat","background-position":"center center","background-size":"auto","background-attachment":"scroll","background-type":"","background-media":"","overlay-type":"","overlay-color":"","overlay-gradient":""},"mobile":{"background-color":"","background-image":"","background-repeat":"repeat","background-position":"center center","background-size":"auto","background-attachment":"scroll","background-type":"","background-media":"","overlay-type":"","overlay-color":"","overlay-gradient":""}},"ast-content-background-meta":{"desktop":{"background-color":"var(--ast-global-color-5)","background-image":"","background-repeat":"repeat","background-position":"center center","background-size":"auto","background-attachment":"scroll","background-type":"","background-media":"","overlay-type":"","overlay-color":"","overlay-gradient":""},"tablet":{"background-color":"var(--ast-global-color-5)","background-image":"","background-repeat":"repeat","background-position":"center center","background-size":"auto","background-attachment":"scroll","background-type":"","background-media":"","overlay-type":"","overlay-color":"","overlay-gradient":""},"mobile":{"background-color":"var(--ast-global-color-5)","background-image":"","background-repeat":"repeat","background-position":"center center","background-size":"auto","background-attachment":"scroll","background-type":"","background-media":"","overlay-type":"","overlay-color":"","overlay-gradient":""}},"yasr_overall_rating":0,"yasr_post_is_review":"","yasr_auto_insert_disabled":"","yasr_review_type":"","yasr_pro_reviews_in_comment_enabled":1,"footnotes":""},"yasr_visitor_votes":{"stars_attributes":{"read_only":false,"span_bottom":false},"number_of_votes":0,"sum_votes":0},"_links":{"self":[{"href":"https:\/\/yetanotherstarsrating.com\/fr\/wp-json\/wp\/v2\/pages\/2900"}],"collection":[{"href":"https:\/\/yetanotherstarsrating.com\/fr\/wp-json\/wp\/v2\/pages"}],"about":[{"href":"https:\/\/yetanotherstarsrating.com\/fr\/wp-json\/wp\/v2\/types\/page"}],"author":[{"embeddable":true,"href":"https:\/\/yetanotherstarsrating.com\/fr\/wp-json\/wp\/v2\/users\/797"}],"replies":[{"embeddable":true,"href":"https:\/\/yetanotherstarsrating.com\/fr\/wp-json\/wp\/v2\/comments?post=2900"}],"version-history":[{"count":64,"href":"https:\/\/yetanotherstarsrating.com\/fr\/wp-json\/wp\/v2\/pages\/2900\/revisions"}],"predecessor-version":[{"id":14207,"href":"https:\/\/yetanotherstarsrating.com\/fr\/wp-json\/wp\/v2\/pages\/2900\/revisions\/14207"}],"wp:attachment":[{"href":"https:\/\/yetanotherstarsrating.com\/fr\/wp-json\/wp\/v2\/media?parent=2900"}],"curies":[{"name":"wp","href":"https:\/\/api.w.org\/{rel}","templated":true}]}}