{"id":5399,"date":"2015-12-17T13:46:58","date_gmt":"2015-12-17T12:46:58","guid":{"rendered":"https:\/\/test.yetanotherstarsrating.com\/?page_id=5399"},"modified":"2023-09-07T06:27:49","modified_gmt":"2023-09-07T04:27:49","slug":"yasr-custom-rankings","status":"publish","type":"page","link":"https:\/\/yetanotherstarsrating.com\/fr\/classement-personnalise-yasr\/","title":{"rendered":"Classement personnalis\u00e9 Yasr"},"content":{"rendered":"<h2 class=\"wp-block-heading\">Personnalisez vos classements avec <span style=\"color:var( --e-global-color-accent );\">Yasr Pro !<\/span><\/h2>\n\n\n\n<p>Avez-vous besoin de plus de flexibilit\u00e9 de la part de YASR Rankings ? <\/p>\n\n\n\n<p>Avec YASR Pro, vous b\u00e9n\u00e9ficiez de toute la flexibilit\u00e9 dont vous avez besoin ! <\/p>\n\n\n\n<p>Vous serez en mesure de :<\/p>\n\n\n\n<ul>\n<li>Obtenir l'\u00e9valuation d'une ou plusieurs cat\u00e9gories ou d'un type d'article personnalis\u00e9<\/li>\n\n\n\n<li>Personnaliser le nombre de lignes \u00e0 afficher<\/li>\n\n\n\n<li>Modifier la taille des \u00e9toiles<\/li>\n\n\n\n<li>Ins\u00e9rer un texte personnalis\u00e9 \u00e0 afficher avant ou apr\u00e8s les \u00e9toiles<\/li>\n\n\n\n<li>Dans le classement \"Votes des visiteurs\", il est possible de s\u00e9lectionner une fourchette de scores, et de choisir l'affichage par d\u00e9faut entre \"le mieux not\u00e9\" et \"le mieux not\u00e9\"<\/li>\n\n\n\n<li>Dans le tableau \"R\u00e9viseurs les plus actifs et Utilisateurs les plus actifs\", il est possible d'afficher le \"nom d'affichage\" ou le \"nom d'utilisateur\"<\/li>\n\n\n\n<li>S\u00e9lectionner les dates de d\u00e9but et de fin<\/li>\n<\/ul>\n\n\n\n<p>Il vous suffit de vous rendre dans la rubrique Encore un autre classement d'\u00e9toiles : Param\u00e8tres -&gt; Classement pour voir toutes les options disponibles.<\/p>\n\n\n\n<figure class=\"wp-block-embed is-type-video is-provider-youtube wp-block-embed-youtube wp-embed-aspect-16-9 wp-has-aspect-ratio\"><div class=\"wp-block-embed__wrapper\">\n<div class=\"ast-oembed-container\" style=\"height: 100%;\"><iframe title=\"Yasr Pro - Comment personnaliser les classements.\" width=\"500\" height=\"281\" src=\"https:\/\/www.youtube.com\/embed\/L4jgc48GfJQ?feature=oembed\" frameborder=\"0\" allow=\"accelerometer; autoplay; clipboard-write; encrypted-media; gyroscope; picture-in-picture; web-share\" allowfullscreen><\/iframe><\/div>\n<\/div><\/figure>","protected":false},"excerpt":{"rendered":"<p>Personnalisez vos classements avec Yasr Pro ! Vous avez besoin de plus de flexibilit\u00e9 avec YASR Rankings ? Vous obtiendrez toute la flexibilit\u00e9 dont vous avez besoin avec YASR Pro ! Vous pourrez : Aller sur Yet Another Stars Rating : Param\u00e8tres -&gt; Classements pour voir toutes les options disponibles.<\/p>","protected":false},"author":797,"featured_media":0,"parent":0,"menu_order":0,"comment_status":"open","ping_status":"closed","template":"","meta":{"inline_featured_image":false,"site-sidebar-layout":"default","site-content-layout":"","ast-site-content-layout":"default","site-content-style":"default","site-sidebar-style":"default","ast-global-header-display":"","ast-banner-title-visibility":"","ast-main-header-display":"","ast-hfb-above-header-display":"","ast-hfb-below-header-display":"","ast-hfb-mobile-header-display":"","site-post-title":"","ast-breadcrumbs-content":"","ast-featured-img":"","footer-sml-layout":"","theme-transparent-header-meta":"default","adv-header-id-meta":"","stick-header-meta":"","header-above-stick-meta":"","header-main-stick-meta":"","header-below-stick-meta":"","astra-migrate-meta-layouts":"set","ast-page-background-enabled":"default","ast-page-background-meta":{"desktop":{"background-color":"var(--ast-global-color-4)","background-image":"","background-repeat":"repeat","background-position":"center center","background-size":"auto","background-attachment":"scroll","background-type":"","background-media":"","overlay-type":"","overlay-color":"","overlay-gradient":""},"tablet":{"background-color":"","background-image":"","background-repeat":"repeat","background-position":"center center","background-size":"auto","background-attachment":"scroll","background-type":"","background-media":"","overlay-type":"","overlay-color":"","overlay-gradient":""},"mobile":{"background-color":"","background-image":"","background-repeat":"repeat","background-position":"center center","background-size":"auto","background-attachment":"scroll","background-type":"","background-media":"","overlay-type":"","overlay-color":"","overlay-gradient":""}},"ast-content-background-meta":{"desktop":{"background-color":"var(--ast-global-color-5)","background-image":"","background-repeat":"repeat","background-position":"center center","background-size":"auto","background-attachment":"scroll","background-type":"","background-media":"","overlay-type":"","overlay-color":"","overlay-gradient":""},"tablet":{"background-color":"var(--ast-global-color-5)","background-image":"","background-repeat":"repeat","background-position":"center center","background-size":"auto","background-attachment":"scroll","background-type":"","background-media":"","overlay-type":"","overlay-color":"","overlay-gradient":""},"mobile":{"background-color":"var(--ast-global-color-5)","background-image":"","background-repeat":"repeat","background-position":"center center","background-size":"auto","background-attachment":"scroll","background-type":"","background-media":"","overlay-type":"","overlay-color":"","overlay-gradient":""}},"yasr_overall_rating":0,"yasr_post_is_review":"","yasr_auto_insert_disabled":"","yasr_review_type":"","yasr_pro_reviews_in_comment_enabled":0,"footnotes":""},"yasr_visitor_votes":{"stars_attributes":{"read_only":false,"span_bottom":false},"number_of_votes":0,"sum_votes":0},"_links":{"self":[{"href":"https:\/\/yetanotherstarsrating.com\/fr\/wp-json\/wp\/v2\/pages\/5399"}],"collection":[{"href":"https:\/\/yetanotherstarsrating.com\/fr\/wp-json\/wp\/v2\/pages"}],"about":[{"href":"https:\/\/yetanotherstarsrating.com\/fr\/wp-json\/wp\/v2\/types\/page"}],"author":[{"embeddable":true,"href":"https:\/\/yetanotherstarsrating.com\/fr\/wp-json\/wp\/v2\/users\/797"}],"replies":[{"embeddable":true,"href":"https:\/\/yetanotherstarsrating.com\/fr\/wp-json\/wp\/v2\/comments?post=5399"}],"version-history":[{"count":19,"href":"https:\/\/yetanotherstarsrating.com\/fr\/wp-json\/wp\/v2\/pages\/5399\/revisions"}],"predecessor-version":[{"id":13571,"href":"https:\/\/yetanotherstarsrating.com\/fr\/wp-json\/wp\/v2\/pages\/5399\/revisions\/13571"}],"wp:attachment":[{"href":"https:\/\/yetanotherstarsrating.com\/fr\/wp-json\/wp\/v2\/media?parent=5399"}],"curies":[{"name":"wp","href":"https:\/\/api.w.org\/{rel}","templated":true}]}}